{"id":14646,"date":"2024-05-28T16:23:30","date_gmt":"2024-05-28T14:23:30","guid":{"rendered":"https:\/\/arcora.de\/de\/?post_type=product&#038;p=14646"},"modified":"2024-08-06T15:12:13","modified_gmt":"2024-08-06T13:12:13","slug":"arspray-professionelle-premium-spruehflasche","status":"publish","type":"product","link":"https:\/\/arcora.de\/de\/produkt\/arspray-professionelle-premium-spruehflasche\/","title":{"rendered":"ARSPRAY PROFESSIONELLE PREMIUM SPR\u00dcHFLASCHE 600"},"content":{"rendered":"<p>BLAU: Oberfl\u00e4chenreinigung allgemein<\/p>\n<p>GR\u00dcN: Spr\u00fchreinigung Boden<\/p>\n<p>ROT: Sanit\u00e4rbereich\/WC\u00b4s, Urinale<\/p>\n<p>GELB: Oberfl\u00e4chenreinigung K\u00fcchen<\/p>\n<p>WEISS: Desinfektion oder sonstige Bereiche<\/p>\n","protected":false},"excerpt":{"rendered":"<p>Die robusten, handlichen und wiederbef\u00fcllbaren PROFI SPR\u00dcHFLASCHEN eignen sich hervorragend f\u00fcr den Einsatz mit dem ARCORA conGRANULATion System. Die verschiedenen Farben erm\u00f6glichen die Nutzung in unterschiedlichen Bereichen. Gute Best\u00e4ndigkeit gegen Chemikalien.<\/p>\n","protected":false},"featured_media":14765,"template":"","meta":[],"product_brand":[],"product_cat":[104],"product_tag":[],"class_list":{"0":"post-14646","1":"product","2":"type-product","3":"status-publish","4":"has-post-thumbnail","6":"product_cat-zubehoer","8":"first","9":"instock","10":"shipping-taxable","11":"product-type-simple","12":"prodpage-classic"},"_links":{"self":[{"href":"https:\/\/arcora.de\/de\/wp-json\/wp\/v2\/product\/14646","targetHints":{"allow":["GET"]}}],"collection":[{"href":"https:\/\/arcora.de\/de\/wp-json\/wp\/v2\/product"}],"about":[{"href":"https:\/\/arcora.de\/de\/wp-json\/wp\/v2\/types\/product"}],"wp:featuredmedia":[{"embeddable":true,"href":"https:\/\/arcora.de\/de\/wp-json\/wp\/v2\/media\/14765"}],"wp:attachment":[{"href":"https:\/\/arcora.de\/de\/wp-json\/wp\/v2\/media?parent=14646"}],"wp:term":[{"taxonomy":"product_brand","embeddable":true,"href":"https:\/\/arcora.de\/de\/wp-json\/wp\/v2\/product_brand?post=14646"},{"taxonomy":"product_cat","embeddable":true,"href":"https:\/\/arcora.de\/de\/wp-json\/wp\/v2\/product_cat?post=14646"},{"taxonomy":"product_tag","embeddable":true,"href":"https:\/\/arcora.de\/de\/wp-json\/wp\/v2\/product_tag?post=14646"}],"curies":[{"name":"wp","href":"https:\/\/api.w.org\/{rel}","templated":true}]}}