{"id":14649,"date":"2024-05-28T17:05:18","date_gmt":"2024-05-28T15:05:18","guid":{"rendered":"https:\/\/arcora.de\/de\/?post_type=product&#038;p=14649"},"modified":"2024-08-06T15:23:25","modified_gmt":"2024-08-06T13:23:25","slug":"multi-mopp-weiss-tl","status":"publish","type":"product","link":"https:\/\/arcora.de\/de\/produkt\/multi-mopp-weiss-tl\/","title":{"rendered":"MULTI MOPP WEISS TL"},"content":{"rendered":"<p><strong>Eigenschaften:<\/strong><br \/>\n\u2022 Optimale Schmutz- und Wasseraufnahme<br \/>\n\u2022 Hohe Fl\u00e4chenleistung dank h\u00f6herer Grammatur<br \/>\n\u2022 Sehr gute Gleiteigenschaften f\u00fcr ein erm\u00fcdungsfreies Arbeiten<br \/>\n\u2022 Rei\u00dffeste und wasserdurchl\u00e4ssige Polyestertaschen<br \/>\n\u2022 Lange Lebensdauer durch hochwertiges Herstellungsverfahren<\/p>\n<p><strong>Anwendungsbereiche:<\/strong><br \/>\n\u2022 Unterhaltsreinigung<br \/>\n\u2022 Grundreinigung<br \/>\n\u2022 Nass- und Trockenreinigung<\/p>\n<p><strong>Zielgruppen:<\/strong><br \/>\n\u2022 Gesundheitswesen<br \/>\n\u2022 Geb\u00e4udereiniger<br \/>\n\u2022 Industrie<br \/>\n\u2022 \u00d6ffentliche Bereiche<\/p>\n<p><strong>Bodenbel\u00e4ge:<\/strong><br \/>\n\u2022\u00a0Elastische Bel\u00e4ge<br \/>\n\u2022\u00a0Hartbel\u00e4ge<br \/>\n\u2022\u00a0Feinsteinzeug<br \/>\n\u2022 Steinb\u00f6den<br \/>\n\u2022\u00a0Fliesen<br \/>\n\u2022 Laminatb\u00f6den<br \/>\n\u2022\u00a0Ideal f\u00fcr glatte und Bodenbel\u00e4ge<\/p>\n","protected":false},"excerpt":{"rendered":"<p>Das Deckblatt wird aus 50% Edelbaumwolle und 50% Polyester hergestellt. Um eine optimale Saugf\u00e4higkeit des Bezuges zu erm\u00f6glichen, ist dieses Mischungsverh\u00e4ltnis empfehlenswert.Das Material der Taschen wird aus 100% gewebtem Polyester hergestellt und mit einer Schwammeinlage verst\u00e4rkt, um das Gleiten des Halters zu unterst\u00fctzen. Zus\u00e4tzlich sorgt die speziell gewebte Lasche f\u00fcr eine optimale Laschenfixierung auf dem Tasche-Lasche-Klapphalter.<\/p>\n<p>&nbsp;<\/p>\n<p><a href=\"https:\/\/arcora.de\/de\/wp-content\/uploads\/2024\/07\/MULTI-MOPP-TL.pdf\" target=\"_blank\" rel=\"noopener noreferrer\"><img loading=\"lazy\" decoding=\"async\" class=\"alignnone wp-image-6442\" src=\"https:\/\/arcora.de\/de\/wp-content\/uploads\/2019\/03\/Produkt.png\" alt=\"\" width=\"223\" height=\"38\" \/><\/a><\/p>\n","protected":false},"featured_media":14838,"template":"","meta":[],"product_brand":[],"product_cat":[139,214],"product_tag":[],"class_list":{"0":"post-14649","1":"product","2":"type-product","3":"status-publish","4":"has-post-thumbnail","6":"product_cat-reinigungstextilien","7":"product_cat-taschen-und-laschen-mopp","9":"first","10":"instock","11":"shipping-taxable","12":"product-type-simple","13":"prodpage-classic"},"_links":{"self":[{"href":"https:\/\/arcora.de\/de\/wp-json\/wp\/v2\/product\/14649","targetHints":{"allow":["GET"]}}],"collection":[{"href":"https:\/\/arcora.de\/de\/wp-json\/wp\/v2\/product"}],"about":[{"href":"https:\/\/arcora.de\/de\/wp-json\/wp\/v2\/types\/product"}],"wp:featuredmedia":[{"embeddable":true,"href":"https:\/\/arcora.de\/de\/wp-json\/wp\/v2\/media\/14838"}],"wp:attachment":[{"href":"https:\/\/arcora.de\/de\/wp-json\/wp\/v2\/media?parent=14649"}],"wp:term":[{"taxonomy":"product_brand","embeddable":true,"href":"https:\/\/arcora.de\/de\/wp-json\/wp\/v2\/product_brand?post=14649"},{"taxonomy":"product_cat","embeddable":true,"href":"https:\/\/arcora.de\/de\/wp-json\/wp\/v2\/product_cat?post=14649"},{"taxonomy":"product_tag","embeddable":true,"href":"https:\/\/arcora.de\/de\/wp-json\/wp\/v2\/product_tag?post=14649"}],"curies":[{"name":"wp","href":"https:\/\/api.w.org\/{rel}","templated":true}]}}