{"id":14655,"date":"2024-05-29T11:07:28","date_gmt":"2024-05-29T09:07:28","guid":{"rendered":"https:\/\/arcora.de\/de\/?post_type=product&#038;p=14655"},"modified":"2025-01-22T16:59:50","modified_gmt":"2025-01-22T15:59:50","slug":"eco-black-s5q","status":"publish","type":"product","link":"https:\/\/arcora.de\/de\/produkt\/eco-black-s5q\/","title":{"rendered":"ECO BLACK S5Q"},"content":{"rendered":"<p><strong>Eigenschaften:<br \/>\n<\/strong><\/p>\n<p>\u2022 Stabile Bauweise, kippsicher<br \/>\n\u2022 Leichte Handhabung<br \/>\n\u2022 Zubeh\u00f6raufbewahrung am Ger\u00e4t<br \/>\n\u2022 Parkposition f\u00fcr Bodend\u00fcse<br \/>\n\u2022 4-fach gefiltert \u2192 Langlebigkeit des Motors<br \/>\n\u2022 Inklusive Bodend\u00fcse, Fugend\u00fcse, Rundb\u00fcrste, Filterbeutel, Saugschlauch, Saugrohr und Vliesfilterbeutel<\/p>\n<p><strong>Technische Daten:<\/strong><br \/>\nNetzspannung: 220-240 V \/ 50 Hz<br \/>\nMax. Leistungsaufnahme: 800 W<br \/>\nWassers\u00e4ule: 2200 mm H2O<br \/>\nGer\u00e4uschpegel: 78 dB<br \/>\nVolumen: 10 Liter<br \/>\nKabell\u00e4nge: 10 m<br \/>\nGewicht: 4,2 kg<br \/>\nAbmessungen: 34 x 33 x 31,5 cm<\/p>\n","protected":false},"excerpt":{"rendered":"<p><strong>STAUBSAUGER AUS RECYCELTEM KUNSTSTOFF<\/strong><\/p>\n<p>Kleiner kompakter Staubsauger aus recycelten Materialien (ECOBLACK Technology).<br \/>\nWurde speziell f\u00fcr den professionellen Einsatz und die Anwendung in der Geb\u00e4udereinigung entwickelt.<br \/>\nEin leistungsstarker, langlebiger und zuverl\u00e4ssiger Partner f\u00fcr Hartb\u00f6den und Teppiche.<\/p>\n<p><a href=\"https:\/\/arcora.de\/de\/wp-content\/uploads\/2024\/12\/ARCORA-ECOBLACK-S5Q-STAUBSAUGER-AUS-RECYCELTEM-KUNSTSTOFF-EBS5Q-1.pdf\" target=\"_blank\" rel=\"noopener noreferrer\"><img loading=\"lazy\" decoding=\"async\" class=\"alignnone wp-image-6442\" src=\"https:\/\/arcora.de\/de\/wp-content\/uploads\/2019\/03\/Produkt.png\" alt=\"\" width=\"223\" height=\"38\" \/><\/a><br \/>\n<a href=\"https:\/\/arcora.de\/EN\/wp-content\/uploads\/2024\/12\/USER-MANUAL-ECOBLACK-S5Q.pdf\"><img loading=\"lazy\" decoding=\"async\" class=\"alignleft wp-image-6442\" src=\"https:\/\/arcora.de\/de\/wp-content\/uploads\/2019\/03\/Bedienung.png\" alt=\"\" width=\"223\" height=\"38\" \/><\/a><\/p>\n<p>&nbsp;<\/p>\n<p><a href=\"https:\/\/youtu.be\/uRsPWu7TM-4?si=n7gzYOF1ZGbskxnn\" target=\"_blank\" rel=\"noopener noreferrer\"><img loading=\"lazy\" decoding=\"async\" class=\"alignleft wp-image-6442\" src=\"https:\/\/arcora.de\/de\/wp-content\/uploads\/2025\/01\/VIDEO.png\" alt=\"\" width=\"223\" height=\"38\" \/><\/a><\/p>\n","protected":false},"featured_media":14656,"template":"","meta":[],"product_brand":[],"product_cat":[69,182],"product_tag":[],"class_list":{"0":"post-14655","1":"product","2":"type-product","3":"status-publish","4":"has-post-thumbnail","6":"product_cat-reinigungsmaschinen-und-zubehuer","7":"product_cat-trockensauger","9":"first","10":"instock","11":"shipping-taxable","12":"product-type-simple","13":"prodpage-classic"},"_links":{"self":[{"href":"https:\/\/arcora.de\/de\/wp-json\/wp\/v2\/product\/14655","targetHints":{"allow":["GET"]}}],"collection":[{"href":"https:\/\/arcora.de\/de\/wp-json\/wp\/v2\/product"}],"about":[{"href":"https:\/\/arcora.de\/de\/wp-json\/wp\/v2\/types\/product"}],"wp:featuredmedia":[{"embeddable":true,"href":"https:\/\/arcora.de\/de\/wp-json\/wp\/v2\/media\/14656"}],"wp:attachment":[{"href":"https:\/\/arcora.de\/de\/wp-json\/wp\/v2\/media?parent=14655"}],"wp:term":[{"taxonomy":"product_brand","embeddable":true,"href":"https:\/\/arcora.de\/de\/wp-json\/wp\/v2\/product_brand?post=14655"},{"taxonomy":"product_cat","embeddable":true,"href":"https:\/\/arcora.de\/de\/wp-json\/wp\/v2\/product_cat?post=14655"},{"taxonomy":"product_tag","embeddable":true,"href":"https:\/\/arcora.de\/de\/wp-json\/wp\/v2\/product_tag?post=14655"}],"curies":[{"name":"wp","href":"https:\/\/api.w.org\/{rel}","templated":true}]}}