{"id":14658,"date":"2024-05-29T13:52:04","date_gmt":"2024-05-29T11:52:04","guid":{"rendered":"https:\/\/arcora.de\/de\/?post_type=product&#038;p=14658"},"modified":"2024-10-18T14:44:14","modified_gmt":"2024-10-18T12:44:14","slug":"430bm","status":"publish","type":"product","link":"https:\/\/arcora.de\/de\/produkt\/430bm\/","title":{"rendered":"430BM\/40L"},"content":{"rendered":"<p>Die kompakte handgef\u00fchrte Scheuersaugmaschine ist ideal f\u00fcr die Grund- und Unterhaltsreinigung, besonders von stark frequentierten Bereichen wie z.B. Superm\u00e4rkte, B\u00fcros und \u00f6ffentliche Einrichtungen. Besonders f\u00fcr engere Bereiche geeignet. Zeichnet sich durch Flexibilit\u00e4t, Bedienerfreundlichkeit und einer hervorragenden Reinigungsleistung aus. Fl\u00e4chen werden zuverl\u00e4ssig schnell und r\u00fcckstandslos gereinigt.<\/p>\n","protected":false},"excerpt":{"rendered":"<p><strong>SCHEUERSAUGMASCHINE<\/strong><\/p>\n<p>\u2022 Leichte Handhabung, ergonomisches Design<br \/>\n\u2022 Optimale Reinigungsleistung<br \/>\n\u2022 Robuste kompakte Bauweise<br \/>\n\u2022 Einfacher B\u00fcrsten- und Padhalterwechsel<br \/>\n\u2022 Hohe Wendigkeit<br \/>\n\u2022 Inkl. Ladeger\u00e4t, Batterien, Padhalter,<br \/>\nSchrubbb\u00fcrste<\/p>\n<p>&nbsp;<\/p>\n<p><a href=\"https:\/\/arcora.de\/de\/wp-content\/uploads\/2024\/10\/ARCORA-430-40L-KOMPAKTE-SCHEUERSAUGMASCHIENE-SCR430BM.pdf\" target=\"_blank\" rel=\"noopener noreferrer\"><img loading=\"lazy\" decoding=\"async\" class=\"alignnone wp-image-6442\" src=\"https:\/\/arcora.de\/de\/wp-content\/uploads\/2019\/03\/Produkt.png\" alt=\"\" width=\"223\" height=\"38\" \/><\/a><\/p>\n","protected":false},"featured_media":14667,"template":"","meta":[],"product_brand":[],"product_cat":[69,197],"product_tag":[],"class_list":{"0":"post-14658","1":"product","2":"type-product","3":"status-publish","4":"has-post-thumbnail","6":"product_cat-reinigungsmaschinen-und-zubehuer","7":"product_cat-scheuersaugmaschinen","9":"first","10":"instock","11":"shipping-taxable","12":"product-type-simple","13":"prodpage-classic"},"_links":{"self":[{"href":"https:\/\/arcora.de\/de\/wp-json\/wp\/v2\/product\/14658","targetHints":{"allow":["GET"]}}],"collection":[{"href":"https:\/\/arcora.de\/de\/wp-json\/wp\/v2\/product"}],"about":[{"href":"https:\/\/arcora.de\/de\/wp-json\/wp\/v2\/types\/product"}],"wp:featuredmedia":[{"embeddable":true,"href":"https:\/\/arcora.de\/de\/wp-json\/wp\/v2\/media\/14667"}],"wp:attachment":[{"href":"https:\/\/arcora.de\/de\/wp-json\/wp\/v2\/media?parent=14658"}],"wp:term":[{"taxonomy":"product_brand","embeddable":true,"href":"https:\/\/arcora.de\/de\/wp-json\/wp\/v2\/product_brand?post=14658"},{"taxonomy":"product_cat","embeddable":true,"href":"https:\/\/arcora.de\/de\/wp-json\/wp\/v2\/product_cat?post=14658"},{"taxonomy":"product_tag","embeddable":true,"href":"https:\/\/arcora.de\/de\/wp-json\/wp\/v2\/product_tag?post=14658"}],"curies":[{"name":"wp","href":"https:\/\/api.w.org\/{rel}","templated":true}]}}