{"id":14815,"date":"2024-07-19T13:43:42","date_gmt":"2024-07-19T11:43:42","guid":{"rendered":"https:\/\/arcora.de\/de\/?post_type=product&#038;p=14815"},"modified":"2024-07-19T15:24:06","modified_gmt":"2024-07-19T13:24:06","slug":"ro-man-760br-150l-kopie","status":"publish","type":"product","link":"https:\/\/arcora.de\/de\/produkt\/ro-man-760br-150l-kopie\/","title":{"rendered":"RO-MAN 660BR\/90L"},"content":{"rendered":"<p><strong>Eigenschaften<\/strong><\/p>\n<p>Die akkubetriebene kompakte Aufsitz-Scheuersaugmaschine RO-MAN 660BR\/90L reinigt schnell und komfortabel mittlere bis gro\u00dfe Fl\u00e4chen zuverl\u00e4ssig schnell sowie r\u00fcckstandslos.<br \/>\nDank hoher Reinigungsleistung mit 2 B\u00fcrsten oder 2 Treibtellern und ergonomischer Bedienung wird ein m\u00fcheloses und anwenderfreundliches Reinigen gew\u00e4hrleistet.<br \/>\nEine einfache Bedienung und mechanische Aufbauweise sorgen f\u00fcr einen zuverl\u00e4ssigen und langlebigen Einsatz. Mit einer maximalen Geschwindigkeit von 7 km\/h k\u00f6nnen Sie das Tempo entsprechend der Umgebung und dem Grad der Verschmutzung anpassen. Ein 90 l-Frischwassertank und ein 100 l-Schmutzwassertank erm\u00f6glichen das Reinigen gro\u00dfer Fl\u00e4chen.<\/p>\n","protected":false},"excerpt":{"rendered":"<p><strong>SCHEUERSAUGMASCHINE<\/strong><\/p>\n<p>\u2022 Kompakte und robuste Aufsitz-Maschine<br \/>\n\u2022 Hohe Wendigkeit, ideal auch f\u00fcr engere Bereiche<br \/>\n\u2022 Leiser Betrieb<br \/>\n\u2022 Einfacher B\u00fcrsten- und Treibtellerwechsel<br \/>\n\u2022 Sehr gute Absaugung<\/p>\n<p>&nbsp;<\/p>\n<p><a href=\"https:\/\/arcora.de\/de\/wp-content\/uploads\/2024\/07\/RO-MAN-660BR-AUFSITZ-SCHEUERSAUGMASCHINE.pdf\" target=\"_blank\" rel=\"noopener noreferrer\"><img loading=\"lazy\" decoding=\"async\" class=\"alignnone wp-image-6442\" src=\"https:\/\/arcora.de\/de\/wp-content\/uploads\/2019\/03\/Produkt.png\" alt=\"\" width=\"223\" height=\"38\" \/><\/a><\/p>\n","protected":false},"featured_media":14817,"template":"","meta":[],"product_brand":[],"product_cat":[69,197],"product_tag":[],"class_list":{"0":"post-14815","1":"product","2":"type-product","3":"status-publish","4":"has-post-thumbnail","6":"product_cat-reinigungsmaschinen-und-zubehuer","7":"product_cat-scheuersaugmaschinen","9":"first","10":"instock","11":"shipping-taxable","12":"product-type-simple","13":"prodpage-classic"},"_links":{"self":[{"href":"https:\/\/arcora.de\/de\/wp-json\/wp\/v2\/product\/14815","targetHints":{"allow":["GET"]}}],"collection":[{"href":"https:\/\/arcora.de\/de\/wp-json\/wp\/v2\/product"}],"about":[{"href":"https:\/\/arcora.de\/de\/wp-json\/wp\/v2\/types\/product"}],"wp:featuredmedia":[{"embeddable":true,"href":"https:\/\/arcora.de\/de\/wp-json\/wp\/v2\/media\/14817"}],"wp:attachment":[{"href":"https:\/\/arcora.de\/de\/wp-json\/wp\/v2\/media?parent=14815"}],"wp:term":[{"taxonomy":"product_brand","embeddable":true,"href":"https:\/\/arcora.de\/de\/wp-json\/wp\/v2\/product_brand?post=14815"},{"taxonomy":"product_cat","embeddable":true,"href":"https:\/\/arcora.de\/de\/wp-json\/wp\/v2\/product_cat?post=14815"},{"taxonomy":"product_tag","embeddable":true,"href":"https:\/\/arcora.de\/de\/wp-json\/wp\/v2\/product_tag?post=14815"}],"curies":[{"name":"wp","href":"https:\/\/api.w.org\/{rel}","templated":true}]}}