{"id":14916,"date":"2024-09-12T11:25:25","date_gmt":"2024-09-12T09:25:25","guid":{"rendered":"https:\/\/arcora.de\/de\/?post_type=product&#038;p=14916"},"modified":"2024-09-12T11:27:19","modified_gmt":"2024-09-12T09:27:19","slug":"tiger-jet-170-professional","status":"publish","type":"product","link":"https:\/\/arcora.de\/de\/produkt\/tiger-jet-170-professional\/","title":{"rendered":"TIGER JET 170 PROFESSIONAL"},"content":{"rendered":"<p><strong>Eigenschaften<\/strong><\/p>\n<p>Der kompakte, robuste sowie kraftvolle Kaltwasser-Hochdruckreiniger mit hervorragender Reinigungsleistung und einfacher Handhabung ist f\u00fcr die professionellen all-round Reinigungsarbeiten mit hartn\u00e4ckigen Verschmutzungen geeignet.<\/p>\n","protected":false},"excerpt":{"rendered":"<p>HOCHDRUCKREINIGER<\/p>\n<p>\u2022 Schnellwechsel-Stecksystem f\u00fcr Zubeh\u00f6r<br \/>\n\u2022 Stufenlose Druckregulierung<br \/>\n\u2022 Mit Pumpenfilter zum Schutz des Pumpenmotors vor Sch\u00e4den wie Schmutz oder andere Partikel f\u00fcr eine l\u00e4ngere Lebensdauer<br \/>\n\u2022 Manuelle und automatische Abschaltung f\u00fcr eine einfache Bedienung<br \/>\n\u2022 Inkl. Hochdrucklanze, Schaumkanone, HD-Schlauch, Pumpen- und Wasserfilter<\/p>\n<p>&nbsp;<\/p>\n<p><a href=\"https:\/\/arcora.de\/de\/wp-content\/uploads\/2024\/09\/ARCORA-TIGER-JET_PROFESSIONAL-HOCHDRUCKREINIGER_TOR170HP.pdf\" target=\"_blank\" rel=\"noopener noreferrer\"><img loading=\"lazy\" decoding=\"async\" class=\"alignnone wp-image-6442\" src=\"https:\/\/arcora.de\/de\/wp-content\/uploads\/2019\/03\/Produkt.png\" alt=\"\" width=\"223\" height=\"38\" \/><\/a><\/p>\n","protected":false},"featured_media":14917,"template":"","meta":[],"product_brand":[],"product_cat":[213,69],"product_tag":[],"class_list":{"0":"post-14916","1":"product","2":"type-product","3":"status-publish","4":"has-post-thumbnail","6":"product_cat-hochdruckreiniger","7":"product_cat-reinigungsmaschinen-und-zubehuer","9":"first","10":"instock","11":"shipping-taxable","12":"product-type-simple","13":"prodpage-classic"},"_links":{"self":[{"href":"https:\/\/arcora.de\/de\/wp-json\/wp\/v2\/product\/14916","targetHints":{"allow":["GET"]}}],"collection":[{"href":"https:\/\/arcora.de\/de\/wp-json\/wp\/v2\/product"}],"about":[{"href":"https:\/\/arcora.de\/de\/wp-json\/wp\/v2\/types\/product"}],"wp:featuredmedia":[{"embeddable":true,"href":"https:\/\/arcora.de\/de\/wp-json\/wp\/v2\/media\/14917"}],"wp:attachment":[{"href":"https:\/\/arcora.de\/de\/wp-json\/wp\/v2\/media?parent=14916"}],"wp:term":[{"taxonomy":"product_brand","embeddable":true,"href":"https:\/\/arcora.de\/de\/wp-json\/wp\/v2\/product_brand?post=14916"},{"taxonomy":"product_cat","embeddable":true,"href":"https:\/\/arcora.de\/de\/wp-json\/wp\/v2\/product_cat?post=14916"},{"taxonomy":"product_tag","embeddable":true,"href":"https:\/\/arcora.de\/de\/wp-json\/wp\/v2\/product_tag?post=14916"}],"curies":[{"name":"wp","href":"https:\/\/api.w.org\/{rel}","templated":true}]}}