{"id":15000,"date":"2024-11-21T13:43:40","date_gmt":"2024-11-21T12:43:40","guid":{"rendered":"https:\/\/arcora.de\/de\/?post_type=product&#038;p=15000"},"modified":"2024-11-25T11:34:32","modified_gmt":"2024-11-25T10:34:32","slug":"aniko10","status":"publish","type":"product","link":"https:\/\/arcora.de\/de\/produkt\/aniko10\/","title":{"rendered":"ANIKO 10"},"content":{"rendered":"<p><strong>EIGENSCHAFTEN:<\/strong><br \/>\nDank der hohen Saugleistung der ANIKO 10 wird so viel Schmutz wie m\u00f6glich entfernt und der Boden ist schnell wieder begehbar.<br \/>\nDie geringe Arbeitsbreite des Teppichadapters von nur 25 cm erm\u00f6glicht die Reinigung in engen R\u00e4umen.<\/p>\n<ul>\n<li>Robuste Bauweise<\/li>\n<li>Einfache Anwendung<\/li>\n<li>Ideal f\u00fcr professionelle Reinigungsarbeiten bei kleineren Grund- und Unterhaltsreinigungen<\/li>\n<\/ul>\n<p><strong>EINSATZBEREICHE:<\/strong><br \/>\nGeeignet f\u00fcr den Einsatz in Reinigungsbetrieben, Hotels, Restaurants, Lokalen, Bars, B\u00fcros, Banken, Teppichgesch\u00e4fte, Z\u00fcge, Busse, Autos, Flugzeuge, Kinos, Theater, Schiffe, Krankenh\u00e4user, Heilanstalten sowie in \u00f6ffentlichen Einrichtungen wie Sporthallen, Schulen, Universit\u00e4ten, usw.<\/p>\n","protected":false},"excerpt":{"rendered":"<p><strong>SPR\u00dcHEXTRAKTIONSMASCHINE<\/strong><\/p>\n<p>Die ANIKO 10 Spr\u00fchextraktionsmaschine ist f\u00fcr die professionelle Reinigung von textilen Oberfl\u00e4chen wie z.B. Teppichb\u00f6den, Polsterm\u00f6bel oder Fahrzeug-Innenr\u00e4umen geeignet.<br \/>\nTrotz der kleinen Ma\u00dfe ist sie f\u00fcr den professionellen Einsatz und den intensiven Gebrauch geeignet.<\/p>\n<p><a href=\"https:\/\/arcora.de\/de\/wp-content\/uploads\/2024\/11\/ARCORA_ANIKO-10_SPRUeHEXTRAKTIONSMASCHINE_ANIKO10.pdf\" target=\"_blank\" rel=\"noopener noreferrer\"><img loading=\"lazy\" decoding=\"async\" class=\"alignnone wp-image-6442\" src=\"https:\/\/arcora.de\/de\/wp-content\/uploads\/2019\/03\/Produkt.png\" alt=\"\" width=\"223\" height=\"38\" \/><\/a><br \/>\n<a href=\"https:\/\/arcora.de\/de\/wp-content\/uploads\/2024\/11\/ANIKO-10-USER-MANUAL.pdf\"><img loading=\"lazy\" decoding=\"async\" class=\"alignnone wp-image-6442\" src=\"https:\/\/arcora.de\/de\/wp-content\/uploads\/2019\/03\/Bedienung.png\" alt=\"\" width=\"223\" height=\"38\" \/><\/a><\/p>\n","protected":false},"featured_media":15003,"template":"","meta":[],"product_brand":[],"product_cat":[69,109],"product_tag":[],"class_list":{"0":"post-15000","1":"product","2":"type-product","3":"status-publish","4":"has-post-thumbnail","6":"product_cat-reinigungsmaschinen-und-zubehuer","7":"product_cat-spruehextraktionsmaschinen","9":"first","10":"instock","11":"shipping-taxable","12":"product-type-simple","13":"prodpage-classic"},"_links":{"self":[{"href":"https:\/\/arcora.de\/de\/wp-json\/wp\/v2\/product\/15000","targetHints":{"allow":["GET"]}}],"collection":[{"href":"https:\/\/arcora.de\/de\/wp-json\/wp\/v2\/product"}],"about":[{"href":"https:\/\/arcora.de\/de\/wp-json\/wp\/v2\/types\/product"}],"wp:featuredmedia":[{"embeddable":true,"href":"https:\/\/arcora.de\/de\/wp-json\/wp\/v2\/media\/15003"}],"wp:attachment":[{"href":"https:\/\/arcora.de\/de\/wp-json\/wp\/v2\/media?parent=15000"}],"wp:term":[{"taxonomy":"product_brand","embeddable":true,"href":"https:\/\/arcora.de\/de\/wp-json\/wp\/v2\/product_brand?post=15000"},{"taxonomy":"product_cat","embeddable":true,"href":"https:\/\/arcora.de\/de\/wp-json\/wp\/v2\/product_cat?post=15000"},{"taxonomy":"product_tag","embeddable":true,"href":"https:\/\/arcora.de\/de\/wp-json\/wp\/v2\/product_tag?post=15000"}],"curies":[{"name":"wp","href":"https:\/\/api.w.org\/{rel}","templated":true}]}}