{"id":15138,"date":"2025-01-14T13:06:02","date_gmt":"2025-01-14T12:06:02","guid":{"rendered":"https:\/\/arcora.de\/de\/?post_type=product&#038;p=15138"},"modified":"2025-01-15T16:29:03","modified_gmt":"2025-01-15T15:29:03","slug":"muellsaecke","status":"publish","type":"product","link":"https:\/\/arcora.de\/de\/produkt\/muellsaecke\/","title":{"rendered":"ARCORA M\u00dcLLS\u00c4CKE"},"content":{"rendered":"<p>Die 120 Liter (TYP 60) M\u00fclls\u00e4cke von ARCORA \u00fcberzeugen neben ausreichender Kapazit\u00e4t f\u00fcr t\u00e4gliche Abf\u00e4lle mit einer enormen Rei\u00dffestigkeit, die es erm\u00f6glicht schwere und kantige Abf\u00e4lle problemlos zu entsorgen. Die Herstellung der M\u00fclls\u00e4cke aus Recycling Polyethylen sorgt f\u00fcr eine \u00fcberdurchschnittliche Stabilit\u00e4t und macht die M\u00fclls\u00e4cke durchsto\u00df- und rei\u00dffest sowie NACHHALTIG.<\/p>\n<p>&nbsp;<\/p>\n","protected":false},"excerpt":{"rendered":"<h3>M\u00fclls\u00e4cke aus Recycling Polyethylen<\/h3>\n<p>\u2022 Hergestellt aus Recycling Polyethylen (LDPE)<br \/>\n\u2022 Herausragende Rei\u00dffestigkeit<br \/>\n\u2022 Strapazierf\u00e4hig, stabil und fl\u00fcssigkeitsdicht<br \/>\n\u2022 Hervorragendes Preis-Leistungs-Verh\u00e4ltnis<br \/>\n\u2022 Mit Perforation f\u00fcr leichtes Abrei\u00dfen<br \/>\n\u2022 TYP 60 | 120 Liter | 700 x 1100 mm<\/p>\n<p><a href=\"https:\/\/arcora.de\/de\/wp-content\/uploads\/2025\/01\/ARCORA_MUeLLSAeCKE_01139-1.pdf\" target=\"_blank\" rel=\"noopener noreferrer\"><img loading=\"lazy\" decoding=\"async\" class=\"alignnone wp-image-6442\" src=\"https:\/\/arcora.de\/de\/wp-content\/uploads\/2019\/03\/Produkt.png\" alt=\"\" width=\"223\" height=\"38\" \/><\/a><br \/>\n<a href=\"https:\/\/youtu.be\/p4IopEA5Plo?si=kvakJmhRTr7tT4av\" target=\"_blank\" rel=\"noopener noreferrer\"><img loading=\"lazy\" decoding=\"async\" class=\"alignnone wp-image-6442\" src=\"https:\/\/arcora.de\/de\/wp-content\/uploads\/2025\/01\/VIDEO.png\" alt=\"\" width=\"223\" height=\"38\" \/><\/a><\/p>\n","protected":false},"featured_media":15144,"template":"","meta":[],"product_brand":[],"product_cat":[217],"product_tag":[],"class_list":{"0":"post-15138","1":"product","2":"type-product","3":"status-publish","4":"has-post-thumbnail","6":"product_cat-muellsaecke","8":"first","9":"instock","10":"shipping-taxable","11":"product-type-simple","12":"prodpage-classic"},"_links":{"self":[{"href":"https:\/\/arcora.de\/de\/wp-json\/wp\/v2\/product\/15138","targetHints":{"allow":["GET"]}}],"collection":[{"href":"https:\/\/arcora.de\/de\/wp-json\/wp\/v2\/product"}],"about":[{"href":"https:\/\/arcora.de\/de\/wp-json\/wp\/v2\/types\/product"}],"wp:featuredmedia":[{"embeddable":true,"href":"https:\/\/arcora.de\/de\/wp-json\/wp\/v2\/media\/15144"}],"wp:attachment":[{"href":"https:\/\/arcora.de\/de\/wp-json\/wp\/v2\/media?parent=15138"}],"wp:term":[{"taxonomy":"product_brand","embeddable":true,"href":"https:\/\/arcora.de\/de\/wp-json\/wp\/v2\/product_brand?post=15138"},{"taxonomy":"product_cat","embeddable":true,"href":"https:\/\/arcora.de\/de\/wp-json\/wp\/v2\/product_cat?post=15138"},{"taxonomy":"product_tag","embeddable":true,"href":"https:\/\/arcora.de\/de\/wp-json\/wp\/v2\/product_tag?post=15138"}],"curies":[{"name":"wp","href":"https:\/\/api.w.org\/{rel}","templated":true}]}}