{"id":15220,"date":"2025-04-22T09:36:52","date_gmt":"2025-04-22T07:36:52","guid":{"rendered":"https:\/\/arcora.de\/de\/?post_type=product&#038;p=15220"},"modified":"2025-10-29T13:38:02","modified_gmt":"2025-10-29T12:38:02","slug":"power-line-pu-cloth","status":"publish","type":"product","link":"https:\/\/arcora.de\/de\/produkt\/power-line-pu-cloth\/","title":{"rendered":"POWER-LINE PU-BESCHICHTET"},"content":{"rendered":"<p><strong>EIGENSCHAFTEN<\/strong><br \/>\nDas POWER-LINE PU-beschichtete Microfasertuch ist die ideale L\u00f6sung f\u00fcr alle, die ein saugstarkes und langlebiges Reinigungstuch suchen. Es kombiniert eine au\u00dfergew\u00f6hnlich hohe Saugf\u00e4higkeit mit hervorragender Reinigungsleistung. Der PU-Anteil des Tuches sorgt f\u00fcr eine exzellente Fl\u00fcssigkeitsaufnahme, w\u00e4hrend der Polyamid-Anteil eine optimale Schmutzaufnahme gew\u00e4hrleistet.<\/p>\n<p><strong>ANWENDUNG<\/strong><br \/>\nDas POWER-LINE PU-beschichtete Microfasertuch ins Wasser tauchen, auswringen und auf der zu reinigenden Fl\u00e4che anwenden. In nur einem Zug wird die Oberfl\u00e4che sauber und<br \/>\ntrocken, ganz ohne Streifen und Nachtrocknen.<\/p>\n<p><strong>ANWENDUNGSBEREICH<\/strong><br \/>\nF\u00fcr die Reinigung von jeglichen Oberfl\u00e4chen wie Edelstahl, Glas, Chrom-Armaturen, lackierte Fl\u00e4chen oder B\u00fcrom\u00f6bel. Besonders geeignet f\u00fcr den Einsatz in \u00f6ffentlichen Einrichtungen, Krankenh\u00e4usern, Alten- und Pflegeheimen, Flugh\u00e4fen, Einkaufszentren, Hotels, Restaurants, Gastst\u00e4tten sowie B\u00fcrogeb\u00e4uden. Dank seiner Langlebigkeit ist das POWER-LINE PU-beschichetete Microfasertuch besonders empfehlenswert f\u00fcr Mietverfahren in Gro\u00dfw\u00e4schereien.<\/p>\n","protected":false},"excerpt":{"rendered":"<p><strong>PU-BESCHICHTETES MICROFASERTUCH MIT ENORMER LANGLEBIGKEIT<\/strong><\/p>\n<p>\u2022 Exzellente Saugf\u00e4higkeit und ideale Schmutzentfernung<br \/>\n\u2022 Besondere Materialstruktur f\u00fcr eine verbesserte Mechanik<br \/>\n\u2022 Kratzfreie und streifenfreie Reinigung auf allen Oberfl\u00e4chen<br \/>\n\u2022 Hohe Schmutzabgabe beim Aussp\u00fclen<\/p>\n<p><a href=\"https:\/\/arcora.de\/de\/wp-content\/uploads\/2025\/10\/ARCORA_POWER-LINE-TUCH-PU-BESCHICHTET.pdf\" target=\"_blank\" rel=\"noopener noreferrer\"><img loading=\"lazy\" decoding=\"async\" class=\"alignnone wp-image-6442\" src=\"https:\/\/arcora.de\/de\/wp-content\/uploads\/2019\/03\/Produkt.png\" alt=\"\" width=\"223\" height=\"38\" \/><\/a><\/p>\n","protected":false},"featured_media":15222,"template":"","meta":[],"product_brand":[],"product_cat":[67,139],"product_tag":[],"class_list":{"0":"post-15220","1":"product","2":"type-product","3":"status-publish","4":"has-post-thumbnail","6":"product_cat-microfasertuecher","7":"product_cat-reinigungstextilien","9":"first","10":"instock","11":"shipping-taxable","12":"product-type-simple","13":"prodpage-classic"},"_links":{"self":[{"href":"https:\/\/arcora.de\/de\/wp-json\/wp\/v2\/product\/15220","targetHints":{"allow":["GET"]}}],"collection":[{"href":"https:\/\/arcora.de\/de\/wp-json\/wp\/v2\/product"}],"about":[{"href":"https:\/\/arcora.de\/de\/wp-json\/wp\/v2\/types\/product"}],"wp:featuredmedia":[{"embeddable":true,"href":"https:\/\/arcora.de\/de\/wp-json\/wp\/v2\/media\/15222"}],"wp:attachment":[{"href":"https:\/\/arcora.de\/de\/wp-json\/wp\/v2\/media?parent=15220"}],"wp:term":[{"taxonomy":"product_brand","embeddable":true,"href":"https:\/\/arcora.de\/de\/wp-json\/wp\/v2\/product_brand?post=15220"},{"taxonomy":"product_cat","embeddable":true,"href":"https:\/\/arcora.de\/de\/wp-json\/wp\/v2\/product_cat?post=15220"},{"taxonomy":"product_tag","embeddable":true,"href":"https:\/\/arcora.de\/de\/wp-json\/wp\/v2\/product_tag?post=15220"}],"curies":[{"name":"wp","href":"https:\/\/api.w.org\/{rel}","templated":true}]}}