{"id":15266,"date":"2025-06-11T10:49:44","date_gmt":"2025-06-11T08:49:44","guid":{"rendered":"https:\/\/arcora.de\/de\/?post_type=product&#038;p=15266"},"modified":"2025-10-06T09:16:45","modified_gmt":"2025-10-06T07:16:45","slug":"flex-on-klapphalter","status":"publish","type":"product","link":"https:\/\/arcora.de\/de\/produkt\/flex-on-klapphalter\/","title":{"rendered":"COMING SOON: FLEX-ON KLAPPHALTER"},"content":{"rendered":"<p>Er passt sich flexibel allen markt\u00fcblichen Wischbez\u00fcgen an und l\u00e4sst sich stufenlos von 37,5 bis 50 cm einstellen. Dadurch k\u00f6nnen auch Wischbez\u00fcge weiterverwendet werden, die durch Waschen, Trocknen oder Produktionsabweichungen geschrumpft sind, was Abfall und Materialkosten deutlich reduziert. Mit dem FLEX-ON Klapphalter entf\u00e4llt die Notwendigkeit, unterschiedliche Haltergr\u00f6\u00dfen (z. B. 40 und 50 cm) mitzuf\u00fchren. Reinigungspersonal ben\u00f6tigt nur noch einen Halter, was den Lageraufwand minimiert. Zudem k\u00f6nnen Wischbez\u00fcge in kundenspezifischer Wunschgr\u00f6\u00dfe gefertigt werden. Dies erm\u00f6glicht eine passgenaue Nutzung und dient zugleich als wirksamer Diebstahlschutz, da die Bez\u00fcge nicht mit handels\u00fcblichen Haltern kompatibel sind. Nach Wunsch kann ein zus\u00e4tzlicher Adapter f\u00fcr den Klapphalter und eine speziell Naht auf der Tasche angebracht werden, um den Wischbezug zuverl\u00e4ssig gegen Abrutschen zu sichern. So verbindet der FLEX-ON nachhaltige Materialien mit anwenderfreundlichem Design und bietet echten Mehrwert in der t\u00e4glichen Reinigung.<\/p>\n","protected":false},"excerpt":{"rendered":"<p>Der gr\u00f6\u00dfenverstellbare Klapphalter FLEX-ON, gefertigt aus recycelten Materialien, ist eine innovative L\u00f6sung f\u00fcr die professionelle Reinigung.<\/p>\n<ul>\n<li>Gr\u00f6\u00dfenverstellbarer Klapphalter (37,5\u201350 cm)<\/li>\n<li>Nachhaltig und wirtschaftlich: Reduziert Abfall und senkt Kosten \u2013 kompatibel mit allen markt\u00fcblichen sowie aussortierten Wischbez\u00fcgen<\/li>\n<\/ul>\n<p><a href=\"https:\/\/arcora.de\/de\/wp-content\/uploads\/2025\/10\/ARCORA_FLEX-ON_KLAPPHALTER.pdf\" target=\"_blank\" rel=\"noopener noreferrer\"><img loading=\"lazy\" decoding=\"async\" class=\"alignnone wp-image-6442\" src=\"https:\/\/arcora.de\/de\/wp-content\/uploads\/2019\/03\/Produkt.png\" alt=\"\" width=\"223\" height=\"38\" \/><\/a><\/p>\n","protected":false},"featured_media":15370,"template":"","meta":[],"product_brand":[],"product_cat":[161],"product_tag":[],"class_list":{"0":"post-15266","1":"product","2":"type-product","3":"status-publish","4":"has-post-thumbnail","6":"product_cat-mopp-klapphalter","8":"first","9":"instock","10":"shipping-taxable","11":"product-type-simple","12":"prodpage-classic"},"_links":{"self":[{"href":"https:\/\/arcora.de\/de\/wp-json\/wp\/v2\/product\/15266","targetHints":{"allow":["GET"]}}],"collection":[{"href":"https:\/\/arcora.de\/de\/wp-json\/wp\/v2\/product"}],"about":[{"href":"https:\/\/arcora.de\/de\/wp-json\/wp\/v2\/types\/product"}],"wp:featuredmedia":[{"embeddable":true,"href":"https:\/\/arcora.de\/de\/wp-json\/wp\/v2\/media\/15370"}],"wp:attachment":[{"href":"https:\/\/arcora.de\/de\/wp-json\/wp\/v2\/media?parent=15266"}],"wp:term":[{"taxonomy":"product_brand","embeddable":true,"href":"https:\/\/arcora.de\/de\/wp-json\/wp\/v2\/product_brand?post=15266"},{"taxonomy":"product_cat","embeddable":true,"href":"https:\/\/arcora.de\/de\/wp-json\/wp\/v2\/product_cat?post=15266"},{"taxonomy":"product_tag","embeddable":true,"href":"https:\/\/arcora.de\/de\/wp-json\/wp\/v2\/product_tag?post=15266"}],"curies":[{"name":"wp","href":"https:\/\/api.w.org\/{rel}","templated":true}]}}