{"id":15357,"date":"2025-09-11T10:19:46","date_gmt":"2025-09-11T08:19:46","guid":{"rendered":"https:\/\/arcora.de\/de\/?post_type=product&#038;p=15357"},"modified":"2025-09-11T10:35:41","modified_gmt":"2025-09-11T08:35:41","slug":"in-box-microfiber-cloth","status":"publish","type":"product","link":"https:\/\/arcora.de\/de\/produkt\/in-box-microfiber-cloth\/","title":{"rendered":"IN-BOX MICROFASERTUCH"},"content":{"rendered":"<p>Die praktische Entnahmebox sorgt f\u00fcr maximale Flexibilit\u00e4t. Ideal zum Mitnehmen in mobilen Einsatzger\u00e4ten und zugleich platzsparend f\u00fcr die Lagerung selbst auf engstem Raum.<\/p>\n<p>\u2022\u00a0Alternative zu Papierhandt\u00fcchern \u201eDer Umwelt zuliebe\u201c<br \/>\n\u2022 Waschbar bis zu 300 Mal (ohne Bleichmittel\/Weichsp\u00fcler)<br \/>\n\u2022 Arbeitswege verk\u00fcrzen durch komfortable Handhabung<br \/>\n\u2022 Rand: Ultraschallschnitt \u2192 formstabil und langlebig<br \/>\n\u2022 Tuchgr\u00f6\u00dfe: 30&#215;30 cm \u2192 ergonomisch und handlich<br \/>\n\u2022 Inhalt: 50 platzsparende T\u00fccher, je 30 \u00d7 30 cm<br \/>\n\u2022 Gewicht: 200 g\/m\u00b2 \u2192 besonders saugf\u00e4hig<\/p>\n","protected":false},"excerpt":{"rendered":"<p><strong>DIE ALTERNATIVE ZU PAPIERHANDT\u00dcCHERN<\/strong><\/p>\n<p>Perfekt f\u00fcr die t\u00e4gliche Reinigung aller Oberfl\u00e4chen<\/p>\n<p><a href=\"https:\/\/arcora.de\/de\/wp-content\/uploads\/2025\/09\/ON-ROLL-MICROFASERTUCH-.pdf\" target=\"_blank\" rel=\"noopener noreferrer\"><img loading=\"lazy\" decoding=\"async\" class=\"alignnone wp-image-6442\" src=\"https:\/\/arcora.de\/de\/wp-content\/uploads\/2019\/03\/Produkt.png\" alt=\"\" width=\"223\" height=\"38\" \/><\/a><\/p>\n","protected":false},"featured_media":15358,"template":"","meta":[],"product_brand":[],"product_cat":[67,139],"product_tag":[],"class_list":{"0":"post-15357","1":"product","2":"type-product","3":"status-publish","4":"has-post-thumbnail","6":"product_cat-microfasertuecher","7":"product_cat-reinigungstextilien","9":"first","10":"instock","11":"shipping-taxable","12":"product-type-simple","13":"prodpage-classic"},"_links":{"self":[{"href":"https:\/\/arcora.de\/de\/wp-json\/wp\/v2\/product\/15357","targetHints":{"allow":["GET"]}}],"collection":[{"href":"https:\/\/arcora.de\/de\/wp-json\/wp\/v2\/product"}],"about":[{"href":"https:\/\/arcora.de\/de\/wp-json\/wp\/v2\/types\/product"}],"wp:featuredmedia":[{"embeddable":true,"href":"https:\/\/arcora.de\/de\/wp-json\/wp\/v2\/media\/15358"}],"wp:attachment":[{"href":"https:\/\/arcora.de\/de\/wp-json\/wp\/v2\/media?parent=15357"}],"wp:term":[{"taxonomy":"product_brand","embeddable":true,"href":"https:\/\/arcora.de\/de\/wp-json\/wp\/v2\/product_brand?post=15357"},{"taxonomy":"product_cat","embeddable":true,"href":"https:\/\/arcora.de\/de\/wp-json\/wp\/v2\/product_cat?post=15357"},{"taxonomy":"product_tag","embeddable":true,"href":"https:\/\/arcora.de\/de\/wp-json\/wp\/v2\/product_tag?post=15357"}],"curies":[{"name":"wp","href":"https:\/\/api.w.org\/{rel}","templated":true}]}}