{"id":15481,"date":"2025-10-27T17:05:24","date_gmt":"2025-10-27T16:05:24","guid":{"rendered":"https:\/\/arcora.de\/de\/?post_type=product&#038;p=15481"},"modified":"2025-11-12T14:40:19","modified_gmt":"2025-11-12T13:40:19","slug":"ultra-interieurbezug-mit-biegsamen-halter","status":"publish","type":"product","link":"https:\/\/arcora.de\/de\/produkt\/ultra-interieurbezug-mit-biegsamen-halter\/","title":{"rendered":"ULTRA INTERIEURBEZUG MIT BIEGSAMEN HALTER"},"content":{"rendered":"<p>Der flexible Halter mit hochwertigem Microfaserbezug erm\u00f6glicht eine m\u00fchelose Reinigung selbst schwer zug\u00e4nglicher Stellen. F\u00fcr h\u00f6her gelegene Bereiche kann der Halter optional mit einer Teleskopstange und passendem Sicherheitskonus kombiniert werden.<\/p>\n","protected":false},"excerpt":{"rendered":"<h5><strong>ZUR ENTFERNUNG VON STAUB UND LEICHTEM SCHMUTZ<\/strong><\/h5>\n<p>Ideal zur gr\u00fcndlichen Staubentfernung auf Regalen, Tischen, Schr\u00e4nken, Bilderrahmen sowie Rohrleitungen an der Decke.<\/p>\n","protected":false},"featured_media":15519,"template":"","meta":[],"product_brand":[],"product_cat":[158,218],"product_tag":[],"class_list":{"0":"post-15481","1":"product","2":"type-product","3":"status-publish","4":"has-post-thumbnail","6":"product_cat-reinigungssysteme-und-zubehoer","7":"product_cat-staubwedel","9":"first","10":"instock","11":"shipping-taxable","12":"product-type-simple","13":"prodpage-classic"},"_links":{"self":[{"href":"https:\/\/arcora.de\/de\/wp-json\/wp\/v2\/product\/15481","targetHints":{"allow":["GET"]}}],"collection":[{"href":"https:\/\/arcora.de\/de\/wp-json\/wp\/v2\/product"}],"about":[{"href":"https:\/\/arcora.de\/de\/wp-json\/wp\/v2\/types\/product"}],"wp:featuredmedia":[{"embeddable":true,"href":"https:\/\/arcora.de\/de\/wp-json\/wp\/v2\/media\/15519"}],"wp:attachment":[{"href":"https:\/\/arcora.de\/de\/wp-json\/wp\/v2\/media?parent=15481"}],"wp:term":[{"taxonomy":"product_brand","embeddable":true,"href":"https:\/\/arcora.de\/de\/wp-json\/wp\/v2\/product_brand?post=15481"},{"taxonomy":"product_cat","embeddable":true,"href":"https:\/\/arcora.de\/de\/wp-json\/wp\/v2\/product_cat?post=15481"},{"taxonomy":"product_tag","embeddable":true,"href":"https:\/\/arcora.de\/de\/wp-json\/wp\/v2\/product_tag?post=15481"}],"curies":[{"name":"wp","href":"https:\/\/api.w.org\/{rel}","templated":true}]}}