{"id":15497,"date":"2025-10-29T13:51:57","date_gmt":"2025-10-29T12:51:57","guid":{"rendered":"https:\/\/arcora.de\/de\/?post_type=product&#038;p=15497"},"modified":"2025-10-29T14:00:29","modified_gmt":"2025-10-29T13:00:29","slug":"poliermeister-leinen-poliertuch","status":"publish","type":"product","link":"https:\/\/arcora.de\/de\/produkt\/poliermeister-leinen-poliertuch\/","title":{"rendered":"POLIERMEISTER LEINEN-POLIERTUCH"},"content":{"rendered":"<p><strong>EIGENSCHAFTEN<\/strong><br \/>\nDas POLIERMEISTER LEINEN-POLIERTUCH ist die L\u00f6sung f\u00fcr einen makellosen und brillanten Glanz auf Glasfl\u00e4chen. Mit seiner gro\u00dfz\u00fcgigen Gr\u00f6\u00dfe von 60 \u00d7 70 cm und der fein gewebten Leinenstruktur sorgt es f\u00fcr streifenfreies Polieren ganz ohne Fusseln.<\/p>\n<p><strong>ANWENDUNG<\/strong><br \/>\nZum Polieren oder Reinigen von Glasfl\u00e4chen. Auch f\u00fcr die Reinigung von Fensterrahmen und anderen empfindlichen Oberfl\u00e4chen geeignet.<\/p>\n<p><strong>ANWENDUNGSBEREICH<\/strong><br \/>\nDank seiner rauen Oberfl\u00e4che und der hohen Feuchtigkeitsaufnahme des Leinens eignet sich das Leinen-Poliertuch hervorragend zum Trocknen und Polieren glatter, gl\u00e4nzender Glasfl\u00e4chen wie Spiegel, Fenster oder Rahmen. Nicht geeignet f\u00fcr empfindliche, lackierte Oberfl\u00e4chen. Ideal f\u00fcr den Einsatz in B\u00fcros, Restaurants, Hotels, \u00f6ffentlichen Einrichtungen und Einkaufszentren. Das Tuch wird auch von professionellen Fensterputzern gesch\u00e4tzt.<\/p>\n","protected":false},"excerpt":{"rendered":"<p><strong>F\u00dcR EINE KLARE SICHT &#8211; MIT DER KRAFT DER NATUR <\/strong><\/p>\n<p>\u2022 Poliertuch aus Leinen<br \/>\n\u2022 Ideal zum Polieren und zur Fleckenentfernung<br \/>\n\u2022 Extrem saugf\u00e4hig und langlebig<br \/>\n\u2022 Gro\u00dfes Format: Ideal f\u00fcr gro\u00dfe Fl\u00e4chen<br \/>\n\u2022 Hochwertiges Leinen: Fusselfrei &amp; streifenfrei<br \/>\n\u2022 Nicht f\u00fcr den Trockner geeignet<\/p>\n<p><a href=\"https:\/\/arcora.de\/de\/wp-content\/uploads\/2025\/10\/ARCORA_POLIERMEISTER_LEINEN-POLIERTUCH_PLN6070.pdf\" target=\"_blank\" rel=\"noopener noreferrer\"><img loading=\"lazy\" decoding=\"async\" class=\"alignnone wp-image-6442\" src=\"https:\/\/arcora.de\/de\/wp-content\/uploads\/2019\/03\/Produkt.png\" alt=\"\" width=\"223\" height=\"38\" \/><\/a><\/p>\n","protected":false},"featured_media":15498,"template":"","meta":[],"product_brand":[],"product_cat":[67,139],"product_tag":[],"class_list":{"0":"post-15497","1":"product","2":"type-product","3":"status-publish","4":"has-post-thumbnail","6":"product_cat-microfasertuecher","7":"product_cat-reinigungstextilien","9":"first","10":"instock","11":"shipping-taxable","12":"product-type-simple","13":"prodpage-classic"},"_links":{"self":[{"href":"https:\/\/arcora.de\/de\/wp-json\/wp\/v2\/product\/15497","targetHints":{"allow":["GET"]}}],"collection":[{"href":"https:\/\/arcora.de\/de\/wp-json\/wp\/v2\/product"}],"about":[{"href":"https:\/\/arcora.de\/de\/wp-json\/wp\/v2\/types\/product"}],"wp:featuredmedia":[{"embeddable":true,"href":"https:\/\/arcora.de\/de\/wp-json\/wp\/v2\/media\/15498"}],"wp:attachment":[{"href":"https:\/\/arcora.de\/de\/wp-json\/wp\/v2\/media?parent=15497"}],"wp:term":[{"taxonomy":"product_brand","embeddable":true,"href":"https:\/\/arcora.de\/de\/wp-json\/wp\/v2\/product_brand?post=15497"},{"taxonomy":"product_cat","embeddable":true,"href":"https:\/\/arcora.de\/de\/wp-json\/wp\/v2\/product_cat?post=15497"},{"taxonomy":"product_tag","embeddable":true,"href":"https:\/\/arcora.de\/de\/wp-json\/wp\/v2\/product_tag?post=15497"}],"curies":[{"name":"wp","href":"https:\/\/api.w.org\/{rel}","templated":true}]}}