{"id":15501,"date":"2025-10-29T14:14:18","date_gmt":"2025-10-29T13:14:18","guid":{"rendered":"https:\/\/arcora.de\/de\/?post_type=product&#038;p=15501"},"modified":"2025-10-30T11:22:51","modified_gmt":"2025-10-30T10:22:51","slug":"vliestuecher-allzwecktuch","status":"publish","type":"product","link":"https:\/\/arcora.de\/de\/produkt\/vliestuecher-allzwecktuch\/","title":{"rendered":"VLIESTUCH ALLZWECKTUCH"},"content":{"rendered":"<p><strong>EIGENSCHAFTEN<\/strong><br \/>\nDie Vlies-Allzweckt\u00fccher sind universell einsetzbare, fusselfreie Reinigungst\u00fccher, die durch ihre hohe Qualit\u00e4t, Strapazierf\u00e4higkeit und Vielseitigkeit \u00fcberzeugen.<\/p>\n<p><strong>ANWENDUNG<\/strong><br \/>\nF\u00fcr die trockene, feuchte und nasse Anwendung sowie zur Desinfektion geeignet.<\/p>\n<p><strong>ANWENDUNGSBEREICH<\/strong><br \/>\nOb im professionellen Reinigungssektor, in Gastronomie, Hotellerie oder im Gesundheitswesen, die Allzweckt\u00fccher eignen sich f\u00fcr nahezu alle Oberfl\u00e4chen und Reinigungsaufgaben.<\/p>\n","protected":false},"excerpt":{"rendered":"<p><strong>VLIEST\u00dcCHER &#8211; STARK IN DER REINIGUNG, VIELSEITIG IM EINSATZ<\/strong><\/p>\n<p>\u2022 Universell einsetzbar: F\u00fcr nahezu alle Oberfl\u00e4chen<br \/>\n\u2022 F\u00fcr die trockene, feuchte und nasse Anwendung sowie zur Desinfektion geeignet<br \/>\n\u2022 Sehr saugf\u00e4hig: Nimmt Schmutz sehr gut auf und fusselt nicht<br \/>\n\u2022 Waschbar und wiederverwendbar<br \/>\n\u2022 Sehr strapazierf\u00e4hig und langlebig<br \/>\n\u2022 OEKO-TEX Standard 100 zertifiziert<\/p>\n<p><a href=\"https:\/\/arcora.de\/de\/wp-content\/uploads\/2025\/10\/ARCORA_VLIESTUeCHER_ALLZWECK-BODENTUCH.pdf\" target=\"_blank\" rel=\"noopener noreferrer\"><img loading=\"lazy\" decoding=\"async\" class=\"alignnone wp-image-6442\" src=\"https:\/\/arcora.de\/de\/wp-content\/uploads\/2019\/03\/Produkt.png\" alt=\"\" width=\"223\" height=\"38\" \/><\/a><\/p>\n","protected":false},"featured_media":15503,"template":"","meta":[],"product_brand":[],"product_cat":[67,139],"product_tag":[],"class_list":{"0":"post-15501","1":"product","2":"type-product","3":"status-publish","4":"has-post-thumbnail","6":"product_cat-microfasertuecher","7":"product_cat-reinigungstextilien","9":"first","10":"instock","11":"shipping-taxable","12":"product-type-simple","13":"prodpage-classic"},"_links":{"self":[{"href":"https:\/\/arcora.de\/de\/wp-json\/wp\/v2\/product\/15501","targetHints":{"allow":["GET"]}}],"collection":[{"href":"https:\/\/arcora.de\/de\/wp-json\/wp\/v2\/product"}],"about":[{"href":"https:\/\/arcora.de\/de\/wp-json\/wp\/v2\/types\/product"}],"wp:featuredmedia":[{"embeddable":true,"href":"https:\/\/arcora.de\/de\/wp-json\/wp\/v2\/media\/15503"}],"wp:attachment":[{"href":"https:\/\/arcora.de\/de\/wp-json\/wp\/v2\/media?parent=15501"}],"wp:term":[{"taxonomy":"product_brand","embeddable":true,"href":"https:\/\/arcora.de\/de\/wp-json\/wp\/v2\/product_brand?post=15501"},{"taxonomy":"product_cat","embeddable":true,"href":"https:\/\/arcora.de\/de\/wp-json\/wp\/v2\/product_cat?post=15501"},{"taxonomy":"product_tag","embeddable":true,"href":"https:\/\/arcora.de\/de\/wp-json\/wp\/v2\/product_tag?post=15501"}],"curies":[{"name":"wp","href":"https:\/\/api.w.org\/{rel}","templated":true}]}}