{"id":15563,"date":"2025-12-04T09:42:50","date_gmt":"2025-12-04T08:42:50","guid":{"rendered":"https:\/\/arcora.de\/de\/?post_type=product&#038;p=15563"},"modified":"2025-12-04T09:56:46","modified_gmt":"2025-12-04T08:56:46","slug":"einwegmopp","status":"publish","type":"product","link":"https:\/\/arcora.de\/de\/produkt\/einwegmopp\/","title":{"rendered":"EINWEGMOPP"},"content":{"rendered":"<div class=\"wpb-content-wrapper\">[vc_row][vc_column][vc_column_text css=&#8220;&#8220;]EIGENSCHAFTEN<br \/>\nDer EINWEGMOPP bietet hohe Zuverl\u00e4ssigkeit \u00fcberall dort, wo Hygiene an erster Stelle steht. Er eignet sich besonders f\u00fcr alle Bereiche, in denen eine schnelle, sichere Reinigung ohne Gefahr der Wiederkontamination notwendig ist. Durch sein hochwertiges Mikrofasermaterial erm\u00f6glicht der Mopp eine effektive und gr\u00fcndliche Reinigung. Schmutz, Staub und Fl\u00fcssigkeiten werden zuverl\u00e4ssig aufgenommen.<\/p>\n<p>\u2022 Hygienische, schnelle und wirtschaftliche L\u00f6sung<br \/>\n\u2022 Leicht, leistungsstark und sofort einsatzbereit<br \/>\n\u2022 Reduziert das Risiko von Kreuzkontamination<\/p>\n<p>ANWENDUNG<br \/>\nSowohl trocken als auch feucht anwendbar auf glatten, beschichteten und unbeschichteten Bodenbel\u00e4gen. Der EINWEGMOPP kann nach Gebrauch einfach entsorgt werden, um Kreuzkontaminationen zu vermeiden oder bei Bedarf gewaschen und mehrfach verwendet werden.<\/p>\n<p>ANWENDUNGSBEREICH<br \/>\nBesonders empfehlenswert f\u00fcr Reinigungsaufgaben, bei denen eine Mehrfachverwendung ausgeschlossen ist. Der Mopp eignet sich besonders f\u00fcr sensible Hygienebereiche wie Gesundheits- und Pflegeeinrichtungen, Rettungswagen sowie in Gastronomie, Einzelhandel und \u00f6ffentlichen Bereichen. Er l\u00e4sst sich dort zuverl\u00e4ssig und effizient einsetzen.[\/vc_column_text][\/vc_column][\/vc_row]\n<\/div>","protected":false},"excerpt":{"rendered":"<p>DER EINWEGMOPP F\u00dcR SENSIBLE HYGIENEBEREICHE<\/p>\n<p>Der EINWEGMOPP bietet hohe Zuverl\u00e4ssigkeit \u00fcberall dort, wo Hygiene an erster Stelle steht. Er eignet sich besonders f\u00fcr alle Bereiche, in denen eine schnelle, sichere Reinigung ohne Gefahr der Wiederkontamination notwendig ist.<\/p>\n<p><a href=\"https:\/\/arcora.de\/de\/wp-content\/uploads\/2025\/12\/ARCORA_EINWEGMOPP_EWM40WE_EWM50WE.pdf\" target=\"_blank\" rel=\"noopener noreferrer\"><img loading=\"lazy\" decoding=\"async\" class=\"alignnone wp-image-6442\" src=\"https:\/\/arcora.de\/de\/wp-content\/uploads\/2019\/03\/Produkt.png\" alt=\"\" width=\"223\" height=\"38\" \/><\/a><\/p>\n","protected":false},"featured_media":15565,"template":"","meta":[],"product_brand":[],"product_cat":[147,139],"product_tag":[],"class_list":{"0":"post-15563","1":"product","2":"type-product","3":"status-publish","4":"has-post-thumbnail","6":"product_cat-microfasermopp","7":"product_cat-reinigungstextilien","9":"first","10":"instock","11":"shipping-taxable","12":"product-type-simple","13":"prodpage-classic"},"_links":{"self":[{"href":"https:\/\/arcora.de\/de\/wp-json\/wp\/v2\/product\/15563","targetHints":{"allow":["GET"]}}],"collection":[{"href":"https:\/\/arcora.de\/de\/wp-json\/wp\/v2\/product"}],"about":[{"href":"https:\/\/arcora.de\/de\/wp-json\/wp\/v2\/types\/product"}],"wp:featuredmedia":[{"embeddable":true,"href":"https:\/\/arcora.de\/de\/wp-json\/wp\/v2\/media\/15565"}],"wp:attachment":[{"href":"https:\/\/arcora.de\/de\/wp-json\/wp\/v2\/media?parent=15563"}],"wp:term":[{"taxonomy":"product_brand","embeddable":true,"href":"https:\/\/arcora.de\/de\/wp-json\/wp\/v2\/product_brand?post=15563"},{"taxonomy":"product_cat","embeddable":true,"href":"https:\/\/arcora.de\/de\/wp-json\/wp\/v2\/product_cat?post=15563"},{"taxonomy":"product_tag","embeddable":true,"href":"https:\/\/arcora.de\/de\/wp-json\/wp\/v2\/product_tag?post=15563"}],"curies":[{"name":"wp","href":"https:\/\/api.w.org\/{rel}","templated":true}]}}