{"id":15640,"date":"2026-02-05T10:26:53","date_gmt":"2026-02-05T09:26:53","guid":{"rendered":"https:\/\/arcora.de\/de\/?post_type=product&#038;p=15640"},"modified":"2026-02-05T11:23:28","modified_gmt":"2026-02-05T10:23:28","slug":"arcora-gloss-line-set","status":"publish","type":"product","link":"https:\/\/arcora.de\/de\/produkt\/arcora-gloss-line-set\/","title":{"rendered":"ARCORA GLOSS-LINE SET"},"content":{"rendered":"<div class=\"wpb-content-wrapper\">[vc_row][vc_column][vc_column_text css=&#8220;&#8220;]Dieses professionelle 10-teilige Reinigungspaket vereint hochwertige Microfasert\u00fccher, leistungsstarke Schw\u00e4mme und spezialisierte B\u00fcrsten, perfekt aufeinander abgestimmt f\u00fcr die gr\u00fcndliche Pflege von Lack, Glas, Innenraum und Felgen. Ob strahlende Karosserie, kristallklare Scheiben oder gepflegter Innenraum: Das Set enth\u00e4lt alles, was f\u00fcr eine professionelle Fahrzeugaufbereitung n\u00f6tig ist.<\/p>\n<p>\u2022 10-teiliges Komplettset f\u00fcr Innen- &amp; Au\u00dfenreinigung<br \/>\n\u2022 Hochwertige Microfaserprodukte in Premium-Qualit\u00e4t<br \/>\n\u2022 F\u00fcr Auto, Motorrad, Boot &amp; Wohnmobil geeignet<br \/>\n\u2022 Wiederverwendbare &amp; langlebige Produkte[\/vc_column_text][\/vc_column][\/vc_row]\n<\/div>","protected":false},"excerpt":{"rendered":"<h5><strong>PROFESSIONELLES REINIGUNGS- UND PFLEGESET F\u00dcR AUTO, MOTORRAD, WOHNMOBIL UND BOOT<\/strong><\/h5>\n<p>Das ARCORA GLOSS-LINE Set bietet umfassende Pflege, strahlende Sauberkeit und zuverl\u00e4ssigen Schutz f\u00fcr jedes Fahrzeug.<\/p>\n<p><a href=\"https:\/\/arcora.de\/de\/wp-content\/uploads\/2026\/02\/ARCORA_GLOSS-LINE_AGL10SET_DE.pdf\" target=\"_blank\" rel=\"noopener noreferrer\"><img loading=\"lazy\" decoding=\"async\" class=\"alignnone wp-image-6442\" src=\"https:\/\/arcora.de\/de\/wp-content\/uploads\/2019\/03\/Produkt.png\" alt=\"\" width=\"223\" height=\"38\" \/><\/a><\/p>\n","protected":false},"featured_media":15641,"template":"","meta":[],"product_brand":[],"product_cat":[219,139],"product_tag":[],"class_list":{"0":"post-15640","1":"product","2":"type-product","3":"status-publish","4":"has-post-thumbnail","6":"product_cat-gloss-line","7":"product_cat-reinigungstextilien","9":"first","10":"instock","11":"shipping-taxable","12":"product-type-simple","13":"prodpage-classic"},"_links":{"self":[{"href":"https:\/\/arcora.de\/de\/wp-json\/wp\/v2\/product\/15640","targetHints":{"allow":["GET"]}}],"collection":[{"href":"https:\/\/arcora.de\/de\/wp-json\/wp\/v2\/product"}],"about":[{"href":"https:\/\/arcora.de\/de\/wp-json\/wp\/v2\/types\/product"}],"wp:featuredmedia":[{"embeddable":true,"href":"https:\/\/arcora.de\/de\/wp-json\/wp\/v2\/media\/15641"}],"wp:attachment":[{"href":"https:\/\/arcora.de\/de\/wp-json\/wp\/v2\/media?parent=15640"}],"wp:term":[{"taxonomy":"product_brand","embeddable":true,"href":"https:\/\/arcora.de\/de\/wp-json\/wp\/v2\/product_brand?post=15640"},{"taxonomy":"product_cat","embeddable":true,"href":"https:\/\/arcora.de\/de\/wp-json\/wp\/v2\/product_cat?post=15640"},{"taxonomy":"product_tag","embeddable":true,"href":"https:\/\/arcora.de\/de\/wp-json\/wp\/v2\/product_tag?post=15640"}],"curies":[{"name":"wp","href":"https:\/\/api.w.org\/{rel}","templated":true}]}}