{"id":15690,"date":"2026-03-04T13:36:00","date_gmt":"2026-03-04T12:36:00","guid":{"rendered":"https:\/\/arcora.de\/de\/?post_type=product&#038;p=15690"},"modified":"2026-03-04T13:54:39","modified_gmt":"2026-03-04T12:54:39","slug":"future-mopp","status":"publish","type":"product","link":"https:\/\/arcora.de\/de\/produkt\/future-mopp\/","title":{"rendered":"FUTURE MOPP"},"content":{"rendered":"<div class=\"wpb-content-wrapper\">[vc_row][vc_column][vc_column_text css=&#8220;&#8220;]EIGENSCHAFTEN<br \/>\nBei der besonderen Webtechnik des FUTURE MOPP werden die Schlingen im gleichen Arbeitsgang im Deckblatt verankert. Dieser spezielle Webprozess sorgt f\u00fcr eine sehr lange Lebensdauer des Wischbezuges. Das Material der Taschen wird aus 100% gewebtem, wasserdurchl\u00e4ssigem Polyester hergestellt und mit einer Schwammeinlage verst\u00e4rkt, um das Gleiten des Halters zu unterst\u00fctzen.<\/p>\n<p>ANWENDUNG<br \/>\nSowohl trocken als auch feucht anwendbar auf glatten, beschichteten und unbeschichteten Bodenbel\u00e4gen.<\/p>\n<p>ANWENDUNGSBEREICH<br \/>\nZur Unterhaltsreinigung, Grundreinigung sowie Nass- und Trockenreinigung von jeglichen Oberfl\u00e4chen, wie elastischen Bel\u00e4gen, Hartbel\u00e4gen, Feinsteinzeug, Steinb\u00f6den, Fliesen, Laminatb\u00f6den und ideal f\u00fcr glatte Bodenbel\u00e4ge geeignet. Besonders geeignet f\u00fcr den Einsatz in der Industrie, in Produktionen, Superm\u00e4rkte sowie \u00f6ffentlichen Einrichtungen, Geb\u00e4udereinigung und Gesundheitswesen.[\/vc_column_text][\/vc_column][\/vc_row]\n<\/div>","protected":false},"excerpt":{"rendered":"<p>BAUMWOLLMOPP MIT OFFENEN FRANSEN UND BESONDERER WEBTECHNIK<\/p>\n<p>Der hochwertige Baumwoll-Bezug mit offenen Fransen bietet dank seinem speziellen Tuftingverfahren wodurch die Schlingen fest im Deckblatt verankert sind, eine \u00fcberdurchschnittliche Lebensdauer. Die gleichm\u00e4\u00dfige Schlingenverteilung \u00fcber die gesamte Fl\u00e4che erm\u00f6glicht eine hohe Schmutz- und Wasseraufnahme sowie ideale Gleiteigenschaften.<\/p>\n<p>\u2022 Optimale Schmutz- und Wasseraufnahme<br \/>\n\u2022 Sehr gute Gleiteigenschaften f\u00fcr ein erm\u00fcdungsfreies Arbeiten<br \/>\n\u2022 Rei\u00dffeste und wasserdurchl\u00e4ssige Polyestertaschen<br \/>\n\u2022 Lange Lebensdauer durch hochwertiges Herstellungsverfahren und besonderer Webtechnik<\/p>\n<p><a href=\"https:\/\/arcora.de\/de\/wp-content\/uploads\/2026\/03\/ARCORA_FUTURE-MOPP-_OFFENE-FRANSEN_FMO40WE_FMO50WE.pdf\" target=\"_blank\" rel=\"noopener noreferrer\"><img loading=\"lazy\" decoding=\"async\" class=\"alignnone wp-image-6442\" src=\"https:\/\/arcora.de\/de\/wp-content\/uploads\/2019\/03\/Produkt.png\" alt=\"\" width=\"223\" height=\"38\" \/><\/a><\/p>\n","protected":false},"featured_media":15694,"template":"","meta":[],"product_brand":[],"product_cat":[140,147,139],"product_tag":[],"class_list":{"0":"post-15690","1":"product","2":"type-product","3":"status-publish","4":"has-post-thumbnail","6":"product_cat-baumwoll-und-mischgarnmopp","7":"product_cat-microfasermopp","8":"product_cat-reinigungstextilien","10":"first","11":"instock","12":"shipping-taxable","13":"product-type-simple","14":"prodpage-classic"},"_links":{"self":[{"href":"https:\/\/arcora.de\/de\/wp-json\/wp\/v2\/product\/15690","targetHints":{"allow":["GET"]}}],"collection":[{"href":"https:\/\/arcora.de\/de\/wp-json\/wp\/v2\/product"}],"about":[{"href":"https:\/\/arcora.de\/de\/wp-json\/wp\/v2\/types\/product"}],"wp:featuredmedia":[{"embeddable":true,"href":"https:\/\/arcora.de\/de\/wp-json\/wp\/v2\/media\/15694"}],"wp:attachment":[{"href":"https:\/\/arcora.de\/de\/wp-json\/wp\/v2\/media?parent=15690"}],"wp:term":[{"taxonomy":"product_brand","embeddable":true,"href":"https:\/\/arcora.de\/de\/wp-json\/wp\/v2\/product_brand?post=15690"},{"taxonomy":"product_cat","embeddable":true,"href":"https:\/\/arcora.de\/de\/wp-json\/wp\/v2\/product_cat?post=15690"},{"taxonomy":"product_tag","embeddable":true,"href":"https:\/\/arcora.de\/de\/wp-json\/wp\/v2\/product_tag?post=15690"}],"curies":[{"name":"wp","href":"https:\/\/api.w.org\/{rel}","templated":true}]}}