{"id":15729,"date":"2026-04-23T09:19:40","date_gmt":"2026-04-23T07:19:40","guid":{"rendered":"https:\/\/arcora.de\/de\/?post_type=product&#038;p=15729"},"modified":"2026-04-23T09:39:45","modified_gmt":"2026-04-23T07:39:45","slug":"kalkfaenger-edelstahl","status":"publish","type":"product","link":"https:\/\/arcora.de\/de\/produkt\/kalkfaenger-edelstahl\/","title":{"rendered":"KALKF\u00c4NGER EDELSTAHL"},"content":{"rendered":"<div class=\"wpb-content-wrapper\">[vc_row][vc_column][vc_column_text css=&#8220;&#8220;]<strong>Eigenschaften:<\/strong><\/p>\n<p>\u2022 Effektive Kalkreduktion: Verlangsamt die Kalkbildung gezielt und sch\u00fctzt Heizst\u00e4be sowie Innenfl\u00e4chen vor Ablagerungen<br \/>\n\u2022 Energieeffizient: Weniger Kalk auf Heizst\u00e4ben sorgt f\u00fcr eine bessere W\u00e4rme\u00fcbertragung und reduziert den Energieverbrauch<br \/>\n\u2022 Chemiefrei &amp; umweltfreundlich: Rein mechanische Wirkweise \u2013 keine Zus\u00e4tze, keine R\u00fcckst\u00e4nde<br \/>\n\u2022 Wiederverwendbar: Einfach auszuklopfen oder zu reinigen (z. B. mit Zitronens\u00e4ure)<br \/>\n\u2022 L\u00e4ngere Entkalkungsintervalle: Weniger Aufwand bei der Ger\u00e4tepflege[\/vc_column_text][\/vc_column][\/vc_row]\n<\/div>","protected":false},"excerpt":{"rendered":"<p>CHEMIEFREIE UNTERST\u00dcTZUNG GEGEN KALKABLAGERUNGEN<\/p>\n<p>Der Kalkf\u00e4nger aus hochwertigem Edelstahl reduziert Kalkablagerungen in Wasserkochern, Kesseln, Hei\u00dfwasserger\u00e4ten und Samowaren auf effektive und nachhaltige Weise, GANZ OHNE DEN EINSATZ VON CHEMIKALIEN.<\/p>\n<p><a href=\"https:\/\/arcora.de\/de\/wp-content\/uploads\/2026\/04\/ARCORA_KALKFAeNGER_KF4016-2.pdf\" target=\"_blank\" rel=\"noopener noreferrer\"><img loading=\"lazy\" decoding=\"async\" class=\"alignnone wp-image-6442\" src=\"https:\/\/arcora.de\/de\/wp-content\/uploads\/2019\/03\/Produkt.png\" alt=\"\" width=\"223\" height=\"38\" \/><\/a><\/p>\n","protected":false},"featured_media":15730,"template":"","meta":[],"product_brand":[],"product_cat":[220,139],"product_tag":[],"class_list":{"0":"post-15729","1":"product","2":"type-product","3":"status-publish","4":"has-post-thumbnail","6":"product_cat-kalkfaenger","7":"product_cat-reinigungstextilien","9":"first","10":"instock","11":"shipping-taxable","12":"product-type-simple","13":"prodpage-classic"},"_links":{"self":[{"href":"https:\/\/arcora.de\/de\/wp-json\/wp\/v2\/product\/15729","targetHints":{"allow":["GET"]}}],"collection":[{"href":"https:\/\/arcora.de\/de\/wp-json\/wp\/v2\/product"}],"about":[{"href":"https:\/\/arcora.de\/de\/wp-json\/wp\/v2\/types\/product"}],"wp:featuredmedia":[{"embeddable":true,"href":"https:\/\/arcora.de\/de\/wp-json\/wp\/v2\/media\/15730"}],"wp:attachment":[{"href":"https:\/\/arcora.de\/de\/wp-json\/wp\/v2\/media?parent=15729"}],"wp:term":[{"taxonomy":"product_brand","embeddable":true,"href":"https:\/\/arcora.de\/de\/wp-json\/wp\/v2\/product_brand?post=15729"},{"taxonomy":"product_cat","embeddable":true,"href":"https:\/\/arcora.de\/de\/wp-json\/wp\/v2\/product_cat?post=15729"},{"taxonomy":"product_tag","embeddable":true,"href":"https:\/\/arcora.de\/de\/wp-json\/wp\/v2\/product_tag?post=15729"}],"curies":[{"name":"wp","href":"https:\/\/api.w.org\/{rel}","templated":true}]}}