{"id":1582,"date":"2016-06-06T10:27:24","date_gmt":"2016-06-06T08:27:24","guid":{"rendered":"https:\/\/arcora.de\/de\/arcora\/produkt\/events\/"},"modified":"2023-07-17T08:44:42","modified_gmt":"2023-07-17T06:44:42","slug":"events","status":"publish","type":"product","link":"https:\/\/arcora.de\/de\/produkt\/events\/","title":{"rendered":"EVENTS"},"content":{"rendered":"<p>F\u00fcr alle wasserfesten Hartbodenbel\u00e4ge geeignet. Nicht auf unversiegelten Holz- und Korkb\u00f6den anwenden.<\/p>\n","protected":false},"excerpt":{"rendered":"<p><strong>METALLSALZFREIE LANGZEIT-BESCHICHTUNG\u00a0<\/strong><\/p>\n<p>Auf wasserbest\u00e4ndigen, beschichtbaren Bodenbel\u00e4gen anwendbar, z. B. PVC, Gummi, Linoleum, saugf\u00e4higem Natur- und Kunststein. Auch zum Schutz der Versiegelungen von<br \/>\nHolz- und Korkb\u00f6den geeignet. Optimal f\u00fcr die Trockenfilmsanierung geeignet und High-Speed-f\u00e4hig.<\/p>\n<ul>\n<li>Gute F\u00fcllkraft<\/li>\n<li>Gute chemische Best\u00e4ndigkeit<\/li>\n<li>Erf\u00fcllt die Vorgaben der Rutschwerte<\/li>\n<\/ul>\n<p>&nbsp;<\/p>\n<p><a href=\"https:\/\/arcora.de\/de\/wp-content\/uploads\/2023\/06\/PDB_EVENTS.pdf\" target=\"_blank\" rel=\"noopener noreferrer\"><img loading=\"lazy\" decoding=\"async\" class=\"alignnone wp-image-6442\" src=\"https:\/\/arcora.de\/de\/wp-content\/uploads\/2019\/03\/Produkt.png\" alt=\"\" width=\"223\" height=\"38\" \/><\/a><br \/>\n<a href=\"https:\/\/arcora.de\/de\/wp-content\/uploads\/2023\/07\/SDB_EVENTS.pdf\" target=\"_blank\" rel=\"noopener noreferrer\"><img loading=\"lazy\" decoding=\"async\" class=\"alignnone wp-image-6442\" src=\"https:\/\/arcora.de\/de\/wp-content\/uploads\/2019\/03\/Sicherheit.png\" alt=\"\" width=\"223\" height=\"38\" \/><\/a><br \/>\n<a href=\"https:\/\/arcora.de\/de\/wp-content\/uploads\/2023\/07\/BA_EVENTS.pdf\" target=\"_blank\" rel=\"noopener noreferrer\"><img loading=\"lazy\" decoding=\"async\" class=\"alignnone wp-image-6442\" src=\"https:\/\/arcora.de\/de\/wp-content\/uploads\/2019\/03\/Betrieb.png\" alt=\"\" width=\"223\" height=\"38\" \/><\/a><\/p>\n","protected":false},"featured_media":13746,"template":"","meta":[],"product_brand":[],"product_cat":[34],"product_tag":[],"class_list":{"0":"post-1582","1":"product","2":"type-product","3":"status-publish","4":"has-post-thumbnail","6":"product_cat-bodenbeschichtungen","8":"first","9":"instock","10":"shipping-taxable","11":"product-type-simple","12":"prodpage-classic"},"_links":{"self":[{"href":"https:\/\/arcora.de\/de\/wp-json\/wp\/v2\/product\/1582","targetHints":{"allow":["GET"]}}],"collection":[{"href":"https:\/\/arcora.de\/de\/wp-json\/wp\/v2\/product"}],"about":[{"href":"https:\/\/arcora.de\/de\/wp-json\/wp\/v2\/types\/product"}],"wp:featuredmedia":[{"embeddable":true,"href":"https:\/\/arcora.de\/de\/wp-json\/wp\/v2\/media\/13746"}],"wp:attachment":[{"href":"https:\/\/arcora.de\/de\/wp-json\/wp\/v2\/media?parent=1582"}],"wp:term":[{"taxonomy":"product_brand","embeddable":true,"href":"https:\/\/arcora.de\/de\/wp-json\/wp\/v2\/product_brand?post=1582"},{"taxonomy":"product_cat","embeddable":true,"href":"https:\/\/arcora.de\/de\/wp-json\/wp\/v2\/product_cat?post=1582"},{"taxonomy":"product_tag","embeddable":true,"href":"https:\/\/arcora.de\/de\/wp-json\/wp\/v2\/product_tag?post=1582"}],"curies":[{"name":"wp","href":"https:\/\/api.w.org\/{rel}","templated":true}]}}