{"id":159,"date":"2016-03-22T16:00:02","date_gmt":"2016-03-22T15:00:02","guid":{"rendered":"https:\/\/arcora.de\/de\/arcora\/produkt\/excellent-hard-mopp-grau-weiss\/"},"modified":"2024-04-19T15:30:50","modified_gmt":"2024-04-19T13:30:50","slug":"excellent-hard-mopp-grau-weiss","status":"publish","type":"product","link":"https:\/\/arcora.de\/de\/produkt\/excellent-hard-mopp-grau-weiss\/","title":{"rendered":"EXCELLENT HARD MOPP GRAU-WEISS"},"content":{"rendered":"<p><strong>Eigenschaften:<\/strong><br \/>\n\u2022 Ausgezeichnete Gleiteigenschaft f\u00fcr erm\u00fcdungsfreies Arbeiten<br \/>\n\u2022 Ideal gegen festhaftende Verschmutzungen<br \/>\n\u2022 Optimale Schmutzl\u00f6sekraft durch spezielle Polyamid-Borstenstreifen<br \/>\n\u2022 Leichte Scheuerwirkung zur Schmutz- und Fleckentfernung<br \/>\n\u2022 Lange Lebensdauer durch hochwertiges Herstellungsverfahren<\/p>\n<p><strong>Anwendungsbereiche:<\/strong><br \/>\n\u2022 Unterhaltsreinigung<br \/>\n\u2022 Grundreinigung<\/p>\n<p><strong>Zielgruppen:<\/strong><br \/>\n\u2022 Industrie<br \/>\n\u2022 Kliniken<br \/>\n\u2022 Senioren- und\u00a0Pflegeheime<br \/>\n\u2022 \u00d6ffentliche Einrichtungen<\/p>\n<p><strong>Bodenbel\u00e4ge:<\/strong><br \/>\n\u2022 Elastische Bel\u00e4ge<br \/>\n\u2022 Steinb\u00f6den<br \/>\n\u2022 PVC B\u00f6den<br \/>\n\u2022 Laminatb\u00f6den<br \/>\n\u2022 Hartbel\u00e4ge<br \/>\n\u2022 Feinsteinzeug<br \/>\n\u2022 Fliesen<br \/>\n\u2022 Ideal f\u00fcr glatte und por\u00f6se Bodenbel\u00e4ge<br \/>\n\u2022 Nicht geeignet f\u00fcr weiche Beschichtungen<\/p>\n","protected":false},"excerpt":{"rendered":"<p>Optimal f\u00fcr die Unterhalts- und Grundreinigung von elastischen Bel\u00e4gen, Hartbodenbel\u00e4gen, Laminatb\u00f6den sowie glatte und por\u00f6se B\u00f6den. Nicht f\u00fcr weiche Beschichtungen geeignet.<\/p>\n<p>&nbsp;<\/p>\n<p><a href=\"https:\/\/arcora.de\/de\/wp-content\/uploads\/2022\/09\/PDB_Excellent_Hard_Mopp_Grau-Weiss.pdf\" target=\"_blank\" rel=\"noopener noreferrer\"><img loading=\"lazy\" decoding=\"async\" class=\"alignnone wp-image-6442\" src=\"https:\/\/arcora.de\/de\/wp-content\/uploads\/2019\/03\/Produkt.png\" alt=\"\" width=\"223\" height=\"38\" \/><\/a><\/p>\n","protected":false},"featured_media":14520,"template":"","meta":[],"product_brand":[],"product_cat":[147,139],"product_tag":[],"class_list":{"0":"post-159","1":"product","2":"type-product","3":"status-publish","4":"has-post-thumbnail","6":"product_cat-microfasermopp","7":"product_cat-reinigungstextilien","9":"first","10":"instock","11":"shipping-taxable","12":"product-type-simple","13":"prodpage-classic"},"_links":{"self":[{"href":"https:\/\/arcora.de\/de\/wp-json\/wp\/v2\/product\/159","targetHints":{"allow":["GET"]}}],"collection":[{"href":"https:\/\/arcora.de\/de\/wp-json\/wp\/v2\/product"}],"about":[{"href":"https:\/\/arcora.de\/de\/wp-json\/wp\/v2\/types\/product"}],"wp:featuredmedia":[{"embeddable":true,"href":"https:\/\/arcora.de\/de\/wp-json\/wp\/v2\/media\/14520"}],"wp:attachment":[{"href":"https:\/\/arcora.de\/de\/wp-json\/wp\/v2\/media?parent=159"}],"wp:term":[{"taxonomy":"product_brand","embeddable":true,"href":"https:\/\/arcora.de\/de\/wp-json\/wp\/v2\/product_brand?post=159"},{"taxonomy":"product_cat","embeddable":true,"href":"https:\/\/arcora.de\/de\/wp-json\/wp\/v2\/product_cat?post=159"},{"taxonomy":"product_tag","embeddable":true,"href":"https:\/\/arcora.de\/de\/wp-json\/wp\/v2\/product_tag?post=159"}],"curies":[{"name":"wp","href":"https:\/\/api.w.org\/{rel}","templated":true}]}}