{"id":160,"date":"2016-03-22T16:03:21","date_gmt":"2016-03-22T15:03:21","guid":{"rendered":"https:\/\/arcora.de\/de\/arcora\/produkt\/excellent-abrasiv-mopp\/"},"modified":"2023-03-16T09:15:44","modified_gmt":"2023-03-16T08:15:44","slug":"excellent-abrasiv-mopp","status":"publish","type":"product","link":"https:\/\/arcora.de\/de\/produkt\/excellent-abrasiv-mopp\/","title":{"rendered":"EXCELLENT ABRASIV MOPP &#8211; FC"},"content":{"rendered":"<p><strong>Eigenschaften:<\/strong><br \/>\n\u2022 Ideal gegen hartn\u00e4ckige Verschmutzungen<br \/>\n\u2022 Optimale Schmutzl\u00f6sekraft durch abrasive Polyamid-Borstenstreifen<br \/>\n\u2022 Starke Scheuerwirkung zur Schmutz- und Fleckentfernung<br \/>\n\u2022 Lange Lebensdauer durch hochwertiges Herstellungsverfahren<br \/>\n\u2022 Besonders f\u00fcr rutschgehemmte B\u00f6den und Sicherheitsb\u00f6den geeignet<\/p>\n<p><strong>Anwendungsbereiche:<\/strong><br \/>\n\u2022 Unterhaltsreinigung<br \/>\n\u2022 Grundreinigung<\/p>\n<p><strong>Zielgruppen:<\/strong><br \/>\n\u2022 Industrie<br \/>\n\u2022 Kliniken<br \/>\n\u2022 Senioren- und\u00a0Pflegeheime<br \/>\n\u2022 \u00d6ffentliche Einrichtungen<\/p>\n<p><strong>Bodenbel\u00e4ge:<\/strong><br \/>\n\u2022 Steinb\u00f6den<br \/>\n\u2022 Feinsteinzeug<br \/>\n\u2022 Sicherheitsfliesen<br \/>\n\u2022 Ideal f\u00fcr por\u00f6se Steinbel\u00e4ge<br \/>\n\u2022 Nicht geeignet f\u00fcr beschichtete Bodenbel\u00e4ge<\/p>\n","protected":false},"excerpt":{"rendered":"<p>Optimal f\u00fcr die Unterhalts- und Grundreinigung von Hartbodenbel\u00e4gen und por\u00f6sen Steinb\u00f6den. Nicht f\u00fcr beschichtete B\u00f6den geeignet.<\/p>\n<p>&nbsp;<\/p>\n<p><a href=\"https:\/\/arcora.de\/de\/wp-content\/uploads\/2022\/09\/PDB_Excellent_Abrasiv_Mopp.pdf\" target=\"_blank\" rel=\"noopener noreferrer\"><img loading=\"lazy\" decoding=\"async\" class=\"alignnone wp-image-6442\" src=\"https:\/\/arcora.de\/de\/wp-content\/uploads\/2019\/03\/Produkt.png\" alt=\"\" width=\"223\" height=\"38\" \/><\/a><\/p>\n","protected":false},"featured_media":1220,"template":"","meta":[],"product_brand":[],"product_cat":[147,139],"product_tag":[],"class_list":{"0":"post-160","1":"product","2":"type-product","3":"status-publish","4":"has-post-thumbnail","6":"product_cat-microfasermopp","7":"product_cat-reinigungstextilien","9":"first","10":"instock","11":"shipping-taxable","12":"product-type-simple","13":"prodpage-classic"},"_links":{"self":[{"href":"https:\/\/arcora.de\/de\/wp-json\/wp\/v2\/product\/160","targetHints":{"allow":["GET"]}}],"collection":[{"href":"https:\/\/arcora.de\/de\/wp-json\/wp\/v2\/product"}],"about":[{"href":"https:\/\/arcora.de\/de\/wp-json\/wp\/v2\/types\/product"}],"wp:featuredmedia":[{"embeddable":true,"href":"https:\/\/arcora.de\/de\/wp-json\/wp\/v2\/media\/1220"}],"wp:attachment":[{"href":"https:\/\/arcora.de\/de\/wp-json\/wp\/v2\/media?parent=160"}],"wp:term":[{"taxonomy":"product_brand","embeddable":true,"href":"https:\/\/arcora.de\/de\/wp-json\/wp\/v2\/product_brand?post=160"},{"taxonomy":"product_cat","embeddable":true,"href":"https:\/\/arcora.de\/de\/wp-json\/wp\/v2\/product_cat?post=160"},{"taxonomy":"product_tag","embeddable":true,"href":"https:\/\/arcora.de\/de\/wp-json\/wp\/v2\/product_tag?post=160"}],"curies":[{"name":"wp","href":"https:\/\/api.w.org\/{rel}","templated":true}]}}