{"id":161,"date":"2016-03-22T16:33:20","date_gmt":"2016-03-22T15:33:20","guid":{"rendered":"https:\/\/arcora.de\/de\/arcora\/produkt\/excellent-scrub-igel-microfasermopp\/"},"modified":"2024-02-06T11:55:28","modified_gmt":"2024-02-06T10:55:28","slug":"excellent-scrub-igel-microfasermopp","status":"publish","type":"product","link":"https:\/\/arcora.de\/de\/produkt\/excellent-scrub-igel-microfasermopp\/","title":{"rendered":"EXCELLENT SCRUB-IGEL 2.0 FC-MOPP"},"content":{"rendered":"<p><strong>BESONDERHEITEN<\/strong><br \/>\nDer EXCELLENT SCRUB-IGEL 2.0 FC-MOPP eignet sich zur leichteren Entfernung von mittleren und starken Verschmutzungen. Die Igel-Borsten l\u00f6sen die Verschmutzungen mit Leichtigkeit und erm\u00f6glichen eine ausgezeichnete Gleiteigenschaften auf schwierigen, unebenen oder rauen B\u00f6den.<\/p>\n<p><strong>ANWENDUNG<\/strong><br \/>\nSowohl trocken als auch feucht anwendbar auf glatten, beschichteten und unbeschichteten Bodenbel\u00e4gen.<\/p>\n<p><strong>ANWENDUNGSBEREICH<\/strong><br \/>\nZur Unterhaltsreinigung, Grundreinigung von jeglichen Oberfl\u00e4chen, wie Feinsteinzeug, Steinb\u00f6den, Sicherheitsfliesen und ideal f\u00fcr por\u00f6se Steinbel\u00e4ge geeignet. F\u00fcr beschichtete Bodenbel\u00e4ge ist der Wischbezug nicht geeignet. Besonders geeignet f\u00fcr den Einsatz in der Industrie, Kliniken, Senioren- und Pflegeheimen sowie \u00f6ffentlichen Einrichtungen. Besonders empfehlenswert f\u00fcr<br \/>\nNasszellen, Sanit\u00e4ranlagen und Hallenb\u00e4der. Ideal auch f\u00fcr Friseursalons, da auch Verschmutzungen wie z.B. Haare problemlos aufgenommen werden.<\/p>\n","protected":false},"excerpt":{"rendered":"<p><strong>DIE L\u00d6SUNG F\u00dcR HARTN\u00c4CKIGE VERSCHMUTZUNGEN!<\/strong><\/p>\n<p>\u2022 Besonders f\u00fcr rutschgehemmte B\u00f6den und Sicherheitsb\u00f6den geeignet<br \/>\n\u2022 Starke Scheuerwirkung zur Schmutz- und Fleckenentfernung<br \/>\n\u2022 Extreme Scheuereigenschaften<\/p>\n<p>&nbsp;<\/p>\n<p>&nbsp;<\/p>\n<p>&nbsp;<\/p>\n<p><a href=\"https:\/\/arcora.de\/de\/wp-content\/uploads\/2024\/02\/EXCELLENT-SCRUB-IGEL-2.0.pdf\" target=\"_blank\" rel=\"noopener noreferrer\"><img loading=\"lazy\" decoding=\"async\" class=\"alignnone wp-image-6442\" src=\"https:\/\/arcora.de\/de\/wp-content\/uploads\/2019\/03\/Produkt.png\" alt=\"\" width=\"223\" height=\"38\" \/><\/a><\/p>\n","protected":false},"featured_media":14295,"template":"","meta":[],"product_brand":[],"product_cat":[147,139],"product_tag":[],"class_list":{"0":"post-161","1":"product","2":"type-product","3":"status-publish","4":"has-post-thumbnail","6":"product_cat-microfasermopp","7":"product_cat-reinigungstextilien","9":"first","10":"instock","11":"shipping-taxable","12":"product-type-simple","13":"prodpage-classic"},"_links":{"self":[{"href":"https:\/\/arcora.de\/de\/wp-json\/wp\/v2\/product\/161","targetHints":{"allow":["GET"]}}],"collection":[{"href":"https:\/\/arcora.de\/de\/wp-json\/wp\/v2\/product"}],"about":[{"href":"https:\/\/arcora.de\/de\/wp-json\/wp\/v2\/types\/product"}],"wp:featuredmedia":[{"embeddable":true,"href":"https:\/\/arcora.de\/de\/wp-json\/wp\/v2\/media\/14295"}],"wp:attachment":[{"href":"https:\/\/arcora.de\/de\/wp-json\/wp\/v2\/media?parent=161"}],"wp:term":[{"taxonomy":"product_brand","embeddable":true,"href":"https:\/\/arcora.de\/de\/wp-json\/wp\/v2\/product_brand?post=161"},{"taxonomy":"product_cat","embeddable":true,"href":"https:\/\/arcora.de\/de\/wp-json\/wp\/v2\/product_cat?post=161"},{"taxonomy":"product_tag","embeddable":true,"href":"https:\/\/arcora.de\/de\/wp-json\/wp\/v2\/product_tag?post=161"}],"curies":[{"name":"wp","href":"https:\/\/api.w.org\/{rel}","templated":true}]}}