{"id":1611,"date":"2016-06-07T09:59:38","date_gmt":"2016-06-07T07:59:38","guid":{"rendered":"https:\/\/arcora.de\/de\/arcora\/produkt\/bio-live\/"},"modified":"2026-01-14T09:34:29","modified_gmt":"2026-01-14T08:34:29","slug":"bio-live","status":"publish","type":"product","link":"https:\/\/arcora.de\/de\/produkt\/bio-live\/","title":{"rendered":"BIO-LIVE"},"content":{"rendered":"<p><strong>Eigenschaften:<br \/>\n<\/strong>BIO-LIVE ist ein Geruchstilger. Die im BIO-LIVE enthaltenen Kulturen (lebende Mikroorganismen) bauen auch tief ins Gewebe eingedrungene Verschmutzungen und Flecken ab und beseitigen schlechte Ger\u00fcche.<\/p>\n<ul>\n<li>Beseitigt selbst hartn\u00e4ckigste Ger\u00fcche in M\u00fclltonnen, Recyclingbeh\u00e4ltern, Abfalllagern, Schmutzw\u00e4schedepots, Containerwaschanlagen und von Erbrochenem, Exkrementen, Urinalen, Toiletten, Waschr\u00e4umen und allen Oberfl\u00e4chen.<\/li>\n<li>Hinterl\u00e4sst einen langanhaltenden, angenehmen Duft<\/li>\n<\/ul>\n<p><strong>Anwendungsbereiche:<br \/>\n<\/strong>Zur Geruchsbek\u00e4mpfung f\u00fcr Abfluss-, Boden- und Oberfl\u00e4chenbereiche in Altenheimen, Krankenh\u00e4usern, Restaurants, Schulen, Hotels und \u00f6ffentlichen Sanit\u00e4ranlagen wie z.B. WC, Bad, Teppich, Polster, Bettw\u00e4sche, usw. geeignet.<\/p>\n","protected":false},"excerpt":{"rendered":"<p><strong>BIOLOGISCHER REINIGER UND GERUCHSTILGER <\/strong><br \/>\nGeruchstilger, der selbst hartn\u00e4ckigste Ger\u00fcche beseitigt.<\/p>\n<ul>\n<li>Auch zur Behandlung von Flecken auf Teppichen, Stoffen, Tisch- und Bettw\u00e4schen geeignet<\/li>\n<li>Hinterl\u00e4sst einen langanhaltenden, angenehmen Duft<\/li>\n<\/ul>\n<p>&nbsp;<\/p>\n<p><a href=\"https:\/\/arcora.de\/de\/wp-content\/uploads\/2021\/12\/BIO_LIVE.pdf\" target=\"_blank\" rel=\"noopener noreferrer\"><img loading=\"lazy\" decoding=\"async\" class=\"alignnone wp-image-6442\" src=\"https:\/\/arcora.de\/de\/wp-content\/uploads\/2019\/03\/Produkt.png\" alt=\"\" width=\"223\" height=\"38\" \/><\/a><br \/>\n<a href=\"https:\/\/arcora.de\/de\/wp-content\/uploads\/2026\/01\/SDB_Bio-Live.pdf\" target=\"_blank\" rel=\"noopener noreferrer\"><img loading=\"lazy\" decoding=\"async\" class=\"alignnone wp-image-6442\" src=\"https:\/\/arcora.de\/de\/wp-content\/uploads\/2019\/03\/Sicherheit.png\" alt=\"\" width=\"223\" height=\"38\" \/><\/a><\/p>\n","protected":false},"featured_media":14116,"template":"","meta":[],"product_brand":[],"product_cat":[55,50],"product_tag":[],"class_list":{"0":"post-1611","1":"product","2":"type-product","3":"status-publish","4":"has-post-thumbnail","6":"product_cat-raumduft","7":"product_cat-reinigungsundpflegemittel","9":"first","10":"instock","11":"shipping-taxable","12":"product-type-simple","13":"prodpage-classic"},"_links":{"self":[{"href":"https:\/\/arcora.de\/de\/wp-json\/wp\/v2\/product\/1611","targetHints":{"allow":["GET"]}}],"collection":[{"href":"https:\/\/arcora.de\/de\/wp-json\/wp\/v2\/product"}],"about":[{"href":"https:\/\/arcora.de\/de\/wp-json\/wp\/v2\/types\/product"}],"wp:featuredmedia":[{"embeddable":true,"href":"https:\/\/arcora.de\/de\/wp-json\/wp\/v2\/media\/14116"}],"wp:attachment":[{"href":"https:\/\/arcora.de\/de\/wp-json\/wp\/v2\/media?parent=1611"}],"wp:term":[{"taxonomy":"product_brand","embeddable":true,"href":"https:\/\/arcora.de\/de\/wp-json\/wp\/v2\/product_brand?post=1611"},{"taxonomy":"product_cat","embeddable":true,"href":"https:\/\/arcora.de\/de\/wp-json\/wp\/v2\/product_cat?post=1611"},{"taxonomy":"product_tag","embeddable":true,"href":"https:\/\/arcora.de\/de\/wp-json\/wp\/v2\/product_tag?post=1611"}],"curies":[{"name":"wp","href":"https:\/\/api.w.org\/{rel}","templated":true}]}}