{"id":165,"date":"2016-03-22T16:50:04","date_gmt":"2016-03-22T15:50:04","guid":{"rendered":"https:\/\/arcora.de\/de\/arcora\/produkt\/ultra-soft-klett-moppbezug\/"},"modified":"2023-08-18T11:31:31","modified_gmt":"2023-08-18T09:31:31","slug":"ultra-soft-klett-moppbezug","status":"publish","type":"product","link":"https:\/\/arcora.de\/de\/produkt\/ultra-soft-klett-moppbezug\/","title":{"rendered":"ULTRA SOFT VELCRO WISCHBEZUG BLAU-WEISS"},"content":{"rendered":"<p><strong>Eigenschaften:<\/strong><br \/>\n\u2022 Optimale Gleiteigenschaft f\u00fcr erm\u00fcdungsfreies Arbeiten<br \/>\n\u2022 Optimale Schmutzl\u00f6sekraft durch spezielle Polyamid-Borstenstreifen<br \/>\n\u2022 Hohe Fl\u00e4chenleistung<br \/>\n\u2022 Hochwertige, pl\u00fcschige Microfaserware<\/p>\n<p><strong>Anwendungsbereiche:<\/strong><br \/>\n\u2022 Unterhaltsreinigung<br \/>\n\u2022 Grundreinigung<\/p>\n<p><strong>Zielgruppen:<\/strong><br \/>\n\u2022 Industrie<br \/>\n\u2022 Kliniken<br \/>\n\u2022 Senioren- und\u00a0Pflegeheime<br \/>\n\u2022 \u00d6ffentliche Einrichtungen<\/p>\n<p><strong>Bodenbel\u00e4ge:<\/strong><br \/>\n\u2022 Elastische Bel\u00e4ge<br \/>\n\u2022 Steinb\u00f6den<br \/>\n\u2022 PVC B\u00f6den<br \/>\n\u2022 Hartbel\u00e4ge<br \/>\n\u2022 Feinsteinzeug<br \/>\n\u2022 Fliesen<br \/>\n\u2022 Laminatb\u00f6den<br \/>\n\u2022 Ideal f\u00fcr glatte und beschichtete Bodenbel\u00e4ge<br \/>\n\u2022 Versiegeltes Parkett*<br \/>\n* Nur nebelfeucht oder trocken<br \/>\nanwenden!<\/p>\n","protected":false},"excerpt":{"rendered":"<p>Optimal geeignet f\u00fcr die Unterhalts- und Grundreinigung von elastischen Bel\u00e4gen, Hartbodenbel\u00e4gen, Laminatb\u00f6den, glatte und beschichtete B\u00f6den, sowie versiegeltes Parkett<br \/>\n(nebelfeucht oder trocken).<\/p>\n<p>&nbsp;<\/p>\n<p><a href=\"https:\/\/arcora.de\/de\/wp-content\/uploads\/2023\/08\/Ultra-Soft-Klett-Moppbezug.pdf\" target=\"_blank\" rel=\"noopener noreferrer\"><img loading=\"lazy\" decoding=\"async\" class=\"alignnone wp-image-6442\" src=\"https:\/\/arcora.de\/de\/wp-content\/uploads\/2019\/03\/Produkt.png\" alt=\"\" width=\"223\" height=\"38\" \/><\/a><\/p>\n","protected":false},"featured_media":1403,"template":"","meta":[],"product_brand":[],"product_cat":[139,150],"product_tag":[],"class_list":{"0":"post-165","1":"product","2":"type-product","3":"status-publish","4":"has-post-thumbnail","6":"product_cat-reinigungstextilien","7":"product_cat-ultra-klett-mopp","9":"first","10":"instock","11":"shipping-taxable","12":"product-type-simple","13":"prodpage-classic"},"_links":{"self":[{"href":"https:\/\/arcora.de\/de\/wp-json\/wp\/v2\/product\/165","targetHints":{"allow":["GET"]}}],"collection":[{"href":"https:\/\/arcora.de\/de\/wp-json\/wp\/v2\/product"}],"about":[{"href":"https:\/\/arcora.de\/de\/wp-json\/wp\/v2\/types\/product"}],"wp:featuredmedia":[{"embeddable":true,"href":"https:\/\/arcora.de\/de\/wp-json\/wp\/v2\/media\/1403"}],"wp:attachment":[{"href":"https:\/\/arcora.de\/de\/wp-json\/wp\/v2\/media?parent=165"}],"wp:term":[{"taxonomy":"product_brand","embeddable":true,"href":"https:\/\/arcora.de\/de\/wp-json\/wp\/v2\/product_brand?post=165"},{"taxonomy":"product_cat","embeddable":true,"href":"https:\/\/arcora.de\/de\/wp-json\/wp\/v2\/product_cat?post=165"},{"taxonomy":"product_tag","embeddable":true,"href":"https:\/\/arcora.de\/de\/wp-json\/wp\/v2\/product_tag?post=165"}],"curies":[{"name":"wp","href":"https:\/\/api.w.org\/{rel}","templated":true}]}}