{"id":172,"date":"2016-03-24T10:55:41","date_gmt":"2016-03-24T09:55:41","guid":{"rendered":"https:\/\/arcora.de\/de\/arcora\/produkt\/rundpad-micro-blue-17-43-cm\/"},"modified":"2022-01-14T16:49:19","modified_gmt":"2022-01-14T15:49:19","slug":"rundpad-micro-blue-17-43-cm","status":"publish","type":"product","link":"https:\/\/arcora.de\/de\/produkt\/rundpad-micro-blue-17-43-cm\/","title":{"rendered":"RUNDPAD MICRO BLUE 17&#8243; \/ 43 cm"},"content":{"rendered":"<p><strong>Eigenschaften:<\/strong><br \/>\n\u2022 Sehr gute Reinigungsergebnisse<br \/>\n\u2022 Optimale Gleiteigenschaft<br \/>\n\u2022 Hohe Schmutzl\u00f6sekraft<br \/>\n\u2022 Extreme Fl\u00e4chenleistung<br \/>\n\u2022 \u00dcberdurchschnittliche Lebensdauer<br \/>\n\u2022 1-seitig<\/p>\n<p><strong>Anwendungsbereiche:<\/strong><br \/>\n\u2022 Unterhaltsreinigung<br \/>\n\u2022 Grundreinigung<br \/>\n\u2022 Teppichreinigung<\/p>\n<p><strong>Bodenbel\u00e4ge:<\/strong><br \/>\n\u2022 Elastische Bel\u00e4ge<br \/>\n\u2022 Steinb\u00f6den<br \/>\n\u2022 Feinsteinzeug<br \/>\n\u2022 Hartbel\u00e4ge<br \/>\n\u2022 Fliesen<br \/>\n\u2022 Laminatb\u00f6den<br \/>\n\u2022 S\u00e4mtliche glatte B\u00f6den<br \/>\n\u2022 Teppichreinigung<\/p>\n","protected":false},"excerpt":{"rendered":"<p>Zur Unterhaltsreinigung, Grundreinigung und Teppichreinigung von verschiedenen Hartb\u00f6den, elastischen Bel\u00e4gen und Teppichen. F\u00fcr Geb\u00e4udereiniger, \u00f6ffentliche Bereiche und Gesundheitswesen.<\/p>\n<p>&nbsp;<\/p>\n<p><a href=\"https:\/\/arcora.de\/de\/wp-content\/uploads\/2022\/01\/PDB_RUNDPAD_MICRO_BLUE.pdf\" target=\"_blank\" rel=\"noopener noreferrer\"><img loading=\"lazy\" decoding=\"async\" class=\"alignnone wp-image-6442\" src=\"https:\/\/arcora.de\/de\/wp-content\/uploads\/2019\/03\/Produkt.png\" alt=\"\" width=\"223\" height=\"38\" \/><\/a><\/p>\n","protected":false},"featured_media":1405,"template":"","meta":[],"product_brand":[],"product_cat":[72,80],"product_tag":[],"class_list":{"0":"post-172","1":"product","2":"type-product","3":"status-publish","4":"has-post-thumbnail","6":"product_cat-reinigungsundpolierpads","7":"product_cat-rundpads-aus-microfaser","9":"first","10":"instock","11":"shipping-taxable","12":"product-type-simple","13":"prodpage-classic"},"_links":{"self":[{"href":"https:\/\/arcora.de\/de\/wp-json\/wp\/v2\/product\/172","targetHints":{"allow":["GET"]}}],"collection":[{"href":"https:\/\/arcora.de\/de\/wp-json\/wp\/v2\/product"}],"about":[{"href":"https:\/\/arcora.de\/de\/wp-json\/wp\/v2\/types\/product"}],"wp:featuredmedia":[{"embeddable":true,"href":"https:\/\/arcora.de\/de\/wp-json\/wp\/v2\/media\/1405"}],"wp:attachment":[{"href":"https:\/\/arcora.de\/de\/wp-json\/wp\/v2\/media?parent=172"}],"wp:term":[{"taxonomy":"product_brand","embeddable":true,"href":"https:\/\/arcora.de\/de\/wp-json\/wp\/v2\/product_brand?post=172"},{"taxonomy":"product_cat","embeddable":true,"href":"https:\/\/arcora.de\/de\/wp-json\/wp\/v2\/product_cat?post=172"},{"taxonomy":"product_tag","embeddable":true,"href":"https:\/\/arcora.de\/de\/wp-json\/wp\/v2\/product_tag?post=172"}],"curies":[{"name":"wp","href":"https:\/\/api.w.org\/{rel}","templated":true}]}}