{"id":177,"date":"2016-03-24T11:29:52","date_gmt":"2016-03-24T10:29:52","guid":{"rendered":"https:\/\/arcora.de\/de\/arcora\/produkt\/eco-line-microfaser-vliestuch-nonwoven\/"},"modified":"2023-10-16T10:36:56","modified_gmt":"2023-10-16T08:36:56","slug":"eco-line-2in1-microfasertuch","status":"publish","type":"product","link":"https:\/\/arcora.de\/de\/produkt\/eco-line-2in1-microfasertuch\/","title":{"rendered":"ECO-LINE 2IN1 MICROFASERTUCH"},"content":{"rendered":"<p><strong>Eigenschaften:<\/strong><br \/>\n\u2022 2IN1: Reinigen und Desinfizieren in Einem<br \/>\n\u2022 Alternative zum Einwegtuch, da mehrmals wieder verwendbar<br \/>\n\u2022 Saubere, streifenfreie Oberfl\u00e4chen dank der Garnmischung<br \/>\n\u2022 Unschlagbares Preis-Leistungsverh\u00e4ltnis<br \/>\n\u2022 Ideal geeignet f\u00fcr die Desinfektion von medizinischen Ger\u00e4ten<br \/>\n\u2022 Fusselfrei &amp; Formstabil<\/p>\n<p><strong>Anwendungsbereiche:<\/strong><\/p>\n<p>F\u00fcr die Reinigung und Desinfektion von jeglichen Oberfl\u00e4chen. Besonders geeignet f\u00fcr den Einsatz im Gesundheitswesen wie Kliniken, Arztpraxen sowie Alten- und Pflegeheimen.<\/p>\n","protected":false},"excerpt":{"rendered":"<p><strong>REINIGEN UND DESINFIZIEREN IN EINEM<\/strong><\/p>\n<p>Das ECO-LINE 2IN1 Microfasertuch erm\u00f6glicht das Reinigen &amp; Desinfizieren in einem Schritt. Dank der Garnzusammensetzung und der angewandten Wave-cut Technologie wird das Tuch speziell f\u00fcr die Oberfl\u00e4chendesinfektion eingesetzt.<\/p>\n<p><a href=\"https:\/\/arcora.de\/de\/wp-content\/uploads\/2023\/04\/PDB_ECO-LINE-2IN1.pdf\" target=\"_blank\" rel=\"noopener noreferrer\"><img loading=\"lazy\" decoding=\"async\" class=\"alignnone wp-image-6442\" src=\"https:\/\/arcora.de\/de\/wp-content\/uploads\/2019\/03\/Produkt.png\" alt=\"\" width=\"223\" height=\"38\" \/><\/a><\/p>\n","protected":false},"featured_media":12585,"template":"","meta":[],"product_brand":[],"product_cat":[67,139],"product_tag":[],"class_list":{"0":"post-177","1":"product","2":"type-product","3":"status-publish","4":"has-post-thumbnail","6":"product_cat-microfasertuecher","7":"product_cat-reinigungstextilien","9":"first","10":"instock","11":"shipping-taxable","12":"product-type-simple","13":"prodpage-classic"},"_links":{"self":[{"href":"https:\/\/arcora.de\/de\/wp-json\/wp\/v2\/product\/177","targetHints":{"allow":["GET"]}}],"collection":[{"href":"https:\/\/arcora.de\/de\/wp-json\/wp\/v2\/product"}],"about":[{"href":"https:\/\/arcora.de\/de\/wp-json\/wp\/v2\/types\/product"}],"wp:featuredmedia":[{"embeddable":true,"href":"https:\/\/arcora.de\/de\/wp-json\/wp\/v2\/media\/12585"}],"wp:attachment":[{"href":"https:\/\/arcora.de\/de\/wp-json\/wp\/v2\/media?parent=177"}],"wp:term":[{"taxonomy":"product_brand","embeddable":true,"href":"https:\/\/arcora.de\/de\/wp-json\/wp\/v2\/product_brand?post=177"},{"taxonomy":"product_cat","embeddable":true,"href":"https:\/\/arcora.de\/de\/wp-json\/wp\/v2\/product_cat?post=177"},{"taxonomy":"product_tag","embeddable":true,"href":"https:\/\/arcora.de\/de\/wp-json\/wp\/v2\/product_tag?post=177"}],"curies":[{"name":"wp","href":"https:\/\/api.w.org\/{rel}","templated":true}]}}