{"id":178,"date":"2016-03-24T11:33:41","date_gmt":"2016-03-24T10:33:41","guid":{"rendered":"https:\/\/arcora.de\/de\/arcora\/produkt\/basic-line-microfasertuch\/"},"modified":"2025-08-19T11:11:45","modified_gmt":"2025-08-19T09:11:45","slug":"basic-line-microfasertuch","status":"publish","type":"product","link":"https:\/\/arcora.de\/de\/produkt\/basic-line-microfasertuch\/","title":{"rendered":"BASIC-LINE 210 MICROFASERTUCH"},"content":{"rendered":"<p>Das universelle BASIC-LINE 210 Tuch ist die ideale L\u00f6sung f\u00fcr die t\u00e4gliche Unterhaltsreinigung ebenso wie f\u00fcr Grundreinigungen. Dank seines besonders weichen und<br \/>\nanschmiegsamen Vliesmaterials eignet es sich f\u00fcr alle Oberfl\u00e4chen &#8211; selbst empfindliche Fl\u00e4chen k\u00f6nnen schonend und effektiv gereinigt werden, ohne Kratzer oder R\u00fcckst\u00e4nde zu<br \/>\nhinterlassen.<\/p>\n<p>\u2022 Optimale Reinigungsergebnisse<br \/>\n\u2022 Formstabil &amp; langlebig<br \/>\n\u2022 Universell einsetzbar<\/p>\n","protected":false},"excerpt":{"rendered":"<p>Ein g\u00fcnstiges Objekttuch f\u00fcr den universellen Einsatz.<\/p>\n<p>&nbsp;<\/p>\n<p><a href=\"https:\/\/arcora.de\/de\/wp-content\/uploads\/2025\/08\/ARCORA_BASIC-LINE-210-MICROFASERTUCH.pdf\" target=\"_blank\" rel=\"noopener noreferrer\"><img loading=\"lazy\" decoding=\"async\" class=\"alignnone wp-image-6442\" src=\"https:\/\/arcora.de\/de\/wp-content\/uploads\/2019\/03\/Produkt.png\" alt=\"\" width=\"223\" height=\"38\" \/><\/a><\/p>\n","protected":false},"featured_media":15331,"template":"","meta":[],"product_brand":[],"product_cat":[67,139],"product_tag":[],"class_list":{"0":"post-178","1":"product","2":"type-product","3":"status-publish","4":"has-post-thumbnail","6":"product_cat-microfasertuecher","7":"product_cat-reinigungstextilien","9":"first","10":"instock","11":"shipping-taxable","12":"product-type-simple","13":"prodpage-classic"},"_links":{"self":[{"href":"https:\/\/arcora.de\/de\/wp-json\/wp\/v2\/product\/178","targetHints":{"allow":["GET"]}}],"collection":[{"href":"https:\/\/arcora.de\/de\/wp-json\/wp\/v2\/product"}],"about":[{"href":"https:\/\/arcora.de\/de\/wp-json\/wp\/v2\/types\/product"}],"wp:featuredmedia":[{"embeddable":true,"href":"https:\/\/arcora.de\/de\/wp-json\/wp\/v2\/media\/15331"}],"wp:attachment":[{"href":"https:\/\/arcora.de\/de\/wp-json\/wp\/v2\/media?parent=178"}],"wp:term":[{"taxonomy":"product_brand","embeddable":true,"href":"https:\/\/arcora.de\/de\/wp-json\/wp\/v2\/product_brand?post=178"},{"taxonomy":"product_cat","embeddable":true,"href":"https:\/\/arcora.de\/de\/wp-json\/wp\/v2\/product_cat?post=178"},{"taxonomy":"product_tag","embeddable":true,"href":"https:\/\/arcora.de\/de\/wp-json\/wp\/v2\/product_tag?post=178"}],"curies":[{"name":"wp","href":"https:\/\/api.w.org\/{rel}","templated":true}]}}