{"id":179,"date":"2016-03-24T14:08:04","date_gmt":"2016-03-24T13:08:04","guid":{"rendered":"https:\/\/arcora.de\/de\/arcora\/produkt\/super-line-microfasertuch\/"},"modified":"2026-04-23T10:48:21","modified_gmt":"2026-04-23T08:48:21","slug":"super-line-microfasertuch","status":"publish","type":"product","link":"https:\/\/arcora.de\/de\/produkt\/super-line-microfasertuch\/","title":{"rendered":"SUPER-LINE 300 MICROFASERTUCH"},"content":{"rendered":"<div class=\"wpb-content-wrapper\">[vc_row][vc_column][vc_column_text css=&#8220;&#8220;]<strong>EIGENSCHAFTEN<\/strong><br \/>\nDas SUPER-LINE Microfasertuch ist auf allen Oberfl\u00e4chen einsetzbar und ideal f\u00fcr die t\u00e4gliche Unterhaltsreinigung. Dank der modernen Hei\u00dfschnitt-Technik (Ultra Sonic) weist das Tuch eine besondere Langlebigkeit auf.<\/p>\n<p><strong>ANWENDUNG<\/strong><br \/>\nDas Tuch kann sowohl trocken als auch feucht angewendet werden.<\/p>\n<p><strong>ANWENDUNGSBEREICH<\/strong><br \/>\nEs ist ideal f\u00fcr die t\u00e4gliche Unterhaltsreinigung geeignet und kann auf nahezu allen Oberfl\u00e4chen eingesetzt werden. Besonders geeignet f\u00fcr den Einsatz in \u00f6ffentlichen Einrichtungen, Krankenh\u00e4usern, Alten- und Pflegeheimen, Flugh\u00e4fen, Einkaufszentren, Hotels, Restaurants, Gastst\u00e4tten sowie B\u00fcrogeb\u00e4uden.[\/vc_column_text][\/vc_column][\/vc_row]\n<\/div>","protected":false},"excerpt":{"rendered":"<p>DAS BEW\u00c4HRTE MICROFASERTUCH \u2013 JETZT NOCH LEISTUNGSST\u00c4RKER MIT INNOVATIVER SUPERPOL-FASER<\/p>\n<p>\u2022 Sehr hohe Wasseraufnahme<br \/>\n\u2022 F\u00fcr nahezu alle Oberfl\u00e4chen geeignet<br \/>\n\u2022 Streifenfreie Reinigungsergebnisse<br \/>\n\u2022 Fusselfrei und formstabil<br \/>\n\u2022 Besonders langlebig durch Wave-cut-Rand<br \/>\n\u2022 Gleichm\u00e4\u00dfige Pr\u00e4paration der T\u00fccher<\/p>\n<p>&nbsp;<\/p>\n<p><a href=\"https:\/\/arcora.de\/de\/wp-content\/uploads\/2026\/04\/ARCORA_SUPER-LINE-300-MICROFASERTUCH.pdf\" target=\"_blank\" rel=\"noopener noreferrer\"><img loading=\"lazy\" decoding=\"async\" class=\"alignnone wp-image-6442\" src=\"https:\/\/arcora.de\/de\/wp-content\/uploads\/2019\/03\/Produkt.png\" alt=\"\" width=\"223\" height=\"38\" \/><\/a><\/p>\n","protected":false},"featured_media":15739,"template":"","meta":[],"product_brand":[],"product_cat":[67,139],"product_tag":[],"class_list":{"0":"post-179","1":"product","2":"type-product","3":"status-publish","4":"has-post-thumbnail","6":"product_cat-microfasertuecher","7":"product_cat-reinigungstextilien","9":"first","10":"instock","11":"shipping-taxable","12":"product-type-simple","13":"prodpage-classic"},"_links":{"self":[{"href":"https:\/\/arcora.de\/de\/wp-json\/wp\/v2\/product\/179","targetHints":{"allow":["GET"]}}],"collection":[{"href":"https:\/\/arcora.de\/de\/wp-json\/wp\/v2\/product"}],"about":[{"href":"https:\/\/arcora.de\/de\/wp-json\/wp\/v2\/types\/product"}],"wp:featuredmedia":[{"embeddable":true,"href":"https:\/\/arcora.de\/de\/wp-json\/wp\/v2\/media\/15739"}],"wp:attachment":[{"href":"https:\/\/arcora.de\/de\/wp-json\/wp\/v2\/media?parent=179"}],"wp:term":[{"taxonomy":"product_brand","embeddable":true,"href":"https:\/\/arcora.de\/de\/wp-json\/wp\/v2\/product_brand?post=179"},{"taxonomy":"product_cat","embeddable":true,"href":"https:\/\/arcora.de\/de\/wp-json\/wp\/v2\/product_cat?post=179"},{"taxonomy":"product_tag","embeddable":true,"href":"https:\/\/arcora.de\/de\/wp-json\/wp\/v2\/product_tag?post=179"}],"curies":[{"name":"wp","href":"https:\/\/api.w.org\/{rel}","templated":true}]}}