{"id":1790,"date":"2016-06-14T13:43:31","date_gmt":"2016-06-14T11:43:31","guid":{"rendered":"https:\/\/arcora.de\/de\/arcora\/produkt\/taid\/"},"modified":"2026-02-27T08:08:38","modified_gmt":"2026-02-27T07:08:38","slug":"taid","status":"publish","type":"product","link":"https:\/\/arcora.de\/de\/produkt\/taid\/","title":{"rendered":"CLEANORA PROFESSIONAL"},"content":{"rendered":"<p><strong>Eigenschaften:<\/strong><\/p>\n<ul>\n<li>Hochwirksam bei allen Temperaturbereichen 30-95\u00b0C sowie bei allen Wasserh\u00e4rten<\/li>\n<li>Enth\u00e4lt Bleichmittel f\u00fcr einen effektiven Wei\u00dfgrad<\/li>\n<\/ul>\n<p><strong>Anwendungsbereiche:<br \/>\n<\/strong><\/p>\n<p>Ideal f\u00fcr den Einsatz in gewerblichen W\u00e4schereien und Hotelw\u00e4schereien. F\u00fcr Baumwoll-, Synthetik- und Mischfaserw\u00e4sche sowie f\u00fcr fixierte farbige Textilien.<\/p>\n<p>&nbsp;<\/p>\n","protected":false},"excerpt":{"rendered":"<p><strong>VOLLWASCHMITTEL<\/strong><br \/>\nHochwirksames Vollwaschmittel mit bew\u00e4hrter Profiqualit\u00e4t.<\/p>\n<p><a href=\"https:\/\/arcora.de\/de\/wp-content\/uploads\/2024\/10\/ARCORA_CLEANORA_VOLLWASCHMITTEL_01346.pdf\" target=\"_blank\" rel=\"noopener noreferrer\"><img loading=\"lazy\" decoding=\"async\" class=\"alignnone wp-image-6442\" src=\"https:\/\/arcora.de\/de\/wp-content\/uploads\/2019\/03\/Produkt.png\" alt=\"\" width=\"223\" height=\"38\" \/><\/a><br \/>\n<a href=\"https:\/\/arcora.de\/de\/wp-content\/uploads\/2026\/02\/SDB_CLEANORA-PROFESSIONAL.pdf\"><img loading=\"lazy\" decoding=\"async\" class=\"alignnone wp-image-6442\" src=\"https:\/\/arcora.de\/de\/wp-content\/uploads\/2019\/03\/Sicherheit.png\" alt=\"\" width=\"223\" height=\"38\" \/><\/a><\/p>\n","protected":false},"featured_media":14766,"template":"","meta":[],"product_brand":[],"product_cat":[50,58],"product_tag":[],"class_list":{"0":"post-1790","1":"product","2":"type-product","3":"status-publish","4":"has-post-thumbnail","6":"product_cat-reinigungsundpflegemittel","7":"product_cat-textilhygieneundpraeparation","9":"first","10":"instock","11":"shipping-taxable","12":"product-type-simple","13":"prodpage-classic"},"_links":{"self":[{"href":"https:\/\/arcora.de\/de\/wp-json\/wp\/v2\/product\/1790","targetHints":{"allow":["GET"]}}],"collection":[{"href":"https:\/\/arcora.de\/de\/wp-json\/wp\/v2\/product"}],"about":[{"href":"https:\/\/arcora.de\/de\/wp-json\/wp\/v2\/types\/product"}],"wp:featuredmedia":[{"embeddable":true,"href":"https:\/\/arcora.de\/de\/wp-json\/wp\/v2\/media\/14766"}],"wp:attachment":[{"href":"https:\/\/arcora.de\/de\/wp-json\/wp\/v2\/media?parent=1790"}],"wp:term":[{"taxonomy":"product_brand","embeddable":true,"href":"https:\/\/arcora.de\/de\/wp-json\/wp\/v2\/product_brand?post=1790"},{"taxonomy":"product_cat","embeddable":true,"href":"https:\/\/arcora.de\/de\/wp-json\/wp\/v2\/product_cat?post=1790"},{"taxonomy":"product_tag","embeddable":true,"href":"https:\/\/arcora.de\/de\/wp-json\/wp\/v2\/product_tag?post=1790"}],"curies":[{"name":"wp","href":"https:\/\/api.w.org\/{rel}","templated":true}]}}