{"id":1793,"date":"2016-06-14T13:47:54","date_gmt":"2016-06-14T11:47:54","guid":{"rendered":"https:\/\/arcora.de\/de\/arcora\/produkt\/inpur\/"},"modified":"2024-12-20T15:32:40","modified_gmt":"2024-12-20T14:32:40","slug":"inpur","status":"publish","type":"product","link":"https:\/\/arcora.de\/de\/produkt\/inpur\/","title":{"rendered":"INPUR"},"content":{"rendered":"<p><strong>Eigenschaften:<\/strong><\/p>\n<ul>\n<li>Schaumarm, f\u00fcr den maschinellen Einsatz geeignet<\/li>\n<li>Nur auf alkalibest\u00e4ndigen Hartoberfl\u00e4chen einsetzbar<\/li>\n<li>Reinigt fett-, eiwei\u00df- und \u00f6lverschmutzte Oberfl\u00e4chen aller Art<\/li>\n<li>F\u00fcr den Einsatz in HD-Ger\u00e4ten geeignet<\/li>\n<\/ul>\n<p><strong>Anwendungsbereiche:<br \/>\n<\/strong>Zur fettl\u00f6senden Reinigung aller abwaschbaren und alkalibest\u00e4n\u00addigen Fl\u00e4chen und Gegenst\u00e4nde. In Lebensmittel verarbeitenden Betrieben wie Gro\u00dfk\u00fcchen, Kantinen, Metzgereien und Molkereien etc. Besonders zur Reinigung stark fettverschmutzter Fu\u00dfb\u00f6den, Arbeitsfl\u00e4chen und Dunstabzugshauben u.\u00e4. empfohlen.<\/p>\n","protected":false},"excerpt":{"rendered":"<p><strong>FETTL\u00d6SER ALKALISCH \/ KRAFTVOLLER K\u00dcCHENREINIGER<\/strong><br \/>\nReinigt kraftvoll, eiwei\u00df- und \u00f6lverschmutzte Oberfl\u00e4chen aller Art.<\/p>\n<ul>\n<li>Besonders zur Reinigung stark fettverschmutzter Fu\u00dfb\u00f6den, Arbeitsfl\u00e4chen und Dunstabzugshauben<\/li>\n<li>Phosphatfrei!<\/li>\n<\/ul>\n<p>&nbsp;<\/p>\n<p><a href=\"https:\/\/arcora.de\/de\/wp-content\/uploads\/2024\/12\/ARCORA_INPUR_FETTLOeSER-ALKALISCH_01021_01018.pdf\" target=\"_blank\" rel=\"noopener noreferrer\"><img loading=\"lazy\" decoding=\"async\" class=\"alignnone wp-image-6442\" src=\"https:\/\/arcora.de\/de\/wp-content\/uploads\/2019\/03\/Produkt.png\" alt=\"\" width=\"223\" height=\"38\" \/><\/a><br \/>\n<a href=\"https:\/\/arcora.de\/de\/wp-content\/uploads\/2024\/12\/INPUR.pdf\" target=\"_blank\" rel=\"noopener noreferrer\"><img loading=\"lazy\" decoding=\"async\" class=\"alignnone wp-image-6442\" src=\"https:\/\/arcora.de\/de\/wp-content\/uploads\/2019\/03\/Sicherheit.png\" alt=\"\" width=\"223\" height=\"38\" \/><\/a><\/p>\n","protected":false},"featured_media":15115,"template":"","meta":[],"product_brand":[],"product_cat":[59,50],"product_tag":[],"class_list":{"0":"post-1793","1":"product","2":"type-product","3":"status-publish","4":"has-post-thumbnail","6":"product_cat-kuechenhygiene","7":"product_cat-reinigungsundpflegemittel","9":"first","10":"instock","11":"shipping-taxable","12":"product-type-simple","13":"prodpage-classic"},"_links":{"self":[{"href":"https:\/\/arcora.de\/de\/wp-json\/wp\/v2\/product\/1793","targetHints":{"allow":["GET"]}}],"collection":[{"href":"https:\/\/arcora.de\/de\/wp-json\/wp\/v2\/product"}],"about":[{"href":"https:\/\/arcora.de\/de\/wp-json\/wp\/v2\/types\/product"}],"wp:featuredmedia":[{"embeddable":true,"href":"https:\/\/arcora.de\/de\/wp-json\/wp\/v2\/media\/15115"}],"wp:attachment":[{"href":"https:\/\/arcora.de\/de\/wp-json\/wp\/v2\/media?parent=1793"}],"wp:term":[{"taxonomy":"product_brand","embeddable":true,"href":"https:\/\/arcora.de\/de\/wp-json\/wp\/v2\/product_brand?post=1793"},{"taxonomy":"product_cat","embeddable":true,"href":"https:\/\/arcora.de\/de\/wp-json\/wp\/v2\/product_cat?post=1793"},{"taxonomy":"product_tag","embeddable":true,"href":"https:\/\/arcora.de\/de\/wp-json\/wp\/v2\/product_tag?post=1793"}],"curies":[{"name":"wp","href":"https:\/\/api.w.org\/{rel}","templated":true}]}}