{"id":1797,"date":"2016-06-14T16:15:49","date_gmt":"2016-06-14T14:15:49","guid":{"rendered":"https:\/\/arcora.de\/de\/arcora\/produkt\/chlorado\/"},"modified":"2022-03-14T10:54:27","modified_gmt":"2022-03-14T09:54:27","slug":"chlorado","status":"publish","type":"product","link":"https:\/\/arcora.de\/de\/produkt\/chlorado\/","title":{"rendered":"CHLORADO"},"content":{"rendered":"<p><strong>Eigenschaften:<\/strong><br \/>\nEntfernung von pflanzlichen und tierischen Fetten, \u00d6len, Blut, Eiwei\u00df und Schimmel.<\/p>\n<ul>\n<li>Abt\u00f6tung von Bakterien, Pilzen und Viren<\/li>\n<li>Starke Bleichwirkung auf Tee-, Kaffee-, Obst- und Stockflecken<\/li>\n<\/ul>\n<p><strong>Anwendungsbereiche:<br \/>\n<\/strong>Reinigt schnell und sorgt f\u00fcr hygienische Sauberkeit in der Lebensmittelindustrie, wie z.B. Fleischerei, Milchwirtschaft, Brauereien, B\u00e4ckereien, Metzgereien, Gro\u00dfk\u00fcchen und Kantinen etc., besonders zur effizienten Reinigung von chlor- und s\u00e4urebest\u00e4ndigen Anlagen, Beh\u00e4ltern, B\u00f6den, Ger\u00e4ten, Maschinen, W\u00e4nden und Tanks mit herk\u00f6mmlichen oder stark fetthaltigen Verschmutzungen. F\u00fcr die Schaumreinigung bestens geeignet. Nicht f\u00fcr Bunt- und Leichtmetalle geeignet.<\/p>\n","protected":false},"excerpt":{"rendered":"<p><strong>K\u00dcCHENGRUNDREINIGER MIT AKTIV-CHLOR<\/strong><br \/>\nHochkonzentrierter K\u00fcchengrundreiniger mit Aktiv-Chlor zur Entfernung von pflanzlichen und tierischen Fetten, \u00d6len, Blut, Eiwei\u00df und Schimmel.<\/p>\n<ul>\n<li>Nach HACCP f\u00fcr den Lebensmittelbereich geeignet<\/li>\n<\/ul>\n<p>&nbsp;<\/p>\n<p><a href=\"https:\/\/arcora.de\/de\/wp-content\/uploads\/2021\/08\/CHLORADO-1.pdf\" target=\"_blank\" rel=\"noopener noreferrer\"><img loading=\"lazy\" decoding=\"async\" class=\"alignnone wp-image-6442\" src=\"https:\/\/arcora.de\/de\/wp-content\/uploads\/2019\/03\/Produkt.png\" alt=\"\" width=\"223\" height=\"38\" \/><\/a><br \/>\n<a href=\"https:\/\/arcora.de\/de\/wp-content\/uploads\/2022\/03\/SDB_CHLORADO.pdf\" target=\"_blank\" rel=\"noopener noreferrer\"><img loading=\"lazy\" decoding=\"async\" class=\"alignnone wp-image-6442\" src=\"https:\/\/arcora.de\/de\/wp-content\/uploads\/2019\/03\/Sicherheit.png\" alt=\"\" width=\"223\" height=\"38\" \/><\/a><\/p>\n","protected":false},"featured_media":11331,"template":"","meta":[],"product_brand":[],"product_cat":[59,50],"product_tag":[],"class_list":{"0":"post-1797","1":"product","2":"type-product","3":"status-publish","4":"has-post-thumbnail","6":"product_cat-kuechenhygiene","7":"product_cat-reinigungsundpflegemittel","9":"first","10":"instock","11":"shipping-taxable","12":"product-type-simple","13":"prodpage-classic"},"_links":{"self":[{"href":"https:\/\/arcora.de\/de\/wp-json\/wp\/v2\/product\/1797","targetHints":{"allow":["GET"]}}],"collection":[{"href":"https:\/\/arcora.de\/de\/wp-json\/wp\/v2\/product"}],"about":[{"href":"https:\/\/arcora.de\/de\/wp-json\/wp\/v2\/types\/product"}],"wp:featuredmedia":[{"embeddable":true,"href":"https:\/\/arcora.de\/de\/wp-json\/wp\/v2\/media\/11331"}],"wp:attachment":[{"href":"https:\/\/arcora.de\/de\/wp-json\/wp\/v2\/media?parent=1797"}],"wp:term":[{"taxonomy":"product_brand","embeddable":true,"href":"https:\/\/arcora.de\/de\/wp-json\/wp\/v2\/product_brand?post=1797"},{"taxonomy":"product_cat","embeddable":true,"href":"https:\/\/arcora.de\/de\/wp-json\/wp\/v2\/product_cat?post=1797"},{"taxonomy":"product_tag","embeddable":true,"href":"https:\/\/arcora.de\/de\/wp-json\/wp\/v2\/product_tag?post=1797"}],"curies":[{"name":"wp","href":"https:\/\/api.w.org\/{rel}","templated":true}]}}