{"id":181,"date":"2016-03-24T14:51:26","date_gmt":"2016-03-24T13:51:26","guid":{"rendered":"https:\/\/arcora.de\/de\/arcora\/produkt\/top-line-microfasertuch\/"},"modified":"2026-04-23T11:32:37","modified_gmt":"2026-04-23T09:32:37","slug":"top-line-microfasertuch","status":"publish","type":"product","link":"https:\/\/arcora.de\/de\/produkt\/top-line-microfasertuch\/","title":{"rendered":"TOP-LINE 320 MICROFASERTUCH"},"content":{"rendered":"<p><strong>Eigenschaften:<\/strong><br \/>\n\u2022 Doppelt vern\u00e4hter Kantenschutz und zus\u00e4tzliches Qualit\u00e4ts-Einfassband<br \/>\n\u2022 \u00dcberdurchschnittliche Lebensdauer<br \/>\n\u2022 Kosten- und Zeitersparnis gegen\u00fcber\u00a0handels\u00fcblichen Reinigungst\u00fcchern<br \/>\n\u2022 Maximale Aufnahmekraft von Schmutz und Wasser<\/p>\n<p><strong>Anwendungsbereiche:<\/strong><\/p>\n<p>F\u00fcr alle Oberfl\u00e4chen einsetzbar.<br \/>\nReinigt empfindliche Oberfl\u00e4chen ohne diese zu verkratzen.<\/p>\n","protected":false},"excerpt":{"rendered":"<p>Reinigt empfindliche Oberfl\u00e4chen, ohne diese zu verkratzen. Entfernt spielend leicht Fettflecken, Fingerabdr\u00fccke und Staub.<\/p>\n<p>&nbsp;<\/p>\n<p><a href=\"https:\/\/arcora.de\/de\/wp-content\/uploads\/2026\/04\/ARCORA_TOP-LINE-320-MICROFASERTUCH.pdf\" target=\"_blank\" rel=\"noopener noreferrer\"><img loading=\"lazy\" decoding=\"async\" class=\"alignnone wp-image-6442\" src=\"https:\/\/arcora.de\/de\/wp-content\/uploads\/2019\/03\/Produkt.png\" alt=\"\" width=\"223\" height=\"38\" \/><\/a><\/p>\n","protected":false},"featured_media":15746,"template":"","meta":[],"product_brand":[],"product_cat":[67,139],"product_tag":[],"class_list":{"0":"post-181","1":"product","2":"type-product","3":"status-publish","4":"has-post-thumbnail","6":"product_cat-microfasertuecher","7":"product_cat-reinigungstextilien","9":"first","10":"instock","11":"shipping-taxable","12":"product-type-simple","13":"prodpage-classic"},"_links":{"self":[{"href":"https:\/\/arcora.de\/de\/wp-json\/wp\/v2\/product\/181","targetHints":{"allow":["GET"]}}],"collection":[{"href":"https:\/\/arcora.de\/de\/wp-json\/wp\/v2\/product"}],"about":[{"href":"https:\/\/arcora.de\/de\/wp-json\/wp\/v2\/types\/product"}],"wp:featuredmedia":[{"embeddable":true,"href":"https:\/\/arcora.de\/de\/wp-json\/wp\/v2\/media\/15746"}],"wp:attachment":[{"href":"https:\/\/arcora.de\/de\/wp-json\/wp\/v2\/media?parent=181"}],"wp:term":[{"taxonomy":"product_brand","embeddable":true,"href":"https:\/\/arcora.de\/de\/wp-json\/wp\/v2\/product_brand?post=181"},{"taxonomy":"product_cat","embeddable":true,"href":"https:\/\/arcora.de\/de\/wp-json\/wp\/v2\/product_cat?post=181"},{"taxonomy":"product_tag","embeddable":true,"href":"https:\/\/arcora.de\/de\/wp-json\/wp\/v2\/product_tag?post=181"}],"curies":[{"name":"wp","href":"https:\/\/api.w.org\/{rel}","templated":true}]}}