{"id":182,"date":"2016-03-24T14:54:41","date_gmt":"2016-03-24T13:54:41","guid":{"rendered":"https:\/\/arcora.de\/de\/arcora\/produkt\/soft-line-microfasertuch\/"},"modified":"2025-08-19T11:32:45","modified_gmt":"2025-08-19T09:32:45","slug":"soft-line-microfasertuch","status":"publish","type":"product","link":"https:\/\/arcora.de\/de\/produkt\/soft-line-microfasertuch\/","title":{"rendered":"SOFT-LINE 320 MICROFASERTUCH"},"content":{"rendered":"<p>Das hochwertige SOFT-LINE 320 Tuch ist universell auf allen Oberfl\u00e4chen einsetzbar und \u00fcberzeugt durch seine au\u00dfergew\u00f6hnliche Reinigungsleistung. Dank der Kombination aus<br \/>\nstatischer Aufladung und Kapillarwirkung nimmt es selbst feinste Staub- und Schmutzpartikel zuverl\u00e4ssig auf. Die Ergebnisse sind bemerkenswert gr\u00fcndlich, absolut fusselfrei und schonend f\u00fcr jede Oberfl\u00e4che.<\/p>\n<p>\u2022 Doppelt vern\u00e4hter Kantenschutz mit zus\u00e4tzlichem Qualit\u00e4ts-Einfassband<br \/>\n\u2022 Herausragende Schmutz- und Wasseraufnahme<br \/>\n\u2022 Hohe Lebensdauer<\/p>\n","protected":false},"excerpt":{"rendered":"<p>Das hochwertige Microfasertuch f\u00fcr die professionelle Reinigung. Softiges, weiches Tuch, das kleinste Partikel aufnimmt.<\/p>\n<p>&nbsp;<\/p>\n<p><a href=\"https:\/\/arcora.de\/de\/wp-content\/uploads\/2025\/08\/ARCORA_SOFT-LINE-320-MICROFASERTUCH.pdf\" target=\"_blank\" rel=\"noopener noreferrer\"><img loading=\"lazy\" decoding=\"async\" class=\"alignnone wp-image-6442\" src=\"https:\/\/arcora.de\/de\/wp-content\/uploads\/2019\/03\/Produkt.png\" alt=\"\" width=\"223\" height=\"38\" \/><\/a><\/p>\n","protected":false},"featured_media":15334,"template":"","meta":[],"product_brand":[],"product_cat":[67,139],"product_tag":[],"class_list":{"0":"post-182","1":"product","2":"type-product","3":"status-publish","4":"has-post-thumbnail","6":"product_cat-microfasertuecher","7":"product_cat-reinigungstextilien","9":"first","10":"instock","11":"shipping-taxable","12":"product-type-simple","13":"prodpage-classic"},"_links":{"self":[{"href":"https:\/\/arcora.de\/de\/wp-json\/wp\/v2\/product\/182","targetHints":{"allow":["GET"]}}],"collection":[{"href":"https:\/\/arcora.de\/de\/wp-json\/wp\/v2\/product"}],"about":[{"href":"https:\/\/arcora.de\/de\/wp-json\/wp\/v2\/types\/product"}],"wp:featuredmedia":[{"embeddable":true,"href":"https:\/\/arcora.de\/de\/wp-json\/wp\/v2\/media\/15334"}],"wp:attachment":[{"href":"https:\/\/arcora.de\/de\/wp-json\/wp\/v2\/media?parent=182"}],"wp:term":[{"taxonomy":"product_brand","embeddable":true,"href":"https:\/\/arcora.de\/de\/wp-json\/wp\/v2\/product_brand?post=182"},{"taxonomy":"product_cat","embeddable":true,"href":"https:\/\/arcora.de\/de\/wp-json\/wp\/v2\/product_cat?post=182"},{"taxonomy":"product_tag","embeddable":true,"href":"https:\/\/arcora.de\/de\/wp-json\/wp\/v2\/product_tag?post=182"}],"curies":[{"name":"wp","href":"https:\/\/api.w.org\/{rel}","templated":true}]}}