{"id":185,"date":"2016-03-24T15:09:57","date_gmt":"2016-03-24T14:09:57","guid":{"rendered":"https:\/\/arcora.de\/de\/arcora\/produkt\/fine-line-microfaser-glastuch\/"},"modified":"2023-09-05T10:51:12","modified_gmt":"2023-09-05T08:51:12","slug":"fine-line-microfaser-glastuch","status":"publish","type":"product","link":"https:\/\/arcora.de\/de\/produkt\/fine-line-microfaser-glastuch\/","title":{"rendered":"FINE-LINE MICROFASER GLASTUCH"},"content":{"rendered":"<p><strong>Eigenschaften:<\/strong><br \/>\n\u2022 Doppelt vern\u00e4hter Kantenschutz und zus\u00e4tzliches Qualit\u00e4ts-Einfassband<br \/>\n\u2022 \u00dcberdurchschnittliche Lebensdauer<br \/>\n\u2022 Kosten- und Zeitersparnis gegen\u00fcber handels\u00fcblichen Reinigungst\u00fcchern<br \/>\n\u2022 Maximale Aufnahmekraft von Schmutz und Wasser<br \/>\n\u2022 Superabsorbierend: nimmt das 8-fache Eigengewicht an Fl\u00fcssigkeit auf.<\/p>\n<p><strong>Anwendungsbereiche:<\/strong><\/p>\n<p>\u2022 Streifenfreies Reinigen von Glas, Spiegeln und Chrom. Fusselfrei durch Spezialgewebe.<\/p>\n","protected":false},"excerpt":{"rendered":"<p>\u201eEin Muss f\u00fcr die Glasreinigung\u201c. Dieses Tuch erm\u00f6glicht ein streifen- und fusselfreies Reinigen von Glas, Spiegel und Chrom.<\/p>\n<p>&nbsp;<\/p>\n<p><a href=\"https:\/\/arcora.de\/de\/wp-content\/uploads\/2023\/09\/PDB_FINE-LINE.pdf\" target=\"_blank\" rel=\"noopener noreferrer\"><img loading=\"lazy\" decoding=\"async\" class=\"alignnone wp-image-6442\" src=\"https:\/\/arcora.de\/de\/wp-content\/uploads\/2019\/03\/Produkt.png\" alt=\"\" width=\"223\" height=\"38\" \/><\/a><\/p>\n","protected":false},"featured_media":13894,"template":"","meta":[],"product_brand":[],"product_cat":[67,139],"product_tag":[],"class_list":{"0":"post-185","1":"product","2":"type-product","3":"status-publish","4":"has-post-thumbnail","6":"product_cat-microfasertuecher","7":"product_cat-reinigungstextilien","9":"first","10":"instock","11":"shipping-taxable","12":"product-type-simple","13":"prodpage-classic"},"_links":{"self":[{"href":"https:\/\/arcora.de\/de\/wp-json\/wp\/v2\/product\/185","targetHints":{"allow":["GET"]}}],"collection":[{"href":"https:\/\/arcora.de\/de\/wp-json\/wp\/v2\/product"}],"about":[{"href":"https:\/\/arcora.de\/de\/wp-json\/wp\/v2\/types\/product"}],"wp:featuredmedia":[{"embeddable":true,"href":"https:\/\/arcora.de\/de\/wp-json\/wp\/v2\/media\/13894"}],"wp:attachment":[{"href":"https:\/\/arcora.de\/de\/wp-json\/wp\/v2\/media?parent=185"}],"wp:term":[{"taxonomy":"product_brand","embeddable":true,"href":"https:\/\/arcora.de\/de\/wp-json\/wp\/v2\/product_brand?post=185"},{"taxonomy":"product_cat","embeddable":true,"href":"https:\/\/arcora.de\/de\/wp-json\/wp\/v2\/product_cat?post=185"},{"taxonomy":"product_tag","embeddable":true,"href":"https:\/\/arcora.de\/de\/wp-json\/wp\/v2\/product_tag?post=185"}],"curies":[{"name":"wp","href":"https:\/\/api.w.org\/{rel}","templated":true}]}}