{"id":186,"date":"2016-03-24T15:12:10","date_gmt":"2016-03-24T14:12:10","guid":{"rendered":"https:\/\/arcora.de\/de\/arcora\/produkt\/geschirrtuch-aus-microfaser-blau\/"},"modified":"2024-02-13T12:37:33","modified_gmt":"2024-02-13T11:37:33","slug":"geschirrtuch-aus-microfaser-blau","status":"publish","type":"product","link":"https:\/\/arcora.de\/de\/produkt\/geschirrtuch-aus-microfaser-blau\/","title":{"rendered":"MULTI SHINE MICROFASER GESCHIRRTUCH"},"content":{"rendered":"<p><strong>Besonderheiten:<\/strong><br \/>\nDas Tuch besteht aus einem sehr feinen und pflegeleichtem Gewebe und hat eine \u00fcberdurchschnittliche Lebensdauer. Reinigt ideal, fusselfrei und fettabsorbierend alle glatten Oberfl\u00e4chen.<\/p>\n<p><strong>Anwendung:<\/strong><br \/>\nSowohl trocken als auch feucht anwendbar.<\/p>\n<p><strong>Anwendungsbereich:<\/strong><br \/>\nZum trocknen und reinigen von Geschirr.<\/p>\n","protected":false},"excerpt":{"rendered":"<p>DAS TUCH F\u00dcR SAUBERES GESCHIRR!<\/p>\n<p>\u2022 Doppelt vern\u00e4hter Kantenschutz und zus\u00e4tzliches Qualit\u00e4ts-Einfassband<br \/>\n\u2022 Kosten- und Zeitersparnis gegen\u00fcber handels\u00fcblichen Reinigungst\u00fcchern<br \/>\n\u2022 Maximale Aufnahmekraft von Schmutz und Wasser<\/p>\n<p><a href=\"https:\/\/arcora.de\/de\/wp-content\/uploads\/2024\/02\/MULTI-SHINE-GESCHIRRTUCH-1.pdf\" target=\"_blank\" rel=\"noopener noreferrer\"><img loading=\"lazy\" decoding=\"async\" class=\"alignnone wp-image-6442\" src=\"https:\/\/arcora.de\/de\/wp-content\/uploads\/2019\/03\/Produkt.png\" alt=\"\" width=\"223\" height=\"38\" \/><\/a><\/p>\n","protected":false},"featured_media":14400,"template":"","meta":[],"product_brand":[],"product_cat":[67,139],"product_tag":[],"class_list":{"0":"post-186","1":"product","2":"type-product","3":"status-publish","4":"has-post-thumbnail","6":"product_cat-microfasertuecher","7":"product_cat-reinigungstextilien","9":"first","10":"instock","11":"shipping-taxable","12":"product-type-simple","13":"prodpage-classic"},"_links":{"self":[{"href":"https:\/\/arcora.de\/de\/wp-json\/wp\/v2\/product\/186","targetHints":{"allow":["GET"]}}],"collection":[{"href":"https:\/\/arcora.de\/de\/wp-json\/wp\/v2\/product"}],"about":[{"href":"https:\/\/arcora.de\/de\/wp-json\/wp\/v2\/types\/product"}],"wp:featuredmedia":[{"embeddable":true,"href":"https:\/\/arcora.de\/de\/wp-json\/wp\/v2\/media\/14400"}],"wp:attachment":[{"href":"https:\/\/arcora.de\/de\/wp-json\/wp\/v2\/media?parent=186"}],"wp:term":[{"taxonomy":"product_brand","embeddable":true,"href":"https:\/\/arcora.de\/de\/wp-json\/wp\/v2\/product_brand?post=186"},{"taxonomy":"product_cat","embeddable":true,"href":"https:\/\/arcora.de\/de\/wp-json\/wp\/v2\/product_cat?post=186"},{"taxonomy":"product_tag","embeddable":true,"href":"https:\/\/arcora.de\/de\/wp-json\/wp\/v2\/product_tag?post=186"}],"curies":[{"name":"wp","href":"https:\/\/api.w.org\/{rel}","templated":true}]}}