{"id":187,"date":"2016-03-24T15:23:29","date_gmt":"2016-03-24T14:23:29","guid":{"rendered":"https:\/\/arcora.de\/de\/arcora\/produkt\/bodentuch-aus-microfaser-blau\/"},"modified":"2024-07-18T15:15:43","modified_gmt":"2024-07-18T13:15:43","slug":"bodentuch-aus-microfaser-blau","status":"publish","type":"product","link":"https:\/\/arcora.de\/de\/produkt\/bodentuch-aus-microfaser-blau\/","title":{"rendered":"FLOOR-CLEAN MICROFASER BODENTUCH"},"content":{"rendered":"<p><strong>Besonderheiten:<\/strong><br \/>\nFusselfreies, fettabsorbierendes und waschbares Microfaser Bodentuch f\u00fcr jegliche Bodenbel\u00e4ge geeignet. Von Fliesen, Stein, Parkett- \u00fcber Laminat- und PVC- B\u00f6den kann alles gereinigt werden.<\/p>\n<p><strong>Anwendung:<\/strong><br \/>\nSowohl trocken als auch feucht anwendbar.<br \/>\nTrocken: f\u00fcr leichte Verschmutzung und Staub<br \/>\nLeicht feucht: f\u00fcr starke Verschmutzung<\/p>\n<p><strong>Anwendungsbereich:<\/strong><br \/>\nZur Reinigung von jeglichen Bodenbel\u00e4gen.<br \/>\nBesonders geeignet f\u00fcr den Einsatz in \u00f6ffentlichen Einrichtungen, Hotels,<br \/>\nRestaurants und Gastst\u00e4tten, Flugh\u00e4fen, B\u00fcrogeb\u00e4uden usw.<\/p>\n","protected":false},"excerpt":{"rendered":"<p><strong>DAS IDEALE BODENTUCH F\u00dcR S\u00c4MTLICHE B\u00d6DEN<\/strong><\/p>\n<p>\u2022 Doppel vern\u00e4hter Kantenschutz und zus\u00e4tzliches Qualit\u00e4ts-Einfassband<br \/>\n\u2022 Maximale Aufnahmekraft von Schmutz und Wasser<br \/>\n\u2022 \u00dcberdurchschnittliche Lebensdauer<br \/>\n\u2022 Kosten- und Zeitersparnis gegen\u00fcber handels\u00fcblichen Reinigungst\u00fcchern<\/p>\n<p>&nbsp;<\/p>\n<p><a href=\"https:\/\/arcora.de\/de\/wp-content\/uploads\/2024\/07\/FLOOR-CLEAN-BODENTUCH.pdf\" target=\"_blank\" rel=\"noopener noreferrer\"><img loading=\"lazy\" decoding=\"async\" class=\"alignnone wp-image-6442\" src=\"https:\/\/arcora.de\/de\/wp-content\/uploads\/2019\/03\/Produkt.png\" alt=\"\" width=\"223\" height=\"38\" \/><\/a><\/p>\n","protected":false},"featured_media":14402,"template":"","meta":[],"product_brand":[],"product_cat":[67,139],"product_tag":[],"class_list":{"0":"post-187","1":"product","2":"type-product","3":"status-publish","4":"has-post-thumbnail","6":"product_cat-microfasertuecher","7":"product_cat-reinigungstextilien","9":"first","10":"instock","11":"shipping-taxable","12":"product-type-simple","13":"prodpage-classic"},"_links":{"self":[{"href":"https:\/\/arcora.de\/de\/wp-json\/wp\/v2\/product\/187","targetHints":{"allow":["GET"]}}],"collection":[{"href":"https:\/\/arcora.de\/de\/wp-json\/wp\/v2\/product"}],"about":[{"href":"https:\/\/arcora.de\/de\/wp-json\/wp\/v2\/types\/product"}],"wp:featuredmedia":[{"embeddable":true,"href":"https:\/\/arcora.de\/de\/wp-json\/wp\/v2\/media\/14402"}],"wp:attachment":[{"href":"https:\/\/arcora.de\/de\/wp-json\/wp\/v2\/media?parent=187"}],"wp:term":[{"taxonomy":"product_brand","embeddable":true,"href":"https:\/\/arcora.de\/de\/wp-json\/wp\/v2\/product_brand?post=187"},{"taxonomy":"product_cat","embeddable":true,"href":"https:\/\/arcora.de\/de\/wp-json\/wp\/v2\/product_cat?post=187"},{"taxonomy":"product_tag","embeddable":true,"href":"https:\/\/arcora.de\/de\/wp-json\/wp\/v2\/product_tag?post=187"}],"curies":[{"name":"wp","href":"https:\/\/api.w.org\/{rel}","templated":true}]}}