{"id":1876,"date":"2016-06-17T09:25:23","date_gmt":"2016-06-17T07:25:23","guid":{"rendered":"https:\/\/arcora.de\/de\/arcora\/produkt\/edol\/"},"modified":"2024-06-11T13:37:26","modified_gmt":"2024-06-11T11:37:26","slug":"edol","status":"publish","type":"product","link":"https:\/\/arcora.de\/de\/produkt\/edol\/","title":{"rendered":"EDOL 2IN1"},"content":{"rendered":"<p><strong>Eigenschaften:<\/strong><br \/>\nEDOL 2IN1 ist ein gebrauchsfertiger Edelstahlreiniger und Pfleger f\u00fcr alle Aluminium-, Eloxal-, Edelstahl- und Buntmetalloberfl\u00e4chen. Es entfernt Beschlag auf Oberfl\u00e4chen und Apparaten sowie Fingerabdr\u00fccke, Wasserflecken und andere Verschmutzungen. Zus\u00e4tzlich verleiht EDOL 2IN1 gereinigten Oberfl\u00e4chen ihren urspr\u00fcnglichen Glanz zur\u00fcck und hinterl\u00e4sst einen pflegenden Film, der auch nach Alterung nicht durchh\u00e4rtet. Wiederholte Anwendungen f\u00fchren daher nicht zu \u00fcberm\u00e4\u00dfigem Pflegefilmaufbau. Behandelte Fl\u00e4chen nur mit EDOL 2IN1 nachbehandeln.<\/p>\n<ul>\n<li>Mit Abperleffekt<\/li>\n<li>Reinigt und pflegt in einem Arbeitsgang<\/li>\n<li>Entfernt auch hartn\u00e4ckige Verschmutzungen<\/li>\n<li>Verhindert bei regelm\u00e4\u00dfiger Anwendung eine schnelle Wiederverschmutzung<\/li>\n<\/ul>\n<p><strong>Anwendungsbereiche:<br \/>\n<\/strong>Reinigung und Pflege von Aluminium-, Eloxal-, Edelstahl- und Buntmetalloberfl\u00e4chen im Innenbereich. Ideal f\u00fcr den Einsatz in lebensmittelverarbeitenden Betrieben.<\/p>\n","protected":false},"excerpt":{"rendered":"<p><strong>EDELSTAHLREINIGER UND PFLEGER IN EINEM<\/strong><br \/>\nEDOL 2IN1 ist ein gebrauchsfertiger Edelstahlreiniger und Pfleger f\u00fcr alle Aluminium-, Eloxal-, Edelstahl- und Buntmetalloberfl\u00e4chen.<\/p>\n<p>&nbsp;<\/p>\n<p><a href=\"https:\/\/arcora.de\/de\/wp-content\/uploads\/2024\/06\/ARCORA_EDOL2IN1_EDELSTAHLREINIGER_01170.pdf\" target=\"_blank\" rel=\"noopener noreferrer\"><img loading=\"lazy\" decoding=\"async\" class=\"alignnone wp-image-6442\" src=\"https:\/\/arcora.de\/de\/wp-content\/uploads\/2019\/03\/Produkt.png\" alt=\"\" width=\"223\" height=\"38\" \/><\/a><br \/>\n<a href=\"https:\/\/arcora.de\/de\/wp-content\/uploads\/2022\/03\/SDB_EDOL-2IN1.pdf\" target=\"_blank\" rel=\"noopener noreferrer\"><img loading=\"lazy\" decoding=\"async\" class=\"alignnone wp-image-6442\" src=\"https:\/\/arcora.de\/de\/wp-content\/uploads\/2019\/03\/Sicherheit.png\" alt=\"\" width=\"223\" height=\"38\" \/><\/a><br \/>\n<a href=\"https:\/\/arcora.de\/de\/wp-content\/uploads\/2021\/01\/BA_EDOL-2IN1.pdf\" target=\"_blank\" rel=\"noopener noreferrer\"><img loading=\"lazy\" decoding=\"async\" class=\"alignnone wp-image-6442\" src=\"https:\/\/arcora.de\/de\/wp-content\/uploads\/2019\/03\/Betrieb.png\" alt=\"\" width=\"223\" height=\"38\" \/><\/a><\/p>\n","protected":false},"featured_media":14529,"template":"","meta":[],"product_brand":[],"product_cat":[59,50],"product_tag":[],"class_list":{"0":"post-1876","1":"product","2":"type-product","3":"status-publish","4":"has-post-thumbnail","6":"product_cat-kuechenhygiene","7":"product_cat-reinigungsundpflegemittel","9":"first","10":"instock","11":"shipping-taxable","12":"product-type-simple","13":"prodpage-classic"},"_links":{"self":[{"href":"https:\/\/arcora.de\/de\/wp-json\/wp\/v2\/product\/1876","targetHints":{"allow":["GET"]}}],"collection":[{"href":"https:\/\/arcora.de\/de\/wp-json\/wp\/v2\/product"}],"about":[{"href":"https:\/\/arcora.de\/de\/wp-json\/wp\/v2\/types\/product"}],"wp:featuredmedia":[{"embeddable":true,"href":"https:\/\/arcora.de\/de\/wp-json\/wp\/v2\/media\/14529"}],"wp:attachment":[{"href":"https:\/\/arcora.de\/de\/wp-json\/wp\/v2\/media?parent=1876"}],"wp:term":[{"taxonomy":"product_brand","embeddable":true,"href":"https:\/\/arcora.de\/de\/wp-json\/wp\/v2\/product_brand?post=1876"},{"taxonomy":"product_cat","embeddable":true,"href":"https:\/\/arcora.de\/de\/wp-json\/wp\/v2\/product_cat?post=1876"},{"taxonomy":"product_tag","embeddable":true,"href":"https:\/\/arcora.de\/de\/wp-json\/wp\/v2\/product_tag?post=1876"}],"curies":[{"name":"wp","href":"https:\/\/api.w.org\/{rel}","templated":true}]}}