{"id":1878,"date":"2016-06-17T09:28:49","date_gmt":"2016-06-17T07:28:49","guid":{"rendered":"https:\/\/arcora.de\/de\/arcora\/produkt\/alive\/"},"modified":"2022-03-14T10:32:23","modified_gmt":"2022-03-14T09:32:23","slug":"alive","status":"publish","type":"product","link":"https:\/\/arcora.de\/de\/produkt\/alive\/","title":{"rendered":"ALIVE"},"content":{"rendered":"<p><strong>Eigenschaften:<\/strong><\/p>\n<ul>\n<li>Verf\u00fcgt \u00fcber ein ausgezeichnetes Ansch\u00e4umverm\u00f6gen und ist angenehm parf\u00fcmiert<\/li>\n<li>Erh\u00e4lt den S\u00e4ureschutzmantel der Haut<\/li>\n<li>Frei von Alkalien und L\u00f6sungsmitteln<\/li>\n<li>Verursacht keine Korrosion beim Einsatz in den herk\u00f6mmlichen Spenderautomaten<\/li>\n<li>Abwasserfreundlich, voll biologisch abbaubar, wasserl\u00f6slich<\/li>\n<li>Verursacht keine Verstopfungen von Abwasserleitungen<\/li>\n<\/ul>\n<p><strong>Anwendungsbereiche:<br \/>\n<\/strong>Ideal f\u00fcr die schonende Hautreinigung bei leichten bis mittleren Verschmutzungen der H\u00e4nde. Universell einsetzbar in Hotel und Gastronomie, B\u00fcros, Schulen, Industriebetrieben usw.<\/p>\n","protected":false},"excerpt":{"rendered":"<p><strong>HANDWASCHLOTION F\u00dcR SEIFENSPENDER<\/strong><br \/>\nHandwaschlotion basierend auf neuartigen Waschaktivsubstanzen, Hautschutzkomponenten, sowie antibakteriellen Zus\u00e4tzen.<\/p>\n<p>&nbsp;<\/p>\n<p><a href=\"https:\/\/arcora.de\/de\/wp-content\/uploads\/2022\/02\/ALIVE.pdf\" target=\"_blank\" rel=\"noopener noreferrer\"><img loading=\"lazy\" decoding=\"async\" class=\"alignnone wp-image-6442\" src=\"https:\/\/arcora.de\/de\/wp-content\/uploads\/2019\/03\/Produkt.png\" alt=\"\" width=\"223\" height=\"38\" \/><\/a><br \/>\n<a href=\"https:\/\/arcora.de\/de\/wp-content\/uploads\/2022\/03\/SDB_ALIVE.pdf\" target=\"_blank\" rel=\"noopener noreferrer\"><img loading=\"lazy\" decoding=\"async\" class=\"alignnone wp-image-6442\" src=\"https:\/\/arcora.de\/de\/wp-content\/uploads\/2019\/03\/Sicherheit.png\" alt=\"\" width=\"223\" height=\"38\" \/><\/a><\/p>\n","protected":false},"featured_media":11458,"template":"","meta":[],"product_brand":[],"product_cat":[60,50],"product_tag":[],"class_list":{"0":"post-1878","1":"product","2":"type-product","3":"status-publish","4":"has-post-thumbnail","6":"product_cat-hautschutz","7":"product_cat-reinigungsundpflegemittel","9":"first","10":"instock","11":"shipping-taxable","12":"product-type-simple","13":"prodpage-classic"},"_links":{"self":[{"href":"https:\/\/arcora.de\/de\/wp-json\/wp\/v2\/product\/1878","targetHints":{"allow":["GET"]}}],"collection":[{"href":"https:\/\/arcora.de\/de\/wp-json\/wp\/v2\/product"}],"about":[{"href":"https:\/\/arcora.de\/de\/wp-json\/wp\/v2\/types\/product"}],"wp:featuredmedia":[{"embeddable":true,"href":"https:\/\/arcora.de\/de\/wp-json\/wp\/v2\/media\/11458"}],"wp:attachment":[{"href":"https:\/\/arcora.de\/de\/wp-json\/wp\/v2\/media?parent=1878"}],"wp:term":[{"taxonomy":"product_brand","embeddable":true,"href":"https:\/\/arcora.de\/de\/wp-json\/wp\/v2\/product_brand?post=1878"},{"taxonomy":"product_cat","embeddable":true,"href":"https:\/\/arcora.de\/de\/wp-json\/wp\/v2\/product_cat?post=1878"},{"taxonomy":"product_tag","embeddable":true,"href":"https:\/\/arcora.de\/de\/wp-json\/wp\/v2\/product_tag?post=1878"}],"curies":[{"name":"wp","href":"https:\/\/api.w.org\/{rel}","templated":true}]}}