{"id":1879,"date":"2016-06-17T09:31:07","date_gmt":"2016-06-17T07:31:07","guid":{"rendered":"https:\/\/arcora.de\/de\/arcora\/produkt\/wales\/"},"modified":"2025-11-26T15:36:09","modified_gmt":"2025-11-26T14:36:09","slug":"wales","status":"publish","type":"product","link":"https:\/\/arcora.de\/de\/produkt\/wales\/","title":{"rendered":"WALES"},"content":{"rendered":"<p><strong>Eigenschaften:<br \/>\n<\/strong>Durch den einzigartigen Melonenduft und die wertvollen Wasch- und Pflegesubstanzen sorgt Wales f\u00fcr ein sp\u00fcrbar angenehmes Gef\u00fchl auf Ihrer Haut.<\/p>\n<ul>\n<li>pH-Wert ist der Haut angepasst<\/li>\n<li>Als Seifencreme sowie als Duschbad in s\u00e4mtlichen Bereichen einsetzbar<\/li>\n<\/ul>\n<p><strong>Anwendungsbereiche:<br \/>\n<\/strong>Milde und pflegende Hautreinigungs- und Duschlotion mit erfrischender Parf\u00fcmierung. Geeignet f\u00fcr Hotels, Gastst\u00e4tten, Waschr\u00e4ume, Pflegebereiche, Verwaltungs- und B\u00fcrogeb\u00e4ude usw.<\/p>\n","protected":false},"excerpt":{"rendered":"<p><strong>HAUTREINIGUNGS- UND DUSCHLOTION<\/strong><br \/>\nHochwertige Hautreinigungslotion f\u00fcr die sanfte Reinigung und Pflege Ihrer Haut mit dem frischen Duft der Melone.<\/p>\n<p>&nbsp;<\/p>\n<p><a href=\"https:\/\/arcora.de\/de\/wp-content\/uploads\/2025\/11\/PDB_Wales.pdf\" target=\"_blank\" rel=\"noopener noreferrer\"><img loading=\"lazy\" decoding=\"async\" class=\"alignnone wp-image-6442\" src=\"https:\/\/arcora.de\/de\/wp-content\/uploads\/2019\/03\/Produkt.png\" alt=\"\" width=\"223\" height=\"38\" \/><\/a><br \/>\n<a href=\"https:\/\/arcora.de\/de\/wp-content\/uploads\/2025\/11\/SDB_WALES.pdf\" target=\"_blank\" rel=\"noopener noreferrer\"><img loading=\"lazy\" decoding=\"async\" class=\"alignnone wp-image-6442\" src=\"https:\/\/arcora.de\/de\/wp-content\/uploads\/2019\/03\/Sicherheit.png\" alt=\"\" width=\"223\" height=\"38\" \/><\/a><\/p>\n","protected":false},"featured_media":11655,"template":"","meta":[],"product_brand":[],"product_cat":[60,50],"product_tag":[],"class_list":{"0":"post-1879","1":"product","2":"type-product","3":"status-publish","4":"has-post-thumbnail","6":"product_cat-hautschutz","7":"product_cat-reinigungsundpflegemittel","9":"first","10":"instock","11":"shipping-taxable","12":"product-type-simple","13":"prodpage-classic"},"_links":{"self":[{"href":"https:\/\/arcora.de\/de\/wp-json\/wp\/v2\/product\/1879","targetHints":{"allow":["GET"]}}],"collection":[{"href":"https:\/\/arcora.de\/de\/wp-json\/wp\/v2\/product"}],"about":[{"href":"https:\/\/arcora.de\/de\/wp-json\/wp\/v2\/types\/product"}],"wp:featuredmedia":[{"embeddable":true,"href":"https:\/\/arcora.de\/de\/wp-json\/wp\/v2\/media\/11655"}],"wp:attachment":[{"href":"https:\/\/arcora.de\/de\/wp-json\/wp\/v2\/media?parent=1879"}],"wp:term":[{"taxonomy":"product_brand","embeddable":true,"href":"https:\/\/arcora.de\/de\/wp-json\/wp\/v2\/product_brand?post=1879"},{"taxonomy":"product_cat","embeddable":true,"href":"https:\/\/arcora.de\/de\/wp-json\/wp\/v2\/product_cat?post=1879"},{"taxonomy":"product_tag","embeddable":true,"href":"https:\/\/arcora.de\/de\/wp-json\/wp\/v2\/product_tag?post=1879"}],"curies":[{"name":"wp","href":"https:\/\/api.w.org\/{rel}","templated":true}]}}