{"id":188,"date":"2016-03-24T15:25:49","date_gmt":"2016-03-24T14:25:49","guid":{"rendered":"https:\/\/arcora.de\/de\/arcora\/produkt\/profi-fenstertuch-aus-microfaser-blau-extra-gross\/"},"modified":"2023-03-23T09:45:24","modified_gmt":"2023-03-23T08:45:24","slug":"profi-fenstertuch-aus-microfaser-blau-extra-gross","status":"publish","type":"product","link":"https:\/\/arcora.de\/de\/produkt\/profi-fenstertuch-aus-microfaser-blau-extra-gross\/","title":{"rendered":"PROFI MICROFASER FENSTERTUCH"},"content":{"rendered":"<p><strong>Eigenschaften:<\/strong><\/p>\n<p>\u2022 Doppelt vern\u00e4hter Kantenschutz und zus\u00e4tzliches Qualit\u00e4ts-Einfassband<br \/>\n\u2022 \u00dcberdurchschnittliche Lebensdauer<br \/>\n\u2022 Kosten- und Zeitersparnis gegen\u00fcber handels\u00fcblichen Reinigungst\u00fcchern<br \/>\n\u2022 Maximale Aufnahmekraft von Schmutz und Wasser<br \/>\n\u2022 Superabsorbierend: Nimmt das 8-fache Eigengewicht an Fl\u00fcssigkeit auf<\/p>\n","protected":false},"excerpt":{"rendered":"<p><strong>\u201eEXTRA GROSS\u201c IN BLAU<\/strong><\/p>\n<p>\u201eEin Muss f\u00fcr die Glasreinigung\u201c. Dieses Tuch erm\u00f6glicht ein streifen- und fusselfreies Reinigen von Glas, Spiegeln und Chrom.<\/p>\n<p>&nbsp;<\/p>\n<p><a href=\"https:\/\/arcora.de\/de\/wp-content\/uploads\/2022\/05\/PDB_PROFI_FENSTERTUCH.pdf\" target=\"_blank\" rel=\"noopener noreferrer\"><img loading=\"lazy\" decoding=\"async\" class=\"alignnone wp-image-6442\" src=\"https:\/\/arcora.de\/de\/wp-content\/uploads\/2019\/03\/Produkt.png\" alt=\"\" width=\"223\" height=\"38\" \/><\/a><\/p>\n","protected":false},"featured_media":1423,"template":"","meta":[],"product_brand":[],"product_cat":[67],"product_tag":[],"class_list":{"0":"post-188","1":"product","2":"type-product","3":"status-publish","4":"has-post-thumbnail","6":"product_cat-microfasertuecher","8":"first","9":"instock","10":"shipping-taxable","11":"product-type-simple","12":"prodpage-classic"},"_links":{"self":[{"href":"https:\/\/arcora.de\/de\/wp-json\/wp\/v2\/product\/188","targetHints":{"allow":["GET"]}}],"collection":[{"href":"https:\/\/arcora.de\/de\/wp-json\/wp\/v2\/product"}],"about":[{"href":"https:\/\/arcora.de\/de\/wp-json\/wp\/v2\/types\/product"}],"wp:featuredmedia":[{"embeddable":true,"href":"https:\/\/arcora.de\/de\/wp-json\/wp\/v2\/media\/1423"}],"wp:attachment":[{"href":"https:\/\/arcora.de\/de\/wp-json\/wp\/v2\/media?parent=188"}],"wp:term":[{"taxonomy":"product_brand","embeddable":true,"href":"https:\/\/arcora.de\/de\/wp-json\/wp\/v2\/product_brand?post=188"},{"taxonomy":"product_cat","embeddable":true,"href":"https:\/\/arcora.de\/de\/wp-json\/wp\/v2\/product_cat?post=188"},{"taxonomy":"product_tag","embeddable":true,"href":"https:\/\/arcora.de\/de\/wp-json\/wp\/v2\/product_tag?post=188"}],"curies":[{"name":"wp","href":"https:\/\/api.w.org\/{rel}","templated":true}]}}