{"id":1887,"date":"2016-06-17T10:15:29","date_gmt":"2016-06-17T08:15:29","guid":{"rendered":"https:\/\/arcora.de\/de\/arcora\/produkt\/cleator\/"},"modified":"2022-03-14T10:57:53","modified_gmt":"2022-03-14T09:57:53","slug":"cleator","status":"publish","type":"product","link":"https:\/\/arcora.de\/de\/produkt\/cleator\/","title":{"rendered":"CLEATOR"},"content":{"rendered":"<p><strong>Eigenschaften:<br \/>\n<\/strong>Saurer, fl\u00fcssiger Kalkl\u00f6ser, entfernt Kalkbel\u00e4ge, Wasserflecken und andere Niederschl\u00e4ge auf Maschineninnenfl\u00e4chen. F\u00fcr Hei\u00dfwasserger\u00e4te, Sp\u00fclmaschinen, Kaffeemaschinen, Waschmaschinen und \u00e4hnliche Ger\u00e4te.<\/p>\n<p><strong>Anwendungsbereiche:<br \/>\n<\/strong>F\u00fcr Hei\u00dfwasserger\u00e4te, Sp\u00fclmaschinen, Kaffeemaschinen, Waschmaschinen und \u00e4hnliche Ger\u00e4te.<\/p>\n","protected":false},"excerpt":{"rendered":"<p><strong>KALKL\u00d6SER F\u00dcR GEWERBLICHE MASCHINEN<\/strong><br \/>\nSaurer, fl\u00fcssiger Kalkl\u00f6ser, entfernt Kalkbel\u00e4ge, Wasserflecken und andere Niederschl\u00e4ge auf Maschineninnenfl\u00e4chen.<\/p>\n<p><a href=\"https:\/\/arcora.de\/de\/wp-content\/uploads\/2021\/11\/CLEATOR.pdf\" target=\"_blank\" rel=\"noopener noreferrer\"><img loading=\"lazy\" decoding=\"async\" class=\"alignnone wp-image-6442\" src=\"https:\/\/arcora.de\/de\/wp-content\/uploads\/2019\/03\/Produkt.png\" alt=\"\" width=\"223\" height=\"38\" \/><\/a><br \/>\n<a href=\"https:\/\/arcora.de\/de\/wp-content\/uploads\/2022\/03\/SDB_CLEATOR.pdf\" target=\"_blank\" rel=\"noopener noreferrer\"><img loading=\"lazy\" decoding=\"async\" class=\"alignnone wp-image-6442\" src=\"https:\/\/arcora.de\/de\/wp-content\/uploads\/2019\/03\/Sicherheit.png\" alt=\"\" width=\"223\" height=\"38\" \/><\/a><br \/>\n<a href=\"https:\/\/arcora.de\/de\/wp-content\/uploads\/2021\/01\/BA_CLEATOR.pdf\" target=\"_blank\" rel=\"noopener noreferrer\"><img loading=\"lazy\" decoding=\"async\" class=\"alignnone wp-image-6442\" src=\"https:\/\/arcora.de\/de\/wp-content\/uploads\/2019\/03\/Betrieb.png\" alt=\"\" width=\"223\" height=\"38\" \/><\/a><\/p>\n","protected":false},"featured_media":10561,"template":"","meta":[],"product_brand":[],"product_cat":[61,50],"product_tag":[],"class_list":{"0":"post-1887","1":"product","2":"type-product","3":"status-publish","4":"has-post-thumbnail","6":"product_cat-geschirrreiniger","7":"product_cat-reinigungsundpflegemittel","9":"first","10":"instock","11":"shipping-taxable","12":"product-type-simple","13":"prodpage-classic"},"_links":{"self":[{"href":"https:\/\/arcora.de\/de\/wp-json\/wp\/v2\/product\/1887","targetHints":{"allow":["GET"]}}],"collection":[{"href":"https:\/\/arcora.de\/de\/wp-json\/wp\/v2\/product"}],"about":[{"href":"https:\/\/arcora.de\/de\/wp-json\/wp\/v2\/types\/product"}],"wp:featuredmedia":[{"embeddable":true,"href":"https:\/\/arcora.de\/de\/wp-json\/wp\/v2\/media\/10561"}],"wp:attachment":[{"href":"https:\/\/arcora.de\/de\/wp-json\/wp\/v2\/media?parent=1887"}],"wp:term":[{"taxonomy":"product_brand","embeddable":true,"href":"https:\/\/arcora.de\/de\/wp-json\/wp\/v2\/product_brand?post=1887"},{"taxonomy":"product_cat","embeddable":true,"href":"https:\/\/arcora.de\/de\/wp-json\/wp\/v2\/product_cat?post=1887"},{"taxonomy":"product_tag","embeddable":true,"href":"https:\/\/arcora.de\/de\/wp-json\/wp\/v2\/product_tag?post=1887"}],"curies":[{"name":"wp","href":"https:\/\/api.w.org\/{rel}","templated":true}]}}