{"id":1889,"date":"2016-06-17T10:20:54","date_gmt":"2016-06-17T08:20:54","guid":{"rendered":"https:\/\/arcora.de\/de\/arcora\/produkt\/protap-2in1\/"},"modified":"2023-11-21T14:28:28","modified_gmt":"2023-11-21T13:28:28","slug":"protap-2in1","status":"publish","type":"product","link":"https:\/\/arcora.de\/de\/produkt\/protap-2in1\/","title":{"rendered":"PROTAP 2IN1"},"content":{"rendered":"<p><strong>Eigenschaften:<\/strong><\/p>\n<ul>\n<li>2-Phasen-System mit Reiniger und Klarsp\u00fcler<\/li>\n<li>Entfernt hartn\u00e4ckige und eingetrocknete Verschmutzungen<\/li>\n<li>Schont dabei Glas und Dekor<\/li>\n<li>Klarsp\u00fcler verhindert Wasserflecken und sorgt f\u00fcr strahlenden Glanz<\/li>\n<\/ul>\n<p><strong>Anwendungsbereiche:<br \/>\n<\/strong>PROTAP 2in1 ist f\u00fcr alle Haushalts-, Kurztaktmaschinen und halb gewerbliche Anlagen geeignet.<\/p>\n","protected":false},"excerpt":{"rendered":"<p><strong>GESCHIRR-REINIGUNGSKONZENTRAT <\/strong><br \/>\nHochkonzentrierte Sp\u00fclmaschinentabs mit integrierter Klarsp\u00fclkomponente f\u00fcr gewerbliche und Haushaltssp\u00fclmaschinen.<\/p>\n<p>&nbsp;<\/p>\n<p><a href=\"https:\/\/arcora.de\/de\/wp-content\/uploads\/2023\/11\/PROTAP-2in1.pdf\" target=\"_blank\" rel=\"noopener noreferrer\"><img loading=\"lazy\" decoding=\"async\" class=\"alignnone wp-image-6442\" src=\"https:\/\/arcora.de\/de\/wp-content\/uploads\/2019\/03\/Produkt.png\" alt=\"\" width=\"223\" height=\"38\" \/><\/a><br \/>\n<a href=\"https:\/\/arcora.de\/de\/wp-content\/uploads\/2023\/07\/SDB_Protap-2IN1.pdf\" target=\"_blank\" rel=\"noopener noreferrer\"><img loading=\"lazy\" decoding=\"async\" class=\"alignnone wp-image-6442\" src=\"https:\/\/arcora.de\/de\/wp-content\/uploads\/2019\/03\/Sicherheit.png\" alt=\"\" width=\"223\" height=\"38\" \/><\/a><br \/>\n<a href=\"https:\/\/arcora.de\/de\/wp-content\/uploads\/2016\/04\/BA_Protap-2in1.pdf\" target=\"_blank\" rel=\"noopener noreferrer\"><img loading=\"lazy\" decoding=\"async\" class=\"alignnone wp-image-6442\" src=\"https:\/\/arcora.de\/de\/wp-content\/uploads\/2019\/03\/Betrieb.png\" alt=\"\" width=\"223\" height=\"38\" \/><\/a><\/p>\n","protected":false},"featured_media":11494,"template":"","meta":[],"product_brand":[],"product_cat":[61,50],"product_tag":[],"class_list":{"0":"post-1889","1":"product","2":"type-product","3":"status-publish","4":"has-post-thumbnail","6":"product_cat-geschirrreiniger","7":"product_cat-reinigungsundpflegemittel","9":"first","10":"instock","11":"shipping-taxable","12":"product-type-simple","13":"prodpage-classic"},"_links":{"self":[{"href":"https:\/\/arcora.de\/de\/wp-json\/wp\/v2\/product\/1889","targetHints":{"allow":["GET"]}}],"collection":[{"href":"https:\/\/arcora.de\/de\/wp-json\/wp\/v2\/product"}],"about":[{"href":"https:\/\/arcora.de\/de\/wp-json\/wp\/v2\/types\/product"}],"wp:featuredmedia":[{"embeddable":true,"href":"https:\/\/arcora.de\/de\/wp-json\/wp\/v2\/media\/11494"}],"wp:attachment":[{"href":"https:\/\/arcora.de\/de\/wp-json\/wp\/v2\/media?parent=1889"}],"wp:term":[{"taxonomy":"product_brand","embeddable":true,"href":"https:\/\/arcora.de\/de\/wp-json\/wp\/v2\/product_brand?post=1889"},{"taxonomy":"product_cat","embeddable":true,"href":"https:\/\/arcora.de\/de\/wp-json\/wp\/v2\/product_cat?post=1889"},{"taxonomy":"product_tag","embeddable":true,"href":"https:\/\/arcora.de\/de\/wp-json\/wp\/v2\/product_tag?post=1889"}],"curies":[{"name":"wp","href":"https:\/\/api.w.org\/{rel}","templated":true}]}}