{"id":189,"date":"2016-03-24T15:39:50","date_gmt":"2016-03-24T14:39:50","guid":{"rendered":"https:\/\/arcora.de\/de\/arcora\/produkt\/polish-line-microfasertuch-blau-hochflor-randlos\/"},"modified":"2023-10-16T11:21:30","modified_gmt":"2023-10-16T09:21:30","slug":"polish-line-microfasertuch-blau-hochflor-randlos","status":"publish","type":"product","link":"https:\/\/arcora.de\/de\/produkt\/polish-line-microfasertuch-blau-hochflor-randlos\/","title":{"rendered":"POLISH-LINE MICROFASERTUCH"},"content":{"rendered":"<p><strong>Eigenschaften:<\/strong><\/p>\n<p>\u2022 Ohne Rand<br \/>\n\u2022 \u00dcberdurchschnittliche Lebensdauer<br \/>\n\u2022 Kosten- und Zeitersparnis gegen\u00fcber handels\u00fcblichen Reinigungst\u00fcchern<br \/>\n\u2022 Maximale Aufnahmekraft von Schmutz und Wasser<\/p>\n<p><strong>Anwendungsbereiche:<\/strong><\/p>\n<p>Es ist ideal geeignet um Poliermittelreste, Wachse usw. auszupolieren.<\/p>\n","protected":false},"excerpt":{"rendered":"<p><strong>HOCHFLOR &#8211; RANDLOS IN BLAU<\/strong><\/p>\n<p>Ein flauschiges Microfasertuch, das ideal als Poliertuch verwendet werden kann. Optimal f\u00fcr die Autoaufbereitung geeignet.<\/p>\n<p>&nbsp;<\/p>\n<p><a href=\"https:\/\/arcora.de\/de\/wp-content\/uploads\/2022\/05\/PDB_POLISH-LINE_MICROFASERTUCH.pdf\" target=\"_blank\" rel=\"noopener noreferrer\"><img loading=\"lazy\" decoding=\"async\" class=\"alignnone wp-image-6442\" src=\"https:\/\/arcora.de\/de\/wp-content\/uploads\/2019\/03\/Produkt.png\" alt=\"\" width=\"223\" height=\"38\" \/><\/a><\/p>\n","protected":false},"featured_media":1425,"template":"","meta":[],"product_brand":[],"product_cat":[67,139],"product_tag":[],"class_list":{"0":"post-189","1":"product","2":"type-product","3":"status-publish","4":"has-post-thumbnail","6":"product_cat-microfasertuecher","7":"product_cat-reinigungstextilien","9":"first","10":"instock","11":"shipping-taxable","12":"product-type-simple","13":"prodpage-classic"},"_links":{"self":[{"href":"https:\/\/arcora.de\/de\/wp-json\/wp\/v2\/product\/189","targetHints":{"allow":["GET"]}}],"collection":[{"href":"https:\/\/arcora.de\/de\/wp-json\/wp\/v2\/product"}],"about":[{"href":"https:\/\/arcora.de\/de\/wp-json\/wp\/v2\/types\/product"}],"wp:featuredmedia":[{"embeddable":true,"href":"https:\/\/arcora.de\/de\/wp-json\/wp\/v2\/media\/1425"}],"wp:attachment":[{"href":"https:\/\/arcora.de\/de\/wp-json\/wp\/v2\/media?parent=189"}],"wp:term":[{"taxonomy":"product_brand","embeddable":true,"href":"https:\/\/arcora.de\/de\/wp-json\/wp\/v2\/product_brand?post=189"},{"taxonomy":"product_cat","embeddable":true,"href":"https:\/\/arcora.de\/de\/wp-json\/wp\/v2\/product_cat?post=189"},{"taxonomy":"product_tag","embeddable":true,"href":"https:\/\/arcora.de\/de\/wp-json\/wp\/v2\/product_tag?post=189"}],"curies":[{"name":"wp","href":"https:\/\/api.w.org\/{rel}","templated":true}]}}