{"id":1892,"date":"2016-06-17T10:33:55","date_gmt":"2016-06-17T08:33:55","guid":{"rendered":"https:\/\/arcora.de\/de\/arcora\/produkt\/eco-plus-cf\/"},"modified":"2023-11-21T14:21:47","modified_gmt":"2023-11-21T13:21:47","slug":"eco-plus-cf","status":"publish","type":"product","link":"https:\/\/arcora.de\/de\/produkt\/eco-plus-cf\/","title":{"rendered":"ECO PLUS-CF"},"content":{"rendered":"<p><strong>Eigenschaften:<\/strong><br \/>\nLeistungsf\u00e4higer, umweltschonender Geschirrreiniger ohne Chloranteile f\u00fcr die maschinelle Reinigung von Geschirr- und K\u00fcchenger\u00e4ten in der Lebensmittelindustrie und in K\u00fcchenbetrieben. Alkalischer Reiniger mit guter, st\u00e4rkel\u00f6sender Wirkung.<br \/>\nReinigt schonend Geschirr, Gl\u00e4ser, Besteck etc.<\/p>\n<p><strong>Anwendungsbereiche:<br \/>\n<\/strong>F\u00fcr Geschirrsp\u00fclmaschinen in der Gastronomie und in Gro\u00dfk\u00fcchen.<br \/>\nUm optimale Ergebnisse zu erzielen, empfehlen wir einen Klarsp\u00fcler wie z.B. ECO SAUER oder FINALIN.<\/p>\n","protected":false},"excerpt":{"rendered":"<p><strong>CHLORFREIER GESCHIRRREINIGER F\u00dcR SP\u00dcLMASCHINEN<\/strong><br \/>\nLeistungsf\u00e4higer, umweltschonender Geschirrreiniger ohne Chloranteile f\u00fcr die maschinelle Reinigung von Geschirr- und K\u00fcchenger\u00e4ten in der Lebensmittelindustrie und in K\u00fcchenbetrieben.<\/p>\n<p>&nbsp;<\/p>\n<p><a href=\"https:\/\/arcora.de\/de\/wp-content\/uploads\/2023\/11\/ECO_PLUS-CF-2023.pdf\" target=\"_blank\" rel=\"noopener noreferrer\"><img loading=\"lazy\" decoding=\"async\" class=\"alignnone wp-image-6442\" src=\"https:\/\/arcora.de\/de\/wp-content\/uploads\/2019\/03\/Produkt.png\" alt=\"\" width=\"223\" height=\"38\" \/><\/a><br \/>\n<a href=\"https:\/\/arcora.de\/de\/wp-content\/uploads\/2022\/03\/SDB_ECO-PLUS-CF.pdf\" target=\"_blank\" rel=\"noopener noreferrer\"><img loading=\"lazy\" decoding=\"async\" class=\"alignnone wp-image-6442\" src=\"https:\/\/arcora.de\/de\/wp-content\/uploads\/2019\/03\/Sicherheit.png\" alt=\"\" width=\"223\" height=\"38\" \/><\/a><br \/>\n<a href=\"https:\/\/arcora.de\/de\/wp-content\/uploads\/2021\/02\/BA_ECO-PLUS-CF.pdf\" target=\"_blank\" rel=\"noopener noreferrer\"><img loading=\"lazy\" decoding=\"async\" class=\"alignnone wp-image-6442\" src=\"https:\/\/arcora.de\/de\/wp-content\/uploads\/2019\/03\/Betrieb.png\" alt=\"\" width=\"223\" height=\"38\" \/><\/a><\/p>\n","protected":false},"featured_media":14181,"template":"","meta":[],"product_brand":[],"product_cat":[61,50],"product_tag":[],"class_list":{"0":"post-1892","1":"product","2":"type-product","3":"status-publish","4":"has-post-thumbnail","6":"product_cat-geschirrreiniger","7":"product_cat-reinigungsundpflegemittel","9":"first","10":"instock","11":"shipping-taxable","12":"product-type-simple","13":"prodpage-classic"},"_links":{"self":[{"href":"https:\/\/arcora.de\/de\/wp-json\/wp\/v2\/product\/1892","targetHints":{"allow":["GET"]}}],"collection":[{"href":"https:\/\/arcora.de\/de\/wp-json\/wp\/v2\/product"}],"about":[{"href":"https:\/\/arcora.de\/de\/wp-json\/wp\/v2\/types\/product"}],"wp:featuredmedia":[{"embeddable":true,"href":"https:\/\/arcora.de\/de\/wp-json\/wp\/v2\/media\/14181"}],"wp:attachment":[{"href":"https:\/\/arcora.de\/de\/wp-json\/wp\/v2\/media?parent=1892"}],"wp:term":[{"taxonomy":"product_brand","embeddable":true,"href":"https:\/\/arcora.de\/de\/wp-json\/wp\/v2\/product_brand?post=1892"},{"taxonomy":"product_cat","embeddable":true,"href":"https:\/\/arcora.de\/de\/wp-json\/wp\/v2\/product_cat?post=1892"},{"taxonomy":"product_tag","embeddable":true,"href":"https:\/\/arcora.de\/de\/wp-json\/wp\/v2\/product_tag?post=1892"}],"curies":[{"name":"wp","href":"https:\/\/api.w.org\/{rel}","templated":true}]}}