{"id":1893,"date":"2016-06-17T10:44:58","date_gmt":"2016-06-17T08:44:58","guid":{"rendered":"https:\/\/arcora.de\/de\/arcora\/produkt\/eco-gls\/"},"modified":"2022-03-14T10:59:32","modified_gmt":"2022-03-14T09:59:32","slug":"eco-gls","status":"publish","type":"product","link":"https:\/\/arcora.de\/de\/produkt\/eco-gls\/","title":{"rendered":"ECO GLS"},"content":{"rendered":"<p><strong>Eigenschaften:<\/strong><br \/>\nFl\u00fcssiges Maschinensp\u00fclmittel f\u00fcr Gl\u00e4sersp\u00fclmaschinen.<br \/>\nKonzentriertes und chlorfreies Gl\u00e4sersp\u00fclmittel mit erh\u00f6hter Reinigungsleistung speziell f\u00fcr gewerbliche Gl\u00e4sersp\u00fclmaschinen<br \/>\nmit automatischer Fl\u00fcssigdosierung. Entfernt auch Verkrustungen und stark fettige Verschmutzungen auch bei kurzen Maschinenlaufzeiten. F\u00fcr alle Wasserh\u00e4rten geeignet. Maschinenvorschrift beachten. Grunds\u00e4tzlich mit geeigneten Dosierger\u00e4ten automatisch dosieren, nicht f\u00fcr die manuelle Dosierung geeignet!<\/p>\n<p><strong>Anwendungsbereiche:<br \/>\n<\/strong>F\u00fcr Gl\u00e4sersp\u00fclmaschinen in der Gastronomie und in Gro\u00dfk\u00fcchen.<br \/>\nGeeignet f\u00fcr Sp\u00fclgut aus Glas, Keramik, Porzellan, Stahl, Silber.<br \/>\nUm optimale Ergebnisse zu erzielen, empfehlen wir einen Klarsp\u00fcler wie z.B. ECO SAUER oder FINALIN.<\/p>\n","protected":false},"excerpt":{"rendered":"<p><strong>GL\u00c4SERREINIGER F\u00dcR SP\u00dcLMASCHINEN<\/strong><br \/>\nFl\u00fcssiges Maschinensp\u00fclmittel f\u00fcr Gl\u00e4sersp\u00fclmaschinen.<\/p>\n<p>&nbsp;<\/p>\n<p><a href=\"https:\/\/arcora.de\/de\/wp-content\/uploads\/2022\/02\/ECO_GLS.pdf\" target=\"_blank\" rel=\"noopener noreferrer\"><img loading=\"lazy\" decoding=\"async\" class=\"alignnone wp-image-6442\" src=\"https:\/\/arcora.de\/de\/wp-content\/uploads\/2019\/03\/Produkt.png\" alt=\"\" width=\"223\" height=\"38\" \/><\/a><br \/>\n<a href=\"https:\/\/arcora.de\/de\/wp-content\/uploads\/2022\/03\/SDB_ECO-GLS.pdf\" target=\"_blank\" rel=\"noopener noreferrer\"><img loading=\"lazy\" decoding=\"async\" class=\"alignnone wp-image-6442\" src=\"https:\/\/arcora.de\/de\/wp-content\/uploads\/2019\/03\/Sicherheit.png\" alt=\"\" width=\"223\" height=\"38\" \/><\/a><br \/>\n<a href=\"https:\/\/arcora.de\/de\/wp-content\/uploads\/2021\/02\/BA_ECO-GLS.pdf\" target=\"_blank\" rel=\"noopener noreferrer\"><img loading=\"lazy\" decoding=\"async\" class=\"alignnone wp-image-6442\" src=\"https:\/\/arcora.de\/de\/wp-content\/uploads\/2019\/03\/Betrieb.png\" alt=\"\" width=\"223\" height=\"38\" \/><\/a><\/p>\n","protected":false},"featured_media":10521,"template":"","meta":[],"product_brand":[],"product_cat":[61,50],"product_tag":[],"class_list":{"0":"post-1893","1":"product","2":"type-product","3":"status-publish","4":"has-post-thumbnail","6":"product_cat-geschirrreiniger","7":"product_cat-reinigungsundpflegemittel","9":"first","10":"instock","11":"shipping-taxable","12":"product-type-simple","13":"prodpage-classic"},"_links":{"self":[{"href":"https:\/\/arcora.de\/de\/wp-json\/wp\/v2\/product\/1893","targetHints":{"allow":["GET"]}}],"collection":[{"href":"https:\/\/arcora.de\/de\/wp-json\/wp\/v2\/product"}],"about":[{"href":"https:\/\/arcora.de\/de\/wp-json\/wp\/v2\/types\/product"}],"wp:featuredmedia":[{"embeddable":true,"href":"https:\/\/arcora.de\/de\/wp-json\/wp\/v2\/media\/10521"}],"wp:attachment":[{"href":"https:\/\/arcora.de\/de\/wp-json\/wp\/v2\/media?parent=1893"}],"wp:term":[{"taxonomy":"product_brand","embeddable":true,"href":"https:\/\/arcora.de\/de\/wp-json\/wp\/v2\/product_brand?post=1893"},{"taxonomy":"product_cat","embeddable":true,"href":"https:\/\/arcora.de\/de\/wp-json\/wp\/v2\/product_cat?post=1893"},{"taxonomy":"product_tag","embeddable":true,"href":"https:\/\/arcora.de\/de\/wp-json\/wp\/v2\/product_tag?post=1893"}],"curies":[{"name":"wp","href":"https:\/\/api.w.org\/{rel}","templated":true}]}}