{"id":1896,"date":"2016-06-17T11:19:53","date_gmt":"2016-06-17T09:19:53","guid":{"rendered":"https:\/\/arcora.de\/de\/arcora\/produkt\/eco-sauer\/"},"modified":"2022-03-14T11:02:07","modified_gmt":"2022-03-14T10:02:07","slug":"eco-sauer","status":"publish","type":"product","link":"https:\/\/arcora.de\/de\/produkt\/eco-sauer\/","title":{"rendered":"ECO SAUER"},"content":{"rendered":"<p><strong>Eigenschaften:<\/strong><br \/>\nDas saure Geschirrklarsp\u00fclmittel auf nat\u00fcrlicher Basis sorgt f\u00fcr einen strahlenden Glanz auf Glas und Geschirr und verhindert Wassertropfen, Flecken und Schleier &#8211; f\u00fcr ein streifenfreies Sp\u00fclergebnis. Keine Entstehung von R\u00fcckst\u00e4nden oder Ablagerungen auf dem Geschirr. Erm\u00f6glicht das perl- und schlierenfreie Ablaufen des Wassers vom Sp\u00fclgut und sorgt f\u00fcr strahlenden Glanz. Das Produkt ist extrem schaumged\u00e4mpft und bei allen Wasserh\u00e4rten einsetzbar.<\/p>\n<p><strong>Anwendungsbereiche:<br \/>\n<\/strong>F\u00fcr Geschirrsp\u00fclmaschinen in der Gastronomie und in Gro\u00dfk\u00fcchen.<br \/>\nUm optimale Ergebnisse zu erzielen, empfehlen wir einen Geschirrreiniger wie<br \/>\nz.B. ECO PLUS oder ECO PLUS-CF.<\/p>\n","protected":false},"excerpt":{"rendered":"<p><strong>GESCHIRRKLARSP\u00dcLMITTEL \u201eSAUER\u201c<\/strong><br \/>\nDas saure Geschirrklarsp\u00fclmittel auf nat\u00fcrlicher Basis sorgt f\u00fcr einen\u00a0 strahlenden Glanz auf Glas und Geschirr und verhindert Wassertropfen, Flecken und Schleier &#8211; f\u00fcr ein streifenfreies Sp\u00fclergebnis.<\/p>\n<p>&nbsp;<\/p>\n<p><a href=\"https:\/\/arcora.de\/de\/wp-content\/uploads\/2021\/01\/ECO-SAUER.pdf\" target=\"_blank\" rel=\"noopener noreferrer\"><img loading=\"lazy\" decoding=\"async\" class=\"alignnone wp-image-6442\" src=\"https:\/\/arcora.de\/de\/wp-content\/uploads\/2019\/03\/Produkt.png\" alt=\"\" width=\"223\" height=\"38\" \/><\/a><br \/>\n<a href=\"https:\/\/arcora.de\/de\/wp-content\/uploads\/2022\/03\/SDB_ECO-SAUER.pdf\" target=\"_blank\" rel=\"noopener noreferrer\"><img loading=\"lazy\" decoding=\"async\" class=\"alignnone wp-image-6442\" src=\"https:\/\/arcora.de\/de\/wp-content\/uploads\/2019\/03\/Sicherheit.png\" alt=\"\" width=\"223\" height=\"38\" \/><\/a><br \/>\n<a href=\"https:\/\/arcora.de\/de\/wp-content\/uploads\/2021\/02\/BA_ECO-SAUER.pdf\" target=\"_blank\" rel=\"noopener noreferrer\"><img loading=\"lazy\" decoding=\"async\" class=\"alignnone wp-image-6442\" src=\"https:\/\/arcora.de\/de\/wp-content\/uploads\/2019\/03\/Betrieb.png\" alt=\"\" width=\"223\" height=\"38\" \/><\/a><\/p>\n","protected":false},"featured_media":10518,"template":"","meta":[],"product_brand":[],"product_cat":[61,50],"product_tag":[],"class_list":{"0":"post-1896","1":"product","2":"type-product","3":"status-publish","4":"has-post-thumbnail","6":"product_cat-geschirrreiniger","7":"product_cat-reinigungsundpflegemittel","9":"first","10":"instock","11":"shipping-taxable","12":"product-type-simple","13":"prodpage-classic"},"_links":{"self":[{"href":"https:\/\/arcora.de\/de\/wp-json\/wp\/v2\/product\/1896","targetHints":{"allow":["GET"]}}],"collection":[{"href":"https:\/\/arcora.de\/de\/wp-json\/wp\/v2\/product"}],"about":[{"href":"https:\/\/arcora.de\/de\/wp-json\/wp\/v2\/types\/product"}],"wp:featuredmedia":[{"embeddable":true,"href":"https:\/\/arcora.de\/de\/wp-json\/wp\/v2\/media\/10518"}],"wp:attachment":[{"href":"https:\/\/arcora.de\/de\/wp-json\/wp\/v2\/media?parent=1896"}],"wp:term":[{"taxonomy":"product_brand","embeddable":true,"href":"https:\/\/arcora.de\/de\/wp-json\/wp\/v2\/product_brand?post=1896"},{"taxonomy":"product_cat","embeddable":true,"href":"https:\/\/arcora.de\/de\/wp-json\/wp\/v2\/product_cat?post=1896"},{"taxonomy":"product_tag","embeddable":true,"href":"https:\/\/arcora.de\/de\/wp-json\/wp\/v2\/product_tag?post=1896"}],"curies":[{"name":"wp","href":"https:\/\/api.w.org\/{rel}","templated":true}]}}