{"id":1897,"date":"2016-06-17T11:28:43","date_gmt":"2016-06-17T09:28:43","guid":{"rendered":"https:\/\/arcora.de\/de\/arcora\/produkt\/claramat-try\/"},"modified":"2023-11-02T10:16:24","modified_gmt":"2023-11-02T09:16:24","slug":"claramat-try","status":"publish","type":"product","link":"https:\/\/arcora.de\/de\/produkt\/claramat-try\/","title":{"rendered":"CLARAMAT TRY"},"content":{"rendered":"<p><strong>Eigenschaften:<\/strong><\/p>\n<ul>\n<li>L\u00f6st sich gleichm\u00e4\u00dfig und r\u00fcckstandslos auf<\/li>\n<li>Sorgt f\u00fcr Kalkfreiheit der Maschinen<\/li>\n<li>F\u00fcr strahlenden Glanz auf Geschirr, Gl\u00e4sern und Besteck<\/li>\n<\/ul>\n<p><strong>Anwendungsbereiche:<br \/>\n<\/strong>F\u00fcr\u00a0den Wasserenth\u00e4rter von\u00a0Geschirrsp\u00fclern.<\/p>\n","protected":false},"excerpt":{"rendered":"<p><strong>SPEZIALSALZ F\u00dcR ALLE GESCHIRRSP\u00dcLMASCHINEN<\/strong><br \/>\nExtra grobk\u00f6rniges Siedesalz.<\/p>\n<p>&nbsp;<\/p>\n<p><a href=\"https:\/\/arcora.de\/de\/wp-content\/uploads\/2023\/07\/SDB_Claramat-Try.pdf\" target=\"_blank\" rel=\"noopener noreferrer\"><img loading=\"lazy\" decoding=\"async\" class=\"alignnone wp-image-6442\" src=\"https:\/\/arcora.de\/de\/wp-content\/uploads\/2019\/03\/Sicherheit.png\" alt=\"\" width=\"223\" height=\"38\" \/><\/a><\/p>\n","protected":false},"featured_media":14118,"template":"","meta":[],"product_brand":[],"product_cat":[61,50],"product_tag":[],"class_list":{"0":"post-1897","1":"product","2":"type-product","3":"status-publish","4":"has-post-thumbnail","6":"product_cat-geschirrreiniger","7":"product_cat-reinigungsundpflegemittel","9":"first","10":"instock","11":"shipping-taxable","12":"product-type-simple","13":"prodpage-classic"},"_links":{"self":[{"href":"https:\/\/arcora.de\/de\/wp-json\/wp\/v2\/product\/1897","targetHints":{"allow":["GET"]}}],"collection":[{"href":"https:\/\/arcora.de\/de\/wp-json\/wp\/v2\/product"}],"about":[{"href":"https:\/\/arcora.de\/de\/wp-json\/wp\/v2\/types\/product"}],"wp:featuredmedia":[{"embeddable":true,"href":"https:\/\/arcora.de\/de\/wp-json\/wp\/v2\/media\/14118"}],"wp:attachment":[{"href":"https:\/\/arcora.de\/de\/wp-json\/wp\/v2\/media?parent=1897"}],"wp:term":[{"taxonomy":"product_brand","embeddable":true,"href":"https:\/\/arcora.de\/de\/wp-json\/wp\/v2\/product_brand?post=1897"},{"taxonomy":"product_cat","embeddable":true,"href":"https:\/\/arcora.de\/de\/wp-json\/wp\/v2\/product_cat?post=1897"},{"taxonomy":"product_tag","embeddable":true,"href":"https:\/\/arcora.de\/de\/wp-json\/wp\/v2\/product_tag?post=1897"}],"curies":[{"name":"wp","href":"https:\/\/api.w.org\/{rel}","templated":true}]}}