{"id":1899,"date":"2016-06-17T11:43:20","date_gmt":"2016-06-17T09:43:20","guid":{"rendered":"https:\/\/arcora.de\/de\/arcora\/produkt\/citrus-power\/"},"modified":"2023-02-07T10:23:19","modified_gmt":"2023-02-07T09:23:19","slug":"citrus-power","status":"publish","type":"product","link":"https:\/\/arcora.de\/de\/produkt\/citrus-power\/","title":{"rendered":"CITRUS POWER PREMIUM"},"content":{"rendered":"<p><strong>Eigenschaften:<br \/>\n<\/strong>Hautfreundliches, neutrales, tensidhaltiges Geschirrsp\u00fclmittel mit angenehmem <strong>Citrus-Duft<\/strong>. F\u00fcr die schonende Reinigung s\u00e4mtlicher wasserfester Oberfl\u00e4chen geeignet. Gutes Ablaufverm\u00f6gen bringt brillanten Glanz ohne abtrocknen zu m\u00fcssen. Umweltschonend, da gem\u00e4\u00df Waschmittelgesetz biologisch abbaubar. Die enthaltenen Tenside sorgen f\u00fcr eine optimale Fett- und Schmutzl\u00f6sekraft und strahlend sauberes, gl\u00e4nzendes Geschirr. Dank der sensitiven Rezeptur werden die H\u00e4nde beim Sp\u00fclen besonders geschont, das Feuchtigkeitsgleichgewicht der Haut bleibt erhalten. Das Sp\u00fclmittel ist <strong>pH-hautneutral<\/strong> ausgerichtet.<\/p>\n<p><strong>Anwendungsbereiche:<br \/>\n<\/strong>Zum Sp\u00fclen und Reinigen aller wasservertr\u00e4glichen Gegenst\u00e4nde und Fl\u00e4chen. Sp\u00fclt und reinigt fettl\u00f6send, wirkt schnell, gr\u00fcndlich und schont Haut und Material. Ist geeignet zum Geschirrsp\u00fclen mit der Hand. F\u00fcr alle \u00fcblichen Sp\u00fclg\u00fcter aus z.B. Glas, Porzellan, Edelstahl.<\/p>\n","protected":false},"excerpt":{"rendered":"<p><strong>HANDSP\u00dcLMITTEL MIT CITRUS-KRAFT<\/strong><br \/>\nHautfreundliches, neutrales, tensidhaltiges Geschirrsp\u00fclmittel mit angenehmen <strong>Citrus-Duft<\/strong>.<\/p>\n<p><a href=\"https:\/\/arcora.de\/de\/wp-content\/uploads\/2022\/02\/CITRUS-POWER-NEU.pdf\" target=\"_blank\" rel=\"noopener noreferrer\"><img loading=\"lazy\" decoding=\"async\" class=\"alignnone wp-image-6442\" src=\"https:\/\/arcora.de\/de\/wp-content\/uploads\/2019\/03\/Produkt.png\" alt=\"\" width=\"223\" height=\"38\" \/><\/a><br \/>\n<a href=\"https:\/\/arcora.de\/de\/wp-content\/uploads\/2022\/03\/SDB_CITRUS-POWER.pdf\" target=\"_blank\" rel=\"noopener noreferrer\"><img loading=\"lazy\" decoding=\"async\" class=\"alignnone wp-image-6442\" src=\"https:\/\/arcora.de\/de\/wp-content\/uploads\/2019\/03\/Sicherheit.png\" alt=\"\" width=\"223\" height=\"38\" \/><\/a><br \/>\n<a href=\"https:\/\/arcora.de\/de\/wp-content\/uploads\/2021\/01\/BA_CITRUS-POWER.pdf\" target=\"_blank\" rel=\"noopener noreferrer\"><img loading=\"lazy\" decoding=\"async\" class=\"alignnone wp-image-6442\" src=\"https:\/\/arcora.de\/de\/wp-content\/uploads\/2019\/03\/Betrieb.png\" alt=\"\" width=\"223\" height=\"38\" \/><\/a><\/p>\n","protected":false},"featured_media":10608,"template":"","meta":[],"product_brand":[],"product_cat":[61,50],"product_tag":[],"class_list":{"0":"post-1899","1":"product","2":"type-product","3":"status-publish","4":"has-post-thumbnail","6":"product_cat-geschirrreiniger","7":"product_cat-reinigungsundpflegemittel","9":"first","10":"instock","11":"shipping-taxable","12":"product-type-simple","13":"prodpage-classic"},"_links":{"self":[{"href":"https:\/\/arcora.de\/de\/wp-json\/wp\/v2\/product\/1899","targetHints":{"allow":["GET"]}}],"collection":[{"href":"https:\/\/arcora.de\/de\/wp-json\/wp\/v2\/product"}],"about":[{"href":"https:\/\/arcora.de\/de\/wp-json\/wp\/v2\/types\/product"}],"wp:featuredmedia":[{"embeddable":true,"href":"https:\/\/arcora.de\/de\/wp-json\/wp\/v2\/media\/10608"}],"wp:attachment":[{"href":"https:\/\/arcora.de\/de\/wp-json\/wp\/v2\/media?parent=1899"}],"wp:term":[{"taxonomy":"product_brand","embeddable":true,"href":"https:\/\/arcora.de\/de\/wp-json\/wp\/v2\/product_brand?post=1899"},{"taxonomy":"product_cat","embeddable":true,"href":"https:\/\/arcora.de\/de\/wp-json\/wp\/v2\/product_cat?post=1899"},{"taxonomy":"product_tag","embeddable":true,"href":"https:\/\/arcora.de\/de\/wp-json\/wp\/v2\/product_tag?post=1899"}],"curies":[{"name":"wp","href":"https:\/\/api.w.org\/{rel}","templated":true}]}}