{"id":190,"date":"2016-03-24T15:49:54","date_gmt":"2016-03-24T14:49:54","guid":{"rendered":"https:\/\/arcora.de\/de\/arcora\/produkt\/profi-universaltuch-mit-noppenprofil\/"},"modified":"2025-10-24T09:02:36","modified_gmt":"2025-10-24T07:02:36","slug":"universaltuch","status":"publish","type":"product","link":"https:\/\/arcora.de\/de\/produkt\/universaltuch\/","title":{"rendered":"UNIVERSALTUCH 2.0"},"content":{"rendered":"<p>F\u00fcr die trockene und feuchte Reinigung aller leicht bis normal verschmutzten Oberfl\u00e4chen.<\/p>\n","protected":false},"excerpt":{"rendered":"<p><strong>UNIVERSELL EINSETZBAR UND SEHR SAUGSTARK<\/strong><\/p>\n<p>Das UNIVERSALTUCH 2.0 eignet sich ideal f\u00fcr die Reinigung aller glatten Oberfl\u00e4chen. Die besonders hohe Saugkraft sorgt f\u00fcr eine schnelle sowie gr\u00fcndliche Schmutz- und Wasseraufnahme. Es entfernt zuverl\u00e4ssig Schmutz, Staub und Feuchtigkeit &#8211; ohne Kratzer oder Streifen.<\/p>\n<p>\u2022 Vielseitig einsetzbar<br \/>\n\u2022 Beschichtetes Vlies: Enorm saugf\u00e4hig &amp; robust<br \/>\n\u2022 Fusselfreie &amp; streifenfreie Reinigung<br \/>\n\u2022 Schonend zur Oberfl\u00e4che<\/p>\n<p>&nbsp;<\/p>\n<p><a href=\"https:\/\/arcora.de\/de\/wp-content\/uploads\/2025\/04\/ARCORA_UNIVERSALTUCH-2.0.pdf\" target=\"_blank\" rel=\"noopener noreferrer\"><img loading=\"lazy\" decoding=\"async\" class=\"alignnone wp-image-6442\" src=\"https:\/\/arcora.de\/de\/wp-content\/uploads\/2019\/03\/Produkt.png\" alt=\"\" width=\"223\" height=\"38\" \/><\/a><\/p>\n","protected":false},"featured_media":15226,"template":"","meta":[],"product_brand":[],"product_cat":[67,139,152],"product_tag":[],"class_list":{"0":"post-190","1":"product","2":"type-product","3":"status-publish","4":"has-post-thumbnail","6":"product_cat-microfasertuecher","7":"product_cat-reinigungstextilien","8":"product_cat-universaltuch","10":"first","11":"instock","12":"shipping-taxable","13":"product-type-simple","14":"prodpage-classic"},"_links":{"self":[{"href":"https:\/\/arcora.de\/de\/wp-json\/wp\/v2\/product\/190","targetHints":{"allow":["GET"]}}],"collection":[{"href":"https:\/\/arcora.de\/de\/wp-json\/wp\/v2\/product"}],"about":[{"href":"https:\/\/arcora.de\/de\/wp-json\/wp\/v2\/types\/product"}],"wp:featuredmedia":[{"embeddable":true,"href":"https:\/\/arcora.de\/de\/wp-json\/wp\/v2\/media\/15226"}],"wp:attachment":[{"href":"https:\/\/arcora.de\/de\/wp-json\/wp\/v2\/media?parent=190"}],"wp:term":[{"taxonomy":"product_brand","embeddable":true,"href":"https:\/\/arcora.de\/de\/wp-json\/wp\/v2\/product_brand?post=190"},{"taxonomy":"product_cat","embeddable":true,"href":"https:\/\/arcora.de\/de\/wp-json\/wp\/v2\/product_cat?post=190"},{"taxonomy":"product_tag","embeddable":true,"href":"https:\/\/arcora.de\/de\/wp-json\/wp\/v2\/product_tag?post=190"}],"curies":[{"name":"wp","href":"https:\/\/api.w.org\/{rel}","templated":true}]}}