{"id":1906,"date":"2016-06-17T12:21:10","date_gmt":"2016-06-17T10:21:10","guid":{"rendered":"https:\/\/arcora.de\/de\/arcora\/produkt\/no4-citro-handspuelmittel\/"},"modified":"2022-03-25T14:08:18","modified_gmt":"2022-03-25T13:08:18","slug":"no5-citrus-allzweckreiniger","status":"publish","type":"product","link":"https:\/\/arcora.de\/de\/produkt\/no5-citrus-allzweckreiniger\/","title":{"rendered":"NO5 CITRUS ALLZWECKREINIGER"},"content":{"rendered":"<p><strong>Eigenschaften:<br \/>\n<\/strong>Wirkt kraftvoll, trocknet schnell, reinigt streifen- und r\u00fcckstandsfrei.<\/p>\n<ul>\n<li>Angenehmer Duft<\/li>\n<li>R\u00fcckstandsfrei<\/li>\n<li>Materialschonend<\/li>\n<\/ul>\n<p><strong>Anwendungsbereiche:<br \/>\n<\/strong>Vielseitig einsetzbar zur schonenden Reinigung aller abwaschbaren Fl\u00e4chen. Der ADS No5 CITRUS ALLZWECKREINIGER reinigt hervorragend lackierte T\u00fcren, Tische und B\u00fcrom\u00f6bel. Au\u00dferdem ist er f\u00fcr alle abwaschbaren Oberfl\u00e4chen, wie Fliesen, Marmor, Kalkstein, PVC, Keramik und Metall geeignet. In stark verd\u00fcnnter Form auch f\u00fcr die professionelle Glasreinigung geeignet.<\/p>\n","protected":false},"excerpt":{"rendered":"<p><strong>Citrusfrischer Unterhaltsreiniger<\/strong><br \/>\nUnterhaltsreiniger f\u00fcr alle harten und wasserfesten Oberfl\u00e4chen und Belagsarten.<\/p>\n<ul>\n<li>Sehr gute Reinigungsleistung<\/li>\n<\/ul>\n<p>&nbsp;<\/p>\n<p><a href=\"https:\/\/arcora.de\/de\/wp-content\/uploads\/2022\/03\/ADS-No5.pdf\" target=\"_blank\" rel=\"noopener noreferrer\"><img loading=\"lazy\" decoding=\"async\" class=\"alignnone wp-image-6442\" src=\"https:\/\/arcora.de\/de\/wp-content\/uploads\/2019\/03\/Produkt.png\" alt=\"\" width=\"223\" height=\"38\" \/><\/a><br \/>\n<a href=\"https:\/\/arcora.de\/de\/wp-content\/uploads\/2022\/03\/SDB_ADS-No-5-ALLZWECKREINIGER.pdf\" target=\"_blank\" rel=\"noopener noreferrer\"><img loading=\"lazy\" decoding=\"async\" class=\"alignnone wp-image-6442\" src=\"https:\/\/arcora.de\/de\/wp-content\/uploads\/2019\/03\/Sicherheit.png\" alt=\"\" width=\"223\" height=\"38\" \/><\/a><br \/>\n<a href=\"https:\/\/arcora.de\/de\/wp-content\/uploads\/2016\/04\/BA_ADS-No.5.pdf\" target=\"_blank\" rel=\"noopener noreferrer\"><img loading=\"lazy\" decoding=\"async\" class=\"alignnone wp-image-6442\" src=\"https:\/\/arcora.de\/de\/wp-content\/uploads\/2019\/03\/Betrieb.png\" alt=\"\" width=\"223\" height=\"38\" \/><\/a><\/p>\n","protected":false},"featured_media":11654,"template":"","meta":[],"product_brand":[],"product_cat":[62,50],"product_tag":[],"class_list":{"0":"post-1906","1":"product","2":"type-product","3":"status-publish","4":"has-post-thumbnail","6":"product_cat-adsbasicline","7":"product_cat-reinigungsundpflegemittel","9":"first","10":"instock","11":"shipping-taxable","12":"product-type-simple","13":"prodpage-classic"},"_links":{"self":[{"href":"https:\/\/arcora.de\/de\/wp-json\/wp\/v2\/product\/1906","targetHints":{"allow":["GET"]}}],"collection":[{"href":"https:\/\/arcora.de\/de\/wp-json\/wp\/v2\/product"}],"about":[{"href":"https:\/\/arcora.de\/de\/wp-json\/wp\/v2\/types\/product"}],"wp:featuredmedia":[{"embeddable":true,"href":"https:\/\/arcora.de\/de\/wp-json\/wp\/v2\/media\/11654"}],"wp:attachment":[{"href":"https:\/\/arcora.de\/de\/wp-json\/wp\/v2\/media?parent=1906"}],"wp:term":[{"taxonomy":"product_brand","embeddable":true,"href":"https:\/\/arcora.de\/de\/wp-json\/wp\/v2\/product_brand?post=1906"},{"taxonomy":"product_cat","embeddable":true,"href":"https:\/\/arcora.de\/de\/wp-json\/wp\/v2\/product_cat?post=1906"},{"taxonomy":"product_tag","embeddable":true,"href":"https:\/\/arcora.de\/de\/wp-json\/wp\/v2\/product_tag?post=1906"}],"curies":[{"name":"wp","href":"https:\/\/api.w.org\/{rel}","templated":true}]}}